{"id":2174,"date":"2023-03-06T11:37:29","date_gmt":"2023-03-06T11:37:29","guid":{"rendered":"https:\/\/bricer.pt\/produto\/tulipan-negro-champo-s-sulfatos-anti-frisados-emb-500ml\/"},"modified":"2023-04-17T08:01:18","modified_gmt":"2023-04-17T08:01:18","slug":"tulipan-negro-champo-s-sulfatos-anti-frisados-emb-500ml","status":"publish","type":"product","link":"https:\/\/bricer.pt\/?product=tulipan-negro-champo-s-sulfatos-anti-frisados-emb-500ml","title":{"rendered":"Tulip\u00e1n Negro Champ\u00f4 s\/ Sulfatos Anti-Frisados  Emb. 500ml"},"content":{"rendered":"<p><strong>Tulip\u00e1n Negro Champ\u00f4 s\/ Sulfatos Anti-Frisados<\/strong> Emb. 500ml.<\/p>\n<p>&nbsp;<\/p>\n<p><strong>Ingredientes<\/strong>: \u00c1gua; Cocamidopropil Beta\u00edna; Disodium Cocoyl Glutamale; Lauroil Sarcosinato de S\u00f3dio; Decil Glucos\u00eddeo; Cocoanfoscetato de S\u00f3dio; Isostearamide MIPA; Glicerina; Polyquaternium-10; Amido de milho hidrolisado com hidroxi-propiltrim\u00f3nio; \u00d3leo de semente de Helianthus annuus; Extrato de Semente de Amaranthus Caudatus; Extrato de folha de Rosmarinus Oficinalis; Extrato de Porphyra Umbilicalis; Goma de Caesalpinia Spinosa; Quaternium-22 de silicone; PPG-3 \u00e9ter mirist\u00edlico; Malato de Disistearil; Oleato de PEG-55 Propilenoglicol; Laurato de Glicerila; Propileno glicol;<\/p>\n","protected":false},"excerpt":{"rendered":"<p>Tulip\u00e1n Negro Champ\u00f4 s\/ Sulfatos Anti-Frisados Emb. 500ml. &nbsp; Ingredientes: \u00c1gua; Cocamidopropil Beta\u00edna; Disodium Cocoyl Glutamale; Lauroil Sarcosinato de S\u00f3dio; Decil Glucos\u00eddeo; Cocoanfoscetato de S\u00f3dio; Isostearamide MIPA; Glicerina; Polyquaternium-10; Amido de milho hidrolisado com hidroxi-propiltrim\u00f3nio; \u00d3leo de semente de Helianthus annuus; Extrato de Semente de Amaranthus Caudatus; Extrato de folha de Rosmarinus Oficinalis; Extrato de [&hellip;]<\/p>\n","protected":false},"featured_media":2175,"template":"","meta":[],"product_brand":[],"product_cat":[55,61],"product_tag":[],"class_list":{"0":"post-2174","1":"product","2":"type-product","3":"status-publish","4":"has-post-thumbnail","6":"product_cat-dph","7":"product_cat-higiene-e-beleza-cabelo","8":"pa_marcas-tulipan-negro","9":"pa_pais-espanha","11":"first","12":"instock","13":"taxable","14":"shipping-taxable","15":"product-type-simple"},"_links":{"self":[{"href":"https:\/\/bricer.pt\/index.php?rest_route=\/wp\/v2\/product\/2174","targetHints":{"allow":["GET"]}}],"collection":[{"href":"https:\/\/bricer.pt\/index.php?rest_route=\/wp\/v2\/product"}],"about":[{"href":"https:\/\/bricer.pt\/index.php?rest_route=\/wp\/v2\/types\/product"}],"wp:featuredmedia":[{"embeddable":true,"href":"https:\/\/bricer.pt\/index.php?rest_route=\/wp\/v2\/media\/2175"}],"wp:attachment":[{"href":"https:\/\/bricer.pt\/index.php?rest_route=%2Fwp%2Fv2%2Fmedia&parent=2174"}],"wp:term":[{"taxonomy":"product_brand","embeddable":true,"href":"https:\/\/bricer.pt\/index.php?rest_route=%2Fwp%2Fv2%2Fproduct_brand&post=2174"},{"taxonomy":"product_cat","embeddable":true,"href":"https:\/\/bricer.pt\/index.php?rest_route=%2Fwp%2Fv2%2Fproduct_cat&post=2174"},{"taxonomy":"product_tag","embeddable":true,"href":"https:\/\/bricer.pt\/index.php?rest_route=%2Fwp%2Fv2%2Fproduct_tag&post=2174"}],"curies":[{"name":"wp","href":"https:\/\/api.w.org\/{rel}","templated":true}]}}