{"id":2172,"date":"2023-03-06T11:37:29","date_gmt":"2023-03-06T11:37:29","guid":{"rendered":"https:\/\/bricer.pt\/produto\/tulipan-negro-champo-s-sulfatos-cuidado-suave-emb-500ml\/"},"modified":"2023-04-17T08:01:18","modified_gmt":"2023-04-17T08:01:18","slug":"tulipan-negro-champo-s-sulfatos-cuidado-suave-emb-500ml","status":"publish","type":"product","link":"https:\/\/bricer.pt\/?product=tulipan-negro-champo-s-sulfatos-cuidado-suave-emb-500ml","title":{"rendered":"Tulip\u00e1n Negro Champ\u00f4 s\/ Sulfatos Cuidado Suave  Emb. 500ml"},"content":{"rendered":"<p><strong>Tulip\u00e1n Negro Champ\u00f4 s\/ Sulfatos Cuidado Suave<\/strong> Emb. 500ml.<\/p>\n<p>&nbsp;<\/p>\n<p><strong>Ingredientes<\/strong>: \u00c1gua; Cocamidopropil Beta\u00edna; Disodium Cocoyl Glutamale; Lauroil Sarcosinato de S\u00f3dio; Decil Glucos\u00eddeo; Cocoanfoscetato de S\u00f3dio; Extrato de Flor\/Folha\/Caule de Agastache Mexicana; Extrato de folha de Aloe Barbadensis; Polyquaternium-10; Propanodiol; \u00c1lcool cet\u00edlico; Isostearyl Isostearate; Cetil Fosfato de Pot\u00e1ssio; Estearato de cetila; \u00c1cido este\u00e1rico; Isostearamide MIPA; Quaternium-22 de silicone; PPg-3 \u00e9ter mirist\u00edlico; Oleato de PEG-55 Propilenoglicol; Laurato de Glicerila; Propileno glicol; Perfume; \u00c1cido C\u00edtrico; \u00c1cido benz\u00f3ico; \u00c1cido s\u00f3rbico; \u00c1lcool benz\u00f3ico; Linalool; Salicilato de Benzila; \u00c1lcool benz\u00edlico; Citronelol; Butilfenilmetilpropional; Limonene; Alfasometil lonona; Hexyl Cinnamal; Geraniol; Citral; Eugenol; Benzoato de benzila; Coumarin.<\/p>\n","protected":false},"excerpt":{"rendered":"<p>Tulip\u00e1n Negro Champ\u00f4 s\/ Sulfatos Cuidado Suave Emb. 500ml. &nbsp; Ingredientes: \u00c1gua; Cocamidopropil Beta\u00edna; Disodium Cocoyl Glutamale; Lauroil Sarcosinato de S\u00f3dio; Decil Glucos\u00eddeo; Cocoanfoscetato de S\u00f3dio; Extrato de Flor\/Folha\/Caule de Agastache Mexicana; Extrato de folha de Aloe Barbadensis; Polyquaternium-10; Propanodiol; \u00c1lcool cet\u00edlico; Isostearyl Isostearate; Cetil Fosfato de Pot\u00e1ssio; Estearato de cetila; \u00c1cido este\u00e1rico; Isostearamide MIPA; [&hellip;]<\/p>\n","protected":false},"featured_media":2173,"template":"","meta":[],"product_brand":[],"product_cat":[55,61],"product_tag":[],"class_list":{"0":"post-2172","1":"product","2":"type-product","3":"status-publish","4":"has-post-thumbnail","6":"product_cat-dph","7":"product_cat-higiene-e-beleza-cabelo","8":"pa_marcas-tulipan-negro","9":"pa_pais-espanha","11":"first","12":"instock","13":"taxable","14":"shipping-taxable","15":"product-type-simple"},"_links":{"self":[{"href":"https:\/\/bricer.pt\/index.php?rest_route=\/wp\/v2\/product\/2172","targetHints":{"allow":["GET"]}}],"collection":[{"href":"https:\/\/bricer.pt\/index.php?rest_route=\/wp\/v2\/product"}],"about":[{"href":"https:\/\/bricer.pt\/index.php?rest_route=\/wp\/v2\/types\/product"}],"wp:featuredmedia":[{"embeddable":true,"href":"https:\/\/bricer.pt\/index.php?rest_route=\/wp\/v2\/media\/2173"}],"wp:attachment":[{"href":"https:\/\/bricer.pt\/index.php?rest_route=%2Fwp%2Fv2%2Fmedia&parent=2172"}],"wp:term":[{"taxonomy":"product_brand","embeddable":true,"href":"https:\/\/bricer.pt\/index.php?rest_route=%2Fwp%2Fv2%2Fproduct_brand&post=2172"},{"taxonomy":"product_cat","embeddable":true,"href":"https:\/\/bricer.pt\/index.php?rest_route=%2Fwp%2Fv2%2Fproduct_cat&post=2172"},{"taxonomy":"product_tag","embeddable":true,"href":"https:\/\/bricer.pt\/index.php?rest_route=%2Fwp%2Fv2%2Fproduct_tag&post=2172"}],"curies":[{"name":"wp","href":"https:\/\/api.w.org\/{rel}","templated":true}]}}