{"id":2164,"date":"2023-03-06T11:37:29","date_gmt":"2023-03-06T11:37:29","guid":{"rendered":"https:\/\/bricer.pt\/produto\/tulipan-negro-champo-extra-volume-emb-400ml\/"},"modified":"2023-04-17T08:01:18","modified_gmt":"2023-04-17T08:01:18","slug":"tulipan-negro-champo-extra-volume-emb-400ml","status":"publish","type":"product","link":"https:\/\/bricer.pt\/?product=tulipan-negro-champo-extra-volume-emb-400ml","title":{"rendered":"Tulip\u00e1n Negro Champ\u00f4 Extra Volume  Emb. 400ml"},"content":{"rendered":"<p><strong>Tulip\u00e1n Negro Champ\u00f4 Extra Volume<\/strong> Emb. 400ml.<\/p>\n<p>&nbsp;<\/p>\n<p><strong>Caracter\u00edsticas<\/strong>: Limpa suavemente proporcionando um efeito volumizador gra\u00e7as \u00e0 Creatina que melhora a sensa\u00e7\u00e3o dos cabelos danificados e alisa permanentemente a cut\u00edcula do cabelo. A sua f\u00f3rmula sem silicone n\u00e3o pesa, ajudando a manter por mais tempo o volume natural que a Creatina oferece. A sua fragr\u00e2ncia intensa inundar\u00e1 a sua casa de banho com sensa\u00e7\u00f5es intensas.<\/p>\n<p><strong>Ingredientes<\/strong>: \u00c1gua; Laureth Sulfato de S\u00f3dio; Cocamidopropil Beta\u00edna; Glicerina; Decil Glucos\u00eddeo; Laureth-2; Cloreto de S\u00f3dio; Creatina; Frang\u00e2ncia; \u00c9ter Dicapril; Oleato de glicerila; Geraniol Creatina; Cloreto de Hidroxipropiltrim\u00f4nio de Guar; \u00c1cido C\u00edtrico; Benzoato de S\u00f3dio; Copol\u00edmero de estireno \/ acrilato; Sorbato de pot\u00e1ssio; Hexyl Cinnamal; Polyquatemium-10; ; Citronelool.<\/p>\n","protected":false},"excerpt":{"rendered":"<p>Tulip\u00e1n Negro Champ\u00f4 Extra Volume Emb. 400ml. &nbsp; Caracter\u00edsticas: Limpa suavemente proporcionando um efeito volumizador gra\u00e7as \u00e0 Creatina que melhora a sensa\u00e7\u00e3o dos cabelos danificados e alisa permanentemente a cut\u00edcula do cabelo. A sua f\u00f3rmula sem silicone n\u00e3o pesa, ajudando a manter por mais tempo o volume natural que a Creatina oferece. A sua fragr\u00e2ncia [&hellip;]<\/p>\n","protected":false},"featured_media":2165,"template":"","meta":[],"product_brand":[],"product_cat":[55,61],"product_tag":[],"class_list":{"0":"post-2164","1":"product","2":"type-product","3":"status-publish","4":"has-post-thumbnail","6":"product_cat-dph","7":"product_cat-higiene-e-beleza-cabelo","8":"pa_marcas-tulipan-negro","9":"pa_pais-espanha","11":"first","12":"instock","13":"taxable","14":"shipping-taxable","15":"product-type-simple"},"_links":{"self":[{"href":"https:\/\/bricer.pt\/index.php?rest_route=\/wp\/v2\/product\/2164","targetHints":{"allow":["GET"]}}],"collection":[{"href":"https:\/\/bricer.pt\/index.php?rest_route=\/wp\/v2\/product"}],"about":[{"href":"https:\/\/bricer.pt\/index.php?rest_route=\/wp\/v2\/types\/product"}],"wp:featuredmedia":[{"embeddable":true,"href":"https:\/\/bricer.pt\/index.php?rest_route=\/wp\/v2\/media\/2165"}],"wp:attachment":[{"href":"https:\/\/bricer.pt\/index.php?rest_route=%2Fwp%2Fv2%2Fmedia&parent=2164"}],"wp:term":[{"taxonomy":"product_brand","embeddable":true,"href":"https:\/\/bricer.pt\/index.php?rest_route=%2Fwp%2Fv2%2Fproduct_brand&post=2164"},{"taxonomy":"product_cat","embeddable":true,"href":"https:\/\/bricer.pt\/index.php?rest_route=%2Fwp%2Fv2%2Fproduct_cat&post=2164"},{"taxonomy":"product_tag","embeddable":true,"href":"https:\/\/bricer.pt\/index.php?rest_route=%2Fwp%2Fv2%2Fproduct_tag&post=2164"}],"curies":[{"name":"wp","href":"https:\/\/api.w.org\/{rel}","templated":true}]}}