{"id":2162,"date":"2023-03-06T11:37:29","date_gmt":"2023-03-06T11:37:29","guid":{"rendered":"https:\/\/bricer.pt\/produto\/tulipan-negro-champo-anti-caspa-emb-400ml\/"},"modified":"2023-04-17T08:01:18","modified_gmt":"2023-04-17T08:01:18","slug":"tulipan-negro-champo-anti-caspa-emb-400ml","status":"publish","type":"product","link":"https:\/\/bricer.pt\/?product=tulipan-negro-champo-anti-caspa-emb-400ml","title":{"rendered":"Tulip\u00e1n Negro Champ\u00f4 Anti Caspa  Emb. 400ml"},"content":{"rendered":"<p><strong>Tulip\u00e1n Negro Champ\u00f4 Anti Caspa<\/strong> Emb. 400ml.<\/p>\n<p>&nbsp;<\/p>\n<p><strong>Caracter\u00edsticas<\/strong>: Rico em Climbazol, este champ\u00f4 ajuda a combater a origem da caspa desde a primeira lavagem, proporcionando sensa\u00e7\u00e3o de frescor, aliviando o ressecamento e as coceiras. Elimine a caspa com uma limpeza profunda, desfrutando de sua fragr\u00e2ncia intensa e duradoura.<\/p>\n<p><strong>Ingredientes<\/strong>: \u00c1gua; Laureth Sulfato de S\u00f3dio; Cocamidopropil Beta\u00edna; Glicerina; Decil Glucos\u00eddeo; Laureth-2; Cloreto de S\u00f3dio; Fragr\u00e2ncia; Climbazole; \u00c9ter Dicapril; Oleato de glicerila; Creatina; Cloreto de Hidroxipropiltrim\u00f4nio de Guar; \u00c1cido C\u00edtrico; Benzoato de S\u00f3dio; Copol\u00edmero de estireno \/ acrilato; Sorbato de pot\u00e1ssio; Hexyl Cinnamal; Linalool; Limonene; Citronelool; Salicilato de Benzila; Polyquatemium-10; Butilfenilmetilpropional.<\/p>\n","protected":false},"excerpt":{"rendered":"<p>Tulip\u00e1n Negro Champ\u00f4 Anti Caspa Emb. 400ml. &nbsp; Caracter\u00edsticas: Rico em Climbazol, este champ\u00f4 ajuda a combater a origem da caspa desde a primeira lavagem, proporcionando sensa\u00e7\u00e3o de frescor, aliviando o ressecamento e as coceiras. Elimine a caspa com uma limpeza profunda, desfrutando de sua fragr\u00e2ncia intensa e duradoura. Ingredientes: \u00c1gua; Laureth Sulfato de S\u00f3dio; [&hellip;]<\/p>\n","protected":false},"featured_media":2163,"template":"","meta":[],"product_brand":[],"product_cat":[55,61],"product_tag":[],"class_list":{"0":"post-2162","1":"product","2":"type-product","3":"status-publish","4":"has-post-thumbnail","6":"product_cat-dph","7":"product_cat-higiene-e-beleza-cabelo","8":"pa_marcas-tulipan-negro","9":"pa_pais-espanha","11":"first","12":"instock","13":"taxable","14":"shipping-taxable","15":"product-type-simple"},"_links":{"self":[{"href":"https:\/\/bricer.pt\/index.php?rest_route=\/wp\/v2\/product\/2162","targetHints":{"allow":["GET"]}}],"collection":[{"href":"https:\/\/bricer.pt\/index.php?rest_route=\/wp\/v2\/product"}],"about":[{"href":"https:\/\/bricer.pt\/index.php?rest_route=\/wp\/v2\/types\/product"}],"wp:featuredmedia":[{"embeddable":true,"href":"https:\/\/bricer.pt\/index.php?rest_route=\/wp\/v2\/media\/2163"}],"wp:attachment":[{"href":"https:\/\/bricer.pt\/index.php?rest_route=%2Fwp%2Fv2%2Fmedia&parent=2162"}],"wp:term":[{"taxonomy":"product_brand","embeddable":true,"href":"https:\/\/bricer.pt\/index.php?rest_route=%2Fwp%2Fv2%2Fproduct_brand&post=2162"},{"taxonomy":"product_cat","embeddable":true,"href":"https:\/\/bricer.pt\/index.php?rest_route=%2Fwp%2Fv2%2Fproduct_cat&post=2162"},{"taxonomy":"product_tag","embeddable":true,"href":"https:\/\/bricer.pt\/index.php?rest_route=%2Fwp%2Fv2%2Fproduct_tag&post=2162"}],"curies":[{"name":"wp","href":"https:\/\/api.w.org\/{rel}","templated":true}]}}