{"id":2160,"date":"2023-03-06T11:37:29","date_gmt":"2023-03-06T11:37:29","guid":{"rendered":"https:\/\/bricer.pt\/produto\/tulipan-negro-champo-antiqueda-envelhecimento-emb-400ml\/"},"modified":"2023-04-17T08:01:17","modified_gmt":"2023-04-17T08:01:17","slug":"tulipan-negro-champo-antiqueda-envelhecimento-emb-400ml","status":"publish","type":"product","link":"https:\/\/bricer.pt\/?product=tulipan-negro-champo-antiqueda-envelhecimento-emb-400ml","title":{"rendered":"Tulip\u00e1n Negro Champ\u00f4 Antiqueda &#038; Envelhecimento  Emb. 400ml"},"content":{"rendered":"<p><strong>Tulip\u00e1n Negro Champ\u00f4 Antiqueda &amp; Envelhecimento<\/strong> Emb. 400ml.<\/p>\n<p>&nbsp;<\/p>\n<p><strong>Caracter\u00edsticas<\/strong>: Feito com Cressatine, este champ\u00f4 rejuvenesce e retarda a queda de cabelo. Enriquecido em Queratina, o cabelo recupera e fortalece regenerando as c\u00e9lulas fracas que se acumulam nas camadas externas do fol\u00edculo capilar, obtendo assim cabelos que nascem mais fortes e se reestruturam com o uso.<\/p>\n<p><strong>Ingredientes<\/strong>: \u00c1gua; Laureth Sulfato de S\u00f3dio; Cocamidopropil Beta\u00edna; Glicerina; Laureth-2; Cloreto de S\u00f3dio; Decil Glucos\u00eddeo; Frag\u00e2ncia; \u00c9ter Dicapril; Oleato de glicerila; Creatina; Cloreto de Hidroxipropiltrim\u00f4nio de Guar; \u00c1cido C\u00edtrico; Benzoato de S\u00f3dio; Copol\u00edmero de estireno \/ acrilato; Sorbato de pot\u00e1ssio; Salicilato de Benzila; Polyquatemium-10; Butilfenilmetilpropional; Linalool; Extrato de chagas officinale; Extrato de Tropaeolum Majus.<\/p>\n<p>&nbsp;<\/p>\n<p>&nbsp;<\/p>\n","protected":false},"excerpt":{"rendered":"<p>Tulip\u00e1n Negro Champ\u00f4 Antiqueda &amp; Envelhecimento Emb. 400ml. &nbsp; Caracter\u00edsticas: Feito com Cressatine, este champ\u00f4 rejuvenesce e retarda a queda de cabelo. Enriquecido em Queratina, o cabelo recupera e fortalece regenerando as c\u00e9lulas fracas que se acumulam nas camadas externas do fol\u00edculo capilar, obtendo assim cabelos que nascem mais fortes e se reestruturam com o [&hellip;]<\/p>\n","protected":false},"featured_media":2161,"template":"","meta":[],"product_brand":[],"product_cat":[55,61],"product_tag":[],"class_list":{"0":"post-2160","1":"product","2":"type-product","3":"status-publish","4":"has-post-thumbnail","6":"product_cat-dph","7":"product_cat-higiene-e-beleza-cabelo","8":"pa_marcas-tulipan-negro","9":"pa_pais-espanha","11":"first","12":"instock","13":"taxable","14":"shipping-taxable","15":"product-type-simple"},"_links":{"self":[{"href":"https:\/\/bricer.pt\/index.php?rest_route=\/wp\/v2\/product\/2160","targetHints":{"allow":["GET"]}}],"collection":[{"href":"https:\/\/bricer.pt\/index.php?rest_route=\/wp\/v2\/product"}],"about":[{"href":"https:\/\/bricer.pt\/index.php?rest_route=\/wp\/v2\/types\/product"}],"wp:featuredmedia":[{"embeddable":true,"href":"https:\/\/bricer.pt\/index.php?rest_route=\/wp\/v2\/media\/2161"}],"wp:attachment":[{"href":"https:\/\/bricer.pt\/index.php?rest_route=%2Fwp%2Fv2%2Fmedia&parent=2160"}],"wp:term":[{"taxonomy":"product_brand","embeddable":true,"href":"https:\/\/bricer.pt\/index.php?rest_route=%2Fwp%2Fv2%2Fproduct_brand&post=2160"},{"taxonomy":"product_cat","embeddable":true,"href":"https:\/\/bricer.pt\/index.php?rest_route=%2Fwp%2Fv2%2Fproduct_cat&post=2160"},{"taxonomy":"product_tag","embeddable":true,"href":"https:\/\/bricer.pt\/index.php?rest_route=%2Fwp%2Fv2%2Fproduct_tag&post=2160"}],"curies":[{"name":"wp","href":"https:\/\/api.w.org\/{rel}","templated":true}]}}