{"id":2146,"date":"2023-03-06T11:37:29","date_gmt":"2023-03-06T11:37:29","guid":{"rendered":"https:\/\/bricer.pt\/produto\/tulipan-negro-gel-de-banho-coco-branco-puro-emb-720ml\/"},"modified":"2023-04-17T08:01:17","modified_gmt":"2023-04-17T08:01:17","slug":"tulipan-negro-gel-de-banho-coco-branco-puro-emb-720ml","status":"publish","type":"product","link":"https:\/\/bricer.pt\/?product=tulipan-negro-gel-de-banho-coco-branco-puro-emb-720ml","title":{"rendered":"Tulip\u00e1n Negro Gel de Banho Coco Branco Puro   Emb. 720ml"},"content":{"rendered":"<p><strong>Tulip\u00e1n Negro Gel de Banho Coco Branco Puro<\/strong> Emb. 720ml.<\/p>\n<p>&nbsp;<\/p>\n<p><strong>Caracter\u00edsticas<\/strong>: Com este gel de banho, a sua pele vai sentir-se cuidada, protegida e hidratada gra\u00e7as aos agentes hidratantes presentes no coco. Sua textura rica e cremosa acompanhada por sua deliciosa fragr\u00e2ncia far\u00e3o do momento do banho um momento \u00fanico e especial. Cuide da sua pele com este gel sensacional.<\/p>\n<p><strong>Ingredientes<\/strong>: \u00c1gua; Sulfato de s\u00f3dio Laureth; Cocamidopropil Beta\u00edna; Cloreto de S\u00f3dio; Copol\u00edmero de estireno\/acrilatos; Fragr\u00e2ncia; Benzoato de S\u00f3dio; \u00c1cido C\u00edtrico; Sorbato de pot\u00e1ssio; PEG-200 Gliceril Palmato Hidrogenado; PEG-7 Gliceril Cocoato; Polyquaternium-7; Propileno glicol; Oleato de PEG-55 Propilenoglicol; Salicilato de Venzila; Hexyl Cinnamal; \u00c1lcool benz\u00edlico; Cumarina; Linalool.<\/p>\n","protected":false},"excerpt":{"rendered":"<p>Tulip\u00e1n Negro Gel de Banho Coco Branco Puro Emb. 720ml. &nbsp; Caracter\u00edsticas: Com este gel de banho, a sua pele vai sentir-se cuidada, protegida e hidratada gra\u00e7as aos agentes hidratantes presentes no coco. Sua textura rica e cremosa acompanhada por sua deliciosa fragr\u00e2ncia far\u00e3o do momento do banho um momento \u00fanico e especial. Cuide da [&hellip;]<\/p>\n","protected":false},"featured_media":2147,"template":"","meta":[],"product_brand":[],"product_cat":[55,64],"product_tag":[],"class_list":{"0":"post-2146","1":"product","2":"type-product","3":"status-publish","4":"has-post-thumbnail","6":"product_cat-dph","7":"product_cat-higiene-e-beleza-corpo","8":"pa_marcas-tulipan-negro","9":"pa_pais-espanha","11":"first","12":"instock","13":"taxable","14":"shipping-taxable","15":"product-type-simple"},"_links":{"self":[{"href":"https:\/\/bricer.pt\/index.php?rest_route=\/wp\/v2\/product\/2146","targetHints":{"allow":["GET"]}}],"collection":[{"href":"https:\/\/bricer.pt\/index.php?rest_route=\/wp\/v2\/product"}],"about":[{"href":"https:\/\/bricer.pt\/index.php?rest_route=\/wp\/v2\/types\/product"}],"wp:featuredmedia":[{"embeddable":true,"href":"https:\/\/bricer.pt\/index.php?rest_route=\/wp\/v2\/media\/2147"}],"wp:attachment":[{"href":"https:\/\/bricer.pt\/index.php?rest_route=%2Fwp%2Fv2%2Fmedia&parent=2146"}],"wp:term":[{"taxonomy":"product_brand","embeddable":true,"href":"https:\/\/bricer.pt\/index.php?rest_route=%2Fwp%2Fv2%2Fproduct_brand&post=2146"},{"taxonomy":"product_cat","embeddable":true,"href":"https:\/\/bricer.pt\/index.php?rest_route=%2Fwp%2Fv2%2Fproduct_cat&post=2146"},{"taxonomy":"product_tag","embeddable":true,"href":"https:\/\/bricer.pt\/index.php?rest_route=%2Fwp%2Fv2%2Fproduct_tag&post=2146"}],"curies":[{"name":"wp","href":"https:\/\/api.w.org\/{rel}","templated":true}]}}