{"id":2142,"date":"2023-03-06T11:37:29","date_gmt":"2023-03-06T11:37:29","guid":{"rendered":"https:\/\/bricer.pt\/produto\/tulipan-negro-gel-de-banho-creme-de-sabao-emb-720ml\/"},"modified":"2023-04-17T08:01:17","modified_gmt":"2023-04-17T08:01:17","slug":"tulipan-negro-gel-de-banho-creme-de-sabao-emb-720ml","status":"publish","type":"product","link":"https:\/\/bricer.pt\/?product=tulipan-negro-gel-de-banho-creme-de-sabao-emb-720ml","title":{"rendered":"Tulip\u00e1n Negro Gel de Banho Creme de Sab\u00e3o  Emb. 720ml"},"content":{"rendered":"<p><strong>Tulip\u00e1n Negro Gel de Banho Creme de Sab\u00e3o<\/strong> Emb. 720ml.<\/p>\n<p>&nbsp;<\/p>\n<p><strong>Caracter\u00edsticas<\/strong>: Incorpora na sua f\u00f3rmula Glicerina e Vitamina E, que proporcionam hidrata\u00e7\u00e3o e maciez extra \u00e0 pele, ajudando a regenerar gra\u00e7as ao poder desta Vitamina. Juntamente com a Glicerina, proporcionam um efeito anti-envelhecimento que mant\u00e9m a pele radiante e hidratada. Sua agrad\u00e1vel fragr\u00e2ncia permitir\u00e1 que voc\u00ea desfrute do prazer de tomar banho todos os dias.<\/p>\n<p><strong>Ingredientes<\/strong>: \u00c1gua; Sulfato de s\u00f3dio Laureth; Cocamidopropil Beta\u00edna; Cloreto de S\u00f3dio; Copol\u00edmero estireno acrilatos; Fragr\u00e2ncia; Benzoato de S\u00f3dio; Sorbato de pot\u00e1ssio; \u00c1cido C\u00edtrico; PEG-200 Gliceril Palmato Hidrogenado; PEG-7 gliceril cocoato; Glicerina; Acetato de tocoferol; Polyquaternium-7; Propileno glicol; Oleato de PEG-55 Propilenoglicol; Linalool; Hidroxicitronelal; Butilfenilmetilpropional; Hexyl Cinnamal.<\/p>\n","protected":false},"excerpt":{"rendered":"<p>Tulip\u00e1n Negro Gel de Banho Creme de Sab\u00e3o Emb. 720ml. &nbsp; Caracter\u00edsticas: Incorpora na sua f\u00f3rmula Glicerina e Vitamina E, que proporcionam hidrata\u00e7\u00e3o e maciez extra \u00e0 pele, ajudando a regenerar gra\u00e7as ao poder desta Vitamina. Juntamente com a Glicerina, proporcionam um efeito anti-envelhecimento que mant\u00e9m a pele radiante e hidratada. Sua agrad\u00e1vel fragr\u00e2ncia permitir\u00e1 [&hellip;]<\/p>\n","protected":false},"featured_media":2143,"template":"","meta":[],"product_brand":[],"product_cat":[55,64],"product_tag":[],"class_list":{"0":"post-2142","1":"product","2":"type-product","3":"status-publish","4":"has-post-thumbnail","6":"product_cat-dph","7":"product_cat-higiene-e-beleza-corpo","8":"pa_marcas-tulipan-negro","9":"pa_pais-espanha","11":"first","12":"instock","13":"taxable","14":"shipping-taxable","15":"product-type-simple"},"_links":{"self":[{"href":"https:\/\/bricer.pt\/index.php?rest_route=\/wp\/v2\/product\/2142","targetHints":{"allow":["GET"]}}],"collection":[{"href":"https:\/\/bricer.pt\/index.php?rest_route=\/wp\/v2\/product"}],"about":[{"href":"https:\/\/bricer.pt\/index.php?rest_route=\/wp\/v2\/types\/product"}],"wp:featuredmedia":[{"embeddable":true,"href":"https:\/\/bricer.pt\/index.php?rest_route=\/wp\/v2\/media\/2143"}],"wp:attachment":[{"href":"https:\/\/bricer.pt\/index.php?rest_route=%2Fwp%2Fv2%2Fmedia&parent=2142"}],"wp:term":[{"taxonomy":"product_brand","embeddable":true,"href":"https:\/\/bricer.pt\/index.php?rest_route=%2Fwp%2Fv2%2Fproduct_brand&post=2142"},{"taxonomy":"product_cat","embeddable":true,"href":"https:\/\/bricer.pt\/index.php?rest_route=%2Fwp%2Fv2%2Fproduct_cat&post=2142"},{"taxonomy":"product_tag","embeddable":true,"href":"https:\/\/bricer.pt\/index.php?rest_route=%2Fwp%2Fv2%2Fproduct_tag&post=2142"}],"curies":[{"name":"wp","href":"https:\/\/api.w.org\/{rel}","templated":true}]}}