{"id":2138,"date":"2023-03-06T11:37:23","date_gmt":"2023-03-06T11:37:23","guid":{"rendered":"https:\/\/bricer.pt\/produto\/tulipan-negro-gel-de-banho-protecao-do-ozono-emb-720ml\/"},"modified":"2023-04-17T08:01:15","modified_gmt":"2023-04-17T08:01:15","slug":"tulipan-negro-gel-de-banho-protecao-do-ozono-emb-720ml","status":"publish","type":"product","link":"https:\/\/bricer.pt\/?product=tulipan-negro-gel-de-banho-protecao-do-ozono-emb-720ml","title":{"rendered":"Tulip\u00e1n Negro Gel de Banho Prote\u00e7\u00e3o do Ozono  Emb. 720ml"},"content":{"rendered":"<p><strong>Tulip\u00e1n Negro Gel de Banho Prote\u00e7\u00e3o do Ozono<\/strong> Emb. 720ml.<\/p>\n<p>&nbsp;<\/p>\n<p><strong>Caracter\u00edsticas<\/strong>: Este novo gel de banho ajuda a melhorar o aspecto da pele gra\u00e7as \u00e0 ozoniza\u00e7\u00e3o dos seus ingredientes, conferindo-lhe um efeito antioxidante, nutritivo e suavizante.<\/p>\n<p><strong>Ingredientes<\/strong>: \u00c1gua; Sulfato de s\u00f3dio Laureth; Cocamidopropil Beta\u00edna; Cloreto de S\u00f3dio; Copol\u00edmero de estireno\/acrilatos; Polyquaternium-7; Fragr\u00e2ncia; \u00c1lcool benz\u00edlico; \u00c1cido benz\u00f3ico; \u00c1cido s\u00f3rbico; PEG-200 Gliceril Palmato Hidrogenado; PEG-7 Gliceril Cocoato; Oleato de PEG-55 Propilenoglicol; Glicerina Ozonizada; \u00c1cido C\u00edtrico; C.I. 42090; Cumarina; Linalool;Hidroxilsohexil 3-ciclohexeno carboxalde\u00eddo; Butilfenilmetilpropional; Alfa-isometil lonone.<\/p>\n","protected":false},"excerpt":{"rendered":"<p>Tulip\u00e1n Negro Gel de Banho Prote\u00e7\u00e3o do Ozono Emb. 720ml. &nbsp; Caracter\u00edsticas: Este novo gel de banho ajuda a melhorar o aspecto da pele gra\u00e7as \u00e0 ozoniza\u00e7\u00e3o dos seus ingredientes, conferindo-lhe um efeito antioxidante, nutritivo e suavizante. Ingredientes: \u00c1gua; Sulfato de s\u00f3dio Laureth; Cocamidopropil Beta\u00edna; Cloreto de S\u00f3dio; Copol\u00edmero de estireno\/acrilatos; Polyquaternium-7; Fragr\u00e2ncia; \u00c1lcool benz\u00edlico; [&hellip;]<\/p>\n","protected":false},"featured_media":2139,"template":"","meta":[],"product_brand":[],"product_cat":[55,64],"product_tag":[],"class_list":{"0":"post-2138","1":"product","2":"type-product","3":"status-publish","4":"has-post-thumbnail","6":"product_cat-dph","7":"product_cat-higiene-e-beleza-corpo","8":"pa_marcas-tulipan-negro","9":"pa_pais-espanha","11":"first","12":"instock","13":"taxable","14":"shipping-taxable","15":"product-type-simple"},"_links":{"self":[{"href":"https:\/\/bricer.pt\/index.php?rest_route=\/wp\/v2\/product\/2138","targetHints":{"allow":["GET"]}}],"collection":[{"href":"https:\/\/bricer.pt\/index.php?rest_route=\/wp\/v2\/product"}],"about":[{"href":"https:\/\/bricer.pt\/index.php?rest_route=\/wp\/v2\/types\/product"}],"wp:featuredmedia":[{"embeddable":true,"href":"https:\/\/bricer.pt\/index.php?rest_route=\/wp\/v2\/media\/2139"}],"wp:attachment":[{"href":"https:\/\/bricer.pt\/index.php?rest_route=%2Fwp%2Fv2%2Fmedia&parent=2138"}],"wp:term":[{"taxonomy":"product_brand","embeddable":true,"href":"https:\/\/bricer.pt\/index.php?rest_route=%2Fwp%2Fv2%2Fproduct_brand&post=2138"},{"taxonomy":"product_cat","embeddable":true,"href":"https:\/\/bricer.pt\/index.php?rest_route=%2Fwp%2Fv2%2Fproduct_cat&post=2138"},{"taxonomy":"product_tag","embeddable":true,"href":"https:\/\/bricer.pt\/index.php?rest_route=%2Fwp%2Fv2%2Fproduct_tag&post=2138"}],"curies":[{"name":"wp","href":"https:\/\/api.w.org\/{rel}","templated":true}]}}