{"id":2136,"date":"2023-03-06T11:37:23","date_gmt":"2023-03-06T11:37:23","guid":{"rendered":"https:\/\/bricer.pt\/produto\/tulipan-negro-gel-de-banho-wasabi-emb-720ml\/"},"modified":"2023-04-17T08:01:15","modified_gmt":"2023-04-17T08:01:15","slug":"tulipan-negro-gel-de-banho-wasabi-emb-720ml","status":"publish","type":"product","link":"https:\/\/bricer.pt\/?product=tulipan-negro-gel-de-banho-wasabi-emb-720ml","title":{"rendered":"Tulip\u00e1n Negro Gel de Banho Wasabi  Emb. 720ml"},"content":{"rendered":"<p><strong>Tulip\u00e1n Negro Gel de Banho Wasabi<\/strong> Emb. 720ml.<\/p>\n<p>&nbsp;<\/p>\n<p><strong>Caracter\u00edsticas<\/strong>: Possui extrato vegetal da planta japonesa Wasabi. Sua f\u00f3rmula enriquecida com antioxidantes naturais proporcionar\u00e1 sensa\u00e7\u00e3o de frescor e prote\u00e7\u00e3o, ajudando no rejuvenescimento da pele.<\/p>\n<p><strong>Ingredientes<\/strong>: \u00c1gua; Sulfato de s\u00f3dio Laureth; Cocamidopropil Beta\u00edna; Cloreto de S\u00f3dio; Copol\u00edmero de estireno \/ acrilatos; Polyquaternium-7; Fragr\u00e2ncia; Benzoato de S\u00f3dio; Sorbato de pot\u00e1ssio; \u00c1cido l\u00e1tico; PEG-200 Gliceril Palmato Hidrogenado; PEG-7 gliceril cocoato; Oleato de PEG-55 Propilenoglicol; Extrato de raiz de Wasabia Japonica Butilfenilmetilpropional; Linalool; Hexyl Cinnamal; C.I. 47005; C.I. 19140; C.I. 28440; C.I. 42051.<\/p>\n","protected":false},"excerpt":{"rendered":"<p>Tulip\u00e1n Negro Gel de Banho Wasabi Emb. 720ml. &nbsp; Caracter\u00edsticas: Possui extrato vegetal da planta japonesa Wasabi. Sua f\u00f3rmula enriquecida com antioxidantes naturais proporcionar\u00e1 sensa\u00e7\u00e3o de frescor e prote\u00e7\u00e3o, ajudando no rejuvenescimento da pele. Ingredientes: \u00c1gua; Sulfato de s\u00f3dio Laureth; Cocamidopropil Beta\u00edna; Cloreto de S\u00f3dio; Copol\u00edmero de estireno \/ acrilatos; Polyquaternium-7; Fragr\u00e2ncia; Benzoato de S\u00f3dio; [&hellip;]<\/p>\n","protected":false},"featured_media":2137,"template":"","meta":[],"product_brand":[],"product_cat":[55,64],"product_tag":[],"class_list":{"0":"post-2136","1":"product","2":"type-product","3":"status-publish","4":"has-post-thumbnail","6":"product_cat-dph","7":"product_cat-higiene-e-beleza-corpo","8":"pa_marcas-tulipan-negro","9":"pa_pais-espanha","11":"first","12":"instock","13":"taxable","14":"shipping-taxable","15":"product-type-simple"},"_links":{"self":[{"href":"https:\/\/bricer.pt\/index.php?rest_route=\/wp\/v2\/product\/2136","targetHints":{"allow":["GET"]}}],"collection":[{"href":"https:\/\/bricer.pt\/index.php?rest_route=\/wp\/v2\/product"}],"about":[{"href":"https:\/\/bricer.pt\/index.php?rest_route=\/wp\/v2\/types\/product"}],"wp:featuredmedia":[{"embeddable":true,"href":"https:\/\/bricer.pt\/index.php?rest_route=\/wp\/v2\/media\/2137"}],"wp:attachment":[{"href":"https:\/\/bricer.pt\/index.php?rest_route=%2Fwp%2Fv2%2Fmedia&parent=2136"}],"wp:term":[{"taxonomy":"product_brand","embeddable":true,"href":"https:\/\/bricer.pt\/index.php?rest_route=%2Fwp%2Fv2%2Fproduct_brand&post=2136"},{"taxonomy":"product_cat","embeddable":true,"href":"https:\/\/bricer.pt\/index.php?rest_route=%2Fwp%2Fv2%2Fproduct_cat&post=2136"},{"taxonomy":"product_tag","embeddable":true,"href":"https:\/\/bricer.pt\/index.php?rest_route=%2Fwp%2Fv2%2Fproduct_tag&post=2136"}],"curies":[{"name":"wp","href":"https:\/\/api.w.org\/{rel}","templated":true}]}}