{"id":2134,"date":"2023-03-06T11:37:23","date_gmt":"2023-03-06T11:37:23","guid":{"rendered":"https:\/\/bricer.pt\/produto\/tulipan-negro-gel-de-banho-baunilha-macadamia-emb-720ml\/"},"modified":"2023-04-17T08:01:15","modified_gmt":"2023-04-17T08:01:15","slug":"tulipan-negro-gel-de-banho-baunilha-macadamia-emb-720ml","status":"publish","type":"product","link":"https:\/\/bricer.pt\/?product=tulipan-negro-gel-de-banho-baunilha-macadamia-emb-720ml","title":{"rendered":"Tulip\u00e1n Negro Gel de Banho Baunilha &#038; Macadamia  Emb. 720ml"},"content":{"rendered":"<p><strong>Tulip\u00e1n Negro Gel de Banho Baunilha &amp; Macadamia<\/strong> Emb. 720ml.<\/p>\n<p>&nbsp;<\/p>\n<p><strong>Caracter\u00edsticas<\/strong>: O novo gel de banho Baunilha &amp; Macad\u00e2mia incorpora as propriedades humectantes da Baunilha, que com as Nozes de Macad\u00e2mia, actuam como agentes condicionadores, ajudando a recuperar a hidrata\u00e7\u00e3o da pele e manter a camada protetora. Sonhe com o seu doce aroma e envolva a sua pele na deliciosa frag\u00e2ncia.<\/p>\n<p><strong>Ingredientes<\/strong>: \u00c1gua (Water); Sodium Laureth Sulfate; Cocamidopropyl Betaine; Sodium Chloride; Styrene\/ Acrylates Copolymer; Parfum (Fragrance); Polyquaternium-7; Sodium Benzoate; Potassium Sorbate; Citric Acid; PEG-200 Hydrogenated Glyceryl Palmate; PEG-7 Glyceryl Cocoate; PEG-55 Propylene Glycol Oleate; Propylene Glycol; Vanilla Planifolia Extract; PEG-16 Macadamia Glycerides; CI 47005; CI 15985.<\/p>\n<p>&nbsp;<\/p>\n","protected":false},"excerpt":{"rendered":"<p>Tulip\u00e1n Negro Gel de Banho Baunilha &amp; Macadamia Emb. 720ml. &nbsp; Caracter\u00edsticas: O novo gel de banho Baunilha &amp; Macad\u00e2mia incorpora as propriedades humectantes da Baunilha, que com as Nozes de Macad\u00e2mia, actuam como agentes condicionadores, ajudando a recuperar a hidrata\u00e7\u00e3o da pele e manter a camada protetora. Sonhe com o seu doce aroma e [&hellip;]<\/p>\n","protected":false},"featured_media":2135,"template":"","meta":[],"product_brand":[],"product_cat":[55,64],"product_tag":[],"class_list":{"0":"post-2134","1":"product","2":"type-product","3":"status-publish","4":"has-post-thumbnail","6":"product_cat-dph","7":"product_cat-higiene-e-beleza-corpo","8":"pa_marcas-tulipan-negro","9":"pa_pais-espanha","11":"first","12":"instock","13":"taxable","14":"shipping-taxable","15":"product-type-simple"},"_links":{"self":[{"href":"https:\/\/bricer.pt\/index.php?rest_route=\/wp\/v2\/product\/2134","targetHints":{"allow":["GET"]}}],"collection":[{"href":"https:\/\/bricer.pt\/index.php?rest_route=\/wp\/v2\/product"}],"about":[{"href":"https:\/\/bricer.pt\/index.php?rest_route=\/wp\/v2\/types\/product"}],"wp:featuredmedia":[{"embeddable":true,"href":"https:\/\/bricer.pt\/index.php?rest_route=\/wp\/v2\/media\/2135"}],"wp:attachment":[{"href":"https:\/\/bricer.pt\/index.php?rest_route=%2Fwp%2Fv2%2Fmedia&parent=2134"}],"wp:term":[{"taxonomy":"product_brand","embeddable":true,"href":"https:\/\/bricer.pt\/index.php?rest_route=%2Fwp%2Fv2%2Fproduct_brand&post=2134"},{"taxonomy":"product_cat","embeddable":true,"href":"https:\/\/bricer.pt\/index.php?rest_route=%2Fwp%2Fv2%2Fproduct_cat&post=2134"},{"taxonomy":"product_tag","embeddable":true,"href":"https:\/\/bricer.pt\/index.php?rest_route=%2Fwp%2Fv2%2Fproduct_tag&post=2134"}],"curies":[{"name":"wp","href":"https:\/\/api.w.org\/{rel}","templated":true}]}}