{"id":2132,"date":"2023-03-06T11:37:23","date_gmt":"2023-03-06T11:37:23","guid":{"rendered":"https:\/\/bricer.pt\/produto\/tulipan-negro-gel-de-banho-morangos-natas-emb-720ml\/"},"modified":"2023-04-17T08:01:15","modified_gmt":"2023-04-17T08:01:15","slug":"tulipan-negro-gel-de-banho-morangos-natas-emb-720ml","status":"publish","type":"product","link":"https:\/\/bricer.pt\/?product=tulipan-negro-gel-de-banho-morangos-natas-emb-720ml","title":{"rendered":"Tulip\u00e1n Negro Gel de Banho Morangos &#038; Natas  Emb. 720ml"},"content":{"rendered":"<p><strong>Tulip\u00e1n Negro Gel de Banho Morangos &amp; Natas<\/strong> Emb. 720ml.<\/p>\n<p>&nbsp;<\/p>\n<p><strong>Caracter\u00edsticas<\/strong>: Incorpora os princ\u00edpios higrosc\u00f3picos do morango, contribuindo para a hidrata\u00e7\u00e3o da pele e preservando os n\u00edveis de nutri\u00e7\u00e3o. O creme proporciona toda a suavidade e cremosidade necess\u00e1rias \u00e0 elasticidade da sua pele.<\/p>\n<p><strong>Ingredientes<\/strong>: \u00c1gua; Sulfato de s\u00f3dio Laureth; Cocamidopropil Beta\u00edna; Cloreto de S\u00f3dio; Copol\u00edmero de estireno \/ acrilatos; Polyquaternium-7; Fragr\u00e2ncia; Benzoato de S\u00f3dio; Sorbato de pot\u00e1ssio; \u00c1cido C\u00edtrico; PEG-200 Gliceril Palmato Hidrogenado PEG-7 Gliceril Cocoato; Glicerina; Oleato de PEG-55 Propilenoglicol; Propilenoglicol; Extrato de Fruta Fragaria Ananassa; Limonene; C.I. 18050.<\/p>\n","protected":false},"excerpt":{"rendered":"<p>Tulip\u00e1n Negro Gel de Banho Morangos &amp; Natas Emb. 720ml. &nbsp; Caracter\u00edsticas: Incorpora os princ\u00edpios higrosc\u00f3picos do morango, contribuindo para a hidrata\u00e7\u00e3o da pele e preservando os n\u00edveis de nutri\u00e7\u00e3o. O creme proporciona toda a suavidade e cremosidade necess\u00e1rias \u00e0 elasticidade da sua pele. Ingredientes: \u00c1gua; Sulfato de s\u00f3dio Laureth; Cocamidopropil Beta\u00edna; Cloreto de S\u00f3dio; [&hellip;]<\/p>\n","protected":false},"featured_media":2133,"template":"","meta":[],"product_brand":[],"product_cat":[55,64],"product_tag":[],"class_list":{"0":"post-2132","1":"product","2":"type-product","3":"status-publish","4":"has-post-thumbnail","6":"product_cat-dph","7":"product_cat-higiene-e-beleza-corpo","8":"pa_marcas-tulipan-negro","9":"pa_pais-espanha","11":"first","12":"instock","13":"taxable","14":"shipping-taxable","15":"product-type-simple"},"_links":{"self":[{"href":"https:\/\/bricer.pt\/index.php?rest_route=\/wp\/v2\/product\/2132","targetHints":{"allow":["GET"]}}],"collection":[{"href":"https:\/\/bricer.pt\/index.php?rest_route=\/wp\/v2\/product"}],"about":[{"href":"https:\/\/bricer.pt\/index.php?rest_route=\/wp\/v2\/types\/product"}],"wp:featuredmedia":[{"embeddable":true,"href":"https:\/\/bricer.pt\/index.php?rest_route=\/wp\/v2\/media\/2133"}],"wp:attachment":[{"href":"https:\/\/bricer.pt\/index.php?rest_route=%2Fwp%2Fv2%2Fmedia&parent=2132"}],"wp:term":[{"taxonomy":"product_brand","embeddable":true,"href":"https:\/\/bricer.pt\/index.php?rest_route=%2Fwp%2Fv2%2Fproduct_brand&post=2132"},{"taxonomy":"product_cat","embeddable":true,"href":"https:\/\/bricer.pt\/index.php?rest_route=%2Fwp%2Fv2%2Fproduct_cat&post=2132"},{"taxonomy":"product_tag","embeddable":true,"href":"https:\/\/bricer.pt\/index.php?rest_route=%2Fwp%2Fv2%2Fproduct_tag&post=2132"}],"curies":[{"name":"wp","href":"https:\/\/api.w.org\/{rel}","templated":true}]}}