{"id":2126,"date":"2023-03-06T11:37:23","date_gmt":"2023-03-06T11:37:23","guid":{"rendered":"https:\/\/bricer.pt\/produto\/tulipan-negro-gel-de-banho-morangos-cerejas-emb-720ml\/"},"modified":"2023-04-17T08:01:15","modified_gmt":"2023-04-17T08:01:15","slug":"tulipan-negro-gel-de-banho-morangos-cerejas-emb-720ml","status":"publish","type":"product","link":"https:\/\/bricer.pt\/?product=tulipan-negro-gel-de-banho-morangos-cerejas-emb-720ml","title":{"rendered":"Tulip\u00e1n Negro Gel de Banho Morangos &#038; Cerejas  Emb. 720ml"},"content":{"rendered":"<p><strong>Tulip\u00e1n Negro Gel de Banho Morangos &amp; Cerejas<\/strong> Emb. 720ml.<\/p>\n<p>&nbsp;<\/p>\n<p><strong>Caracter\u00edsticas<\/strong>: Incorpora extratos de Morango e Cereja em sua f\u00f3rmula, reservando vitaminas ben\u00e9ficas para o cuidado da pele. Eles incluem vitamina A, B, a\u00e7\u00facares, ferro e magn\u00e9sio. Da combina\u00e7\u00e3o dos dois extratos obt\u00e9m-se um efeito regenerador e uma agrad\u00e1vel sensa\u00e7\u00e3o de bem-estar.<\/p>\n<p><strong>Ingredientes<\/strong>: \u00c1gua; Sulfato de s\u00f3dio Laureth; Cocamidopropil Beta\u00edna; Cloreto de S\u00f3dio; Cocamida DEA; Diestearato de glicol; Cocamida MEA; Polyquaternium-7; Fragr\u00e2ncia; PEG-7 Gliceril Cocoato; Benzoato de S\u00f3dio; Sorbato de pot\u00e1ssio; Gliceril; Propileno glicol; Extrato de Fruta Fragaria Ananassa; Extrato de Fruta Prunus Avium; Cloreto de Hidroxipropiltrim\u00f4nio de Guar; Oleato de PEG-55 Propilenoglicol; EDTA tetrass\u00f3dico; \u00c1cido C\u00edtrico; C.I. 18050.<\/p>\n","protected":false},"excerpt":{"rendered":"<p>Tulip\u00e1n Negro Gel de Banho Morangos &amp; Cerejas Emb. 720ml. &nbsp; Caracter\u00edsticas: Incorpora extratos de Morango e Cereja em sua f\u00f3rmula, reservando vitaminas ben\u00e9ficas para o cuidado da pele. Eles incluem vitamina A, B, a\u00e7\u00facares, ferro e magn\u00e9sio. Da combina\u00e7\u00e3o dos dois extratos obt\u00e9m-se um efeito regenerador e uma agrad\u00e1vel sensa\u00e7\u00e3o de bem-estar. Ingredientes: \u00c1gua; [&hellip;]<\/p>\n","protected":false},"featured_media":2127,"template":"","meta":[],"product_brand":[],"product_cat":[55,64],"product_tag":[],"class_list":{"0":"post-2126","1":"product","2":"type-product","3":"status-publish","4":"has-post-thumbnail","6":"product_cat-dph","7":"product_cat-higiene-e-beleza-corpo","8":"pa_marcas-tulipan-negro","9":"pa_pais-espanha","11":"first","12":"instock","13":"taxable","14":"shipping-taxable","15":"product-type-simple"},"_links":{"self":[{"href":"https:\/\/bricer.pt\/index.php?rest_route=\/wp\/v2\/product\/2126","targetHints":{"allow":["GET"]}}],"collection":[{"href":"https:\/\/bricer.pt\/index.php?rest_route=\/wp\/v2\/product"}],"about":[{"href":"https:\/\/bricer.pt\/index.php?rest_route=\/wp\/v2\/types\/product"}],"wp:featuredmedia":[{"embeddable":true,"href":"https:\/\/bricer.pt\/index.php?rest_route=\/wp\/v2\/media\/2127"}],"wp:attachment":[{"href":"https:\/\/bricer.pt\/index.php?rest_route=%2Fwp%2Fv2%2Fmedia&parent=2126"}],"wp:term":[{"taxonomy":"product_brand","embeddable":true,"href":"https:\/\/bricer.pt\/index.php?rest_route=%2Fwp%2Fv2%2Fproduct_brand&post=2126"},{"taxonomy":"product_cat","embeddable":true,"href":"https:\/\/bricer.pt\/index.php?rest_route=%2Fwp%2Fv2%2Fproduct_cat&post=2126"},{"taxonomy":"product_tag","embeddable":true,"href":"https:\/\/bricer.pt\/index.php?rest_route=%2Fwp%2Fv2%2Fproduct_tag&post=2126"}],"curies":[{"name":"wp","href":"https:\/\/api.w.org\/{rel}","templated":true}]}}