{"id":2124,"date":"2023-03-06T11:37:23","date_gmt":"2023-03-06T11:37:23","guid":{"rendered":"https:\/\/bricer.pt\/produto\/tulipan-negro-gel-de-banho-original-emb-720ml\/"},"modified":"2023-04-17T08:01:14","modified_gmt":"2023-04-17T08:01:14","slug":"tulipan-negro-gel-de-banho-original-emb-720ml","status":"publish","type":"product","link":"https:\/\/bricer.pt\/?product=tulipan-negro-gel-de-banho-original-emb-720ml","title":{"rendered":"Tulip\u00e1n Negro Gel de Banho Original  Emb. 720ml"},"content":{"rendered":"<p><strong>Tulip\u00e1n Negro Gel de Banho Original<\/strong> Emb. 720ml.<\/p>\n<p>&nbsp;<\/p>\n<p><strong>Caracter\u00edsticas<\/strong>: Incorpora como elementos de sua composi\u00e7\u00e3o extrato de salgueiro e clorofila. Salgueiro cont\u00e9m propriedades hidratantes e refrescantes. A clorofila tamb\u00e9m oferece benef\u00edcios relaxantes e desodorantes. A combina\u00e7\u00e3o dos dois ingredientes (salgueiro e clorofila) confere ao produto qualidades protetoras e nutrientes para a pele, al\u00e9m de efeito relaxante.<\/p>\n<p><strong>Ingredientes<\/strong>: \u00c1gua; Sodium Laureth Sulfate Cocamidopropyl Betaine; Sodium Chloride; Styrene\/Acrylates Copolymer; Frag\u00e2ncia; Sodium Benzoate; Potassium Sorbate; Citric Acid; Polyquaternium-7; PEG-200 Hydrogenated Glyceryl Palmate; PEG-7 Glyceryl Cocoate; PEG-55 Propylene Glycol Oleate; Propylene Glycol; Salix Alba Bark Extract; Triclosan; C.I.75815; Amyl Cinnamal; Hydroxycitronella; Linalool; Limonene; Alpha-Isomethyl lonone.<\/p>\n","protected":false},"excerpt":{"rendered":"<p>Tulip\u00e1n Negro Gel de Banho Original Emb. 720ml. &nbsp; Caracter\u00edsticas: Incorpora como elementos de sua composi\u00e7\u00e3o extrato de salgueiro e clorofila. Salgueiro cont\u00e9m propriedades hidratantes e refrescantes. A clorofila tamb\u00e9m oferece benef\u00edcios relaxantes e desodorantes. A combina\u00e7\u00e3o dos dois ingredientes (salgueiro e clorofila) confere ao produto qualidades protetoras e nutrientes para a pele, al\u00e9m de [&hellip;]<\/p>\n","protected":false},"featured_media":2125,"template":"","meta":[],"product_brand":[],"product_cat":[55,64],"product_tag":[],"class_list":{"0":"post-2124","1":"product","2":"type-product","3":"status-publish","4":"has-post-thumbnail","6":"product_cat-dph","7":"product_cat-higiene-e-beleza-corpo","8":"pa_marcas-tulipan-negro","9":"pa_pais-espanha","11":"first","12":"instock","13":"taxable","14":"shipping-taxable","15":"product-type-simple"},"_links":{"self":[{"href":"https:\/\/bricer.pt\/index.php?rest_route=\/wp\/v2\/product\/2124","targetHints":{"allow":["GET"]}}],"collection":[{"href":"https:\/\/bricer.pt\/index.php?rest_route=\/wp\/v2\/product"}],"about":[{"href":"https:\/\/bricer.pt\/index.php?rest_route=\/wp\/v2\/types\/product"}],"wp:featuredmedia":[{"embeddable":true,"href":"https:\/\/bricer.pt\/index.php?rest_route=\/wp\/v2\/media\/2125"}],"wp:attachment":[{"href":"https:\/\/bricer.pt\/index.php?rest_route=%2Fwp%2Fv2%2Fmedia&parent=2124"}],"wp:term":[{"taxonomy":"product_brand","embeddable":true,"href":"https:\/\/bricer.pt\/index.php?rest_route=%2Fwp%2Fv2%2Fproduct_brand&post=2124"},{"taxonomy":"product_cat","embeddable":true,"href":"https:\/\/bricer.pt\/index.php?rest_route=%2Fwp%2Fv2%2Fproduct_cat&post=2124"},{"taxonomy":"product_tag","embeddable":true,"href":"https:\/\/bricer.pt\/index.php?rest_route=%2Fwp%2Fv2%2Fproduct_tag&post=2124"}],"curies":[{"name":"wp","href":"https:\/\/api.w.org\/{rel}","templated":true}]}}