{"id":2120,"date":"2023-03-06T11:37:23","date_gmt":"2023-03-06T11:37:23","guid":{"rendered":"https:\/\/bricer.pt\/produto\/tulipan-negro-gel-de-banho-aloe-vera-jojoba-emb-720ml\/"},"modified":"2023-04-17T08:01:14","modified_gmt":"2023-04-17T08:01:14","slug":"tulipan-negro-gel-de-banho-aloe-vera-jojoba-emb-720ml","status":"publish","type":"product","link":"https:\/\/bricer.pt\/?product=tulipan-negro-gel-de-banho-aloe-vera-jojoba-emb-720ml","title":{"rendered":"Tulip\u00e1n Negro Gel de Banho Aloe Vera &#038; Jojoba  Emb. 720ml"},"content":{"rendered":"<p><strong>Tulip\u00e1n Negro Gel de Banho Aloe Vera &amp; Jojoba<\/strong> Emb. 720ml.<\/p>\n<p>&nbsp;<\/p>\n<p><strong>Caracter\u00edsticas<\/strong>: Incorpora na sua f\u00f3rmula \u00f3leos e emolientes naturais que proporcionam um efeito calmante, fresco e cremoso, ajudando a reestruturar o equil\u00edbrio da pele. O Aloe Vera \u00e9 um produto natural com virtudes regenerativas e ben\u00e9ficas para a pele, e o \u00f3leo de Jojoba tem uma composi\u00e7\u00e3o semelhante \u00e0s ceramidas da nossa pele e atua onde \u00e9 mais necess\u00e1rio.<\/p>\n<p><strong>Ingredientes<\/strong>: \u00c1gua; Sulfato de s\u00f3dio Laureth; Cocamidopropil Beta\u00edna; Cloreto de S\u00f3dio; Copol\u00edmero de estireno\/acrilatos; Fragr\u00e2ncia; Benzoato de S\u00f3dio; Sorbato de pot\u00e1ssio; \u00c1cido C\u00edtrico; Polyquaternium-7; PEG-200 Gliceril Palmato Hidrogenado; PEG-7 Gliceril Cocoato;Oleato de PEG-55 Propilenoglicol; Propileno glicol; \u00d3leo de semente de Helianthus annuus; Extrato de folha de Aloe Barbadensis; Goma de escler\u00f3cio; \u00d3leo de semente de Jojoba; Butilfenilmetilpropional; Linalool; Citronelool; Hexyl Cinnamal; Limonene; Alfa-isometil lonone.<\/p>\n","protected":false},"excerpt":{"rendered":"<p>Tulip\u00e1n Negro Gel de Banho Aloe Vera &amp; Jojoba Emb. 720ml. &nbsp; Caracter\u00edsticas: Incorpora na sua f\u00f3rmula \u00f3leos e emolientes naturais que proporcionam um efeito calmante, fresco e cremoso, ajudando a reestruturar o equil\u00edbrio da pele. O Aloe Vera \u00e9 um produto natural com virtudes regenerativas e ben\u00e9ficas para a pele, e o \u00f3leo de [&hellip;]<\/p>\n","protected":false},"featured_media":2121,"template":"","meta":[],"product_brand":[],"product_cat":[55,64],"product_tag":[],"class_list":{"0":"post-2120","1":"product","2":"type-product","3":"status-publish","4":"has-post-thumbnail","6":"product_cat-dph","7":"product_cat-higiene-e-beleza-corpo","8":"pa_marcas-tulipan-negro","9":"pa_pais-espanha","11":"first","12":"instock","13":"taxable","14":"shipping-taxable","15":"product-type-simple"},"_links":{"self":[{"href":"https:\/\/bricer.pt\/index.php?rest_route=\/wp\/v2\/product\/2120","targetHints":{"allow":["GET"]}}],"collection":[{"href":"https:\/\/bricer.pt\/index.php?rest_route=\/wp\/v2\/product"}],"about":[{"href":"https:\/\/bricer.pt\/index.php?rest_route=\/wp\/v2\/types\/product"}],"wp:featuredmedia":[{"embeddable":true,"href":"https:\/\/bricer.pt\/index.php?rest_route=\/wp\/v2\/media\/2121"}],"wp:attachment":[{"href":"https:\/\/bricer.pt\/index.php?rest_route=%2Fwp%2Fv2%2Fmedia&parent=2120"}],"wp:term":[{"taxonomy":"product_brand","embeddable":true,"href":"https:\/\/bricer.pt\/index.php?rest_route=%2Fwp%2Fv2%2Fproduct_brand&post=2120"},{"taxonomy":"product_cat","embeddable":true,"href":"https:\/\/bricer.pt\/index.php?rest_route=%2Fwp%2Fv2%2Fproduct_cat&post=2120"},{"taxonomy":"product_tag","embeddable":true,"href":"https:\/\/bricer.pt\/index.php?rest_route=%2Fwp%2Fv2%2Fproduct_tag&post=2120"}],"curies":[{"name":"wp","href":"https:\/\/api.w.org\/{rel}","templated":true}]}}