{"id":2118,"date":"2023-03-06T11:37:23","date_gmt":"2023-03-06T11:37:23","guid":{"rendered":"https:\/\/bricer.pt\/produto\/tulipan-negro-desodorizante-spray-soft-care-emb-200ml\/"},"modified":"2023-04-17T08:01:14","modified_gmt":"2023-04-17T08:01:14","slug":"tulipan-negro-desodorizante-spray-soft-care-emb-200ml","status":"publish","type":"product","link":"https:\/\/bricer.pt\/?product=tulipan-negro-desodorizante-spray-soft-care-emb-200ml","title":{"rendered":"Tulip\u00e1n Negro Desodorizante Spray &#8220;Soft Care&#8221;  Emb. 200ml"},"content":{"rendered":"<p><strong>Tulip\u00e1n Negro Desodorizante Spray &#8220;Soft Care&#8221;<\/strong> Emb. 200ml.<\/p>\n<p>&nbsp;<\/p>\n<p><strong>Caracter\u00edsticas<\/strong>: Composto por Aloe Vera, Algod\u00e3o, Talco e Prote\u00edna da Seda. Al\u00e9m disso, sua f\u00f3rmula anti-manchas \u00e9 perfeita para o uso di\u00e1rio.<\/p>\n<p><strong>Ingredientes<\/strong>: Isobuta no; Propano; Ciclopentasiloxano; Clorohidrato de Alum\u00ednio; Isododecano; Fragr\u00e2ncia; Extrato de folha de Aloe Vera; \u00d3leo de semente de algod\u00e3o; Talco; Etil\u00e9ster de seda hidrolisada; \u00d3leo de Semente de Girassol; Extrato de Folha de Rosmarinus Officinalis; \u00c1lcool; Disteardimonium Hectorite; n-butano; Carbonato de Propileno; Poligliceril-4-isoestearato;Cetil PEG\/PPG-10\/1 Dimeticona; Laurato de hexil; Hexyl Cinnamal; Butilfenilmetilpropional; Linalool; Hidroxicitronelal; Cumarina; Alfa-isometil lonona; Citronelol; Eugenol; Limonene.<\/p>\n<p><strong>Advert\u00eancias<\/strong>: Extremamente inflam\u00e1vel. Mantenha afastado do calor e de qualquer outra fonte de igni\u00e7\u00e3o. N\u00e3o exponha a temperaturas superiores a 50\u00baC.Manter fora do alcance das crian\u00e7as N\u00e3o pulverize perto dos olhos e do rosto e evite a inala\u00e7\u00e3o direta.<\/p>\n<p>&nbsp;<\/p>\n","protected":false},"excerpt":{"rendered":"<p>Tulip\u00e1n Negro Desodorizante Spray &#8220;Soft Care&#8221; Emb. 200ml. &nbsp; Caracter\u00edsticas: Composto por Aloe Vera, Algod\u00e3o, Talco e Prote\u00edna da Seda. Al\u00e9m disso, sua f\u00f3rmula anti-manchas \u00e9 perfeita para o uso di\u00e1rio. Ingredientes: Isobuta no; Propano; Ciclopentasiloxano; Clorohidrato de Alum\u00ednio; Isododecano; Fragr\u00e2ncia; Extrato de folha de Aloe Vera; \u00d3leo de semente de algod\u00e3o; Talco; Etil\u00e9ster de [&hellip;]<\/p>\n","protected":false},"featured_media":2119,"template":"","meta":[],"product_brand":[],"product_cat":[55,64],"product_tag":[],"class_list":{"0":"post-2118","1":"product","2":"type-product","3":"status-publish","4":"has-post-thumbnail","6":"product_cat-dph","7":"product_cat-higiene-e-beleza-corpo","8":"pa_marcas-tulipan-negro","9":"pa_pais-espanha","11":"first","12":"instock","13":"taxable","14":"shipping-taxable","15":"product-type-simple"},"_links":{"self":[{"href":"https:\/\/bricer.pt\/index.php?rest_route=\/wp\/v2\/product\/2118","targetHints":{"allow":["GET"]}}],"collection":[{"href":"https:\/\/bricer.pt\/index.php?rest_route=\/wp\/v2\/product"}],"about":[{"href":"https:\/\/bricer.pt\/index.php?rest_route=\/wp\/v2\/types\/product"}],"wp:featuredmedia":[{"embeddable":true,"href":"https:\/\/bricer.pt\/index.php?rest_route=\/wp\/v2\/media\/2119"}],"wp:attachment":[{"href":"https:\/\/bricer.pt\/index.php?rest_route=%2Fwp%2Fv2%2Fmedia&parent=2118"}],"wp:term":[{"taxonomy":"product_brand","embeddable":true,"href":"https:\/\/bricer.pt\/index.php?rest_route=%2Fwp%2Fv2%2Fproduct_brand&post=2118"},{"taxonomy":"product_cat","embeddable":true,"href":"https:\/\/bricer.pt\/index.php?rest_route=%2Fwp%2Fv2%2Fproduct_cat&post=2118"},{"taxonomy":"product_tag","embeddable":true,"href":"https:\/\/bricer.pt\/index.php?rest_route=%2Fwp%2Fv2%2Fproduct_tag&post=2118"}],"curies":[{"name":"wp","href":"https:\/\/api.w.org\/{rel}","templated":true}]}}