{"id":2114,"date":"2023-03-06T11:37:23","date_gmt":"2023-03-06T11:37:23","guid":{"rendered":"https:\/\/bricer.pt\/produto\/tulipan-negro-desodorizante-spray-5-em-1-emb-200ml\/"},"modified":"2023-04-17T08:01:14","modified_gmt":"2023-04-17T08:01:14","slug":"tulipan-negro-desodorizante-spray-5-em-1-emb-200ml","status":"publish","type":"product","link":"https:\/\/bricer.pt\/?product=tulipan-negro-desodorizante-spray-5-em-1-emb-200ml","title":{"rendered":"Tulip\u00e1n Negro Desodorizante Spray 5 em 1  Emb. 200ml"},"content":{"rendered":"<p><strong>Tulip\u00e1n Negro Desodorizante Spray 5 em 1<\/strong> Emb. 200ml.<\/p>\n<p>&nbsp;<\/p>\n<p><strong>Caracter\u00edsticas<\/strong>: Formulado especialmente para o suor intenso e prote\u00e7\u00e3o por 48 horas, esse antitranspirante \u00e9 anti-manchas, anti-humidade, n\u00e3o cont\u00e9m \u00e1lcool e tem fragr\u00e2ncia de longa dura\u00e7\u00e3o. Tudo o que voc\u00ea precisa para se sentir protegido.<\/p>\n<p><strong>Ingredientes<\/strong>: Isobutano; Propano; Ciclopentasiloxano; Clorohidrato de<br \/>\nAlum\u00ednio; Isododecano; Fragr\u00e2ncia; Disteardimonium Hectarite; n-butano;<br \/>\nCarbonato de Propileno; Isoestearato de poligliceril-4; Cetyl PEG \/ PPG-10\/1<br \/>\nDimethlcone; Laurato de hexil; Linalool; Hydroxycitronella; Alfa-isometil-lonona<br \/>\nLimonene; Amyl Cynnamal; Citral; Butilfenilmetilproplonal; Geranlol; \u00c1lcool<br \/>\ncinam\u00edlico; Isoeugenol; \u00c1lcool benz\u00edlico; Salicilato de benzila.<\/p>\n<p><strong>Advert\u00eancias<\/strong>: Extremamente inflam\u00e1vel.Mantenha afastado do calor e de qualquer outra fonte de igni\u00e7\u00e3o. N\u00e3o exponha a temperaturas superiores a 50\u00baC. Manter fora do alcance das crian\u00e7as. N\u00e3o pulverize perto dos olhos e do rosto e evite a inala\u00e7\u00e3o direta.<\/p>\n","protected":false},"excerpt":{"rendered":"<p>Tulip\u00e1n Negro Desodorizante Spray 5 em 1 Emb. 200ml. &nbsp; Caracter\u00edsticas: Formulado especialmente para o suor intenso e prote\u00e7\u00e3o por 48 horas, esse antitranspirante \u00e9 anti-manchas, anti-humidade, n\u00e3o cont\u00e9m \u00e1lcool e tem fragr\u00e2ncia de longa dura\u00e7\u00e3o. Tudo o que voc\u00ea precisa para se sentir protegido. Ingredientes: Isobutano; Propano; Ciclopentasiloxano; Clorohidrato de Alum\u00ednio; Isododecano; Fragr\u00e2ncia; Disteardimonium [&hellip;]<\/p>\n","protected":false},"featured_media":2115,"template":"","meta":[],"product_brand":[],"product_cat":[55,64],"product_tag":[],"class_list":{"0":"post-2114","1":"product","2":"type-product","3":"status-publish","4":"has-post-thumbnail","6":"product_cat-dph","7":"product_cat-higiene-e-beleza-corpo","8":"pa_marcas-tulipan-negro","9":"pa_pais-espanha","11":"first","12":"instock","13":"taxable","14":"shipping-taxable","15":"product-type-simple"},"_links":{"self":[{"href":"https:\/\/bricer.pt\/index.php?rest_route=\/wp\/v2\/product\/2114","targetHints":{"allow":["GET"]}}],"collection":[{"href":"https:\/\/bricer.pt\/index.php?rest_route=\/wp\/v2\/product"}],"about":[{"href":"https:\/\/bricer.pt\/index.php?rest_route=\/wp\/v2\/types\/product"}],"wp:featuredmedia":[{"embeddable":true,"href":"https:\/\/bricer.pt\/index.php?rest_route=\/wp\/v2\/media\/2115"}],"wp:attachment":[{"href":"https:\/\/bricer.pt\/index.php?rest_route=%2Fwp%2Fv2%2Fmedia&parent=2114"}],"wp:term":[{"taxonomy":"product_brand","embeddable":true,"href":"https:\/\/bricer.pt\/index.php?rest_route=%2Fwp%2Fv2%2Fproduct_brand&post=2114"},{"taxonomy":"product_cat","embeddable":true,"href":"https:\/\/bricer.pt\/index.php?rest_route=%2Fwp%2Fv2%2Fproduct_cat&post=2114"},{"taxonomy":"product_tag","embeddable":true,"href":"https:\/\/bricer.pt\/index.php?rest_route=%2Fwp%2Fv2%2Fproduct_tag&post=2114"}],"curies":[{"name":"wp","href":"https:\/\/api.w.org\/{rel}","templated":true}]}}