{"id":2108,"date":"2023-03-06T11:37:23","date_gmt":"2023-03-06T11:37:23","guid":{"rendered":"https:\/\/bricer.pt\/produto\/tulipan-negro-desodorizante-spray-creme-de-sabao-emb-200ml\/"},"modified":"2023-04-17T08:01:14","modified_gmt":"2023-04-17T08:01:14","slug":"tulipan-negro-desodorizante-spray-creme-de-sabao-emb-200ml","status":"publish","type":"product","link":"https:\/\/bricer.pt\/?product=tulipan-negro-desodorizante-spray-creme-de-sabao-emb-200ml","title":{"rendered":"Tulip\u00e1n Negro Desodorizante Spray Creme de Sab\u00e3o  Emb. 200ml"},"content":{"rendered":"<p><strong>Tulip\u00e1n Negro Desodorizante Spray Creme de Sab\u00e3o<\/strong> Emb. 200ml.<\/p>\n<p>&nbsp;<\/p>\n<p><strong>Caracter\u00edsticas<\/strong>: Uma f\u00f3rmula indicada para peles sens\u00edveis j\u00e1 que sua f\u00f3rmula \u00e9 isenta de \u00c1lcool sais de alum\u00ednio e parabenos. Sua fragr\u00e2ncia agrad\u00e1vel permitir\u00e1 que desfrute da prote\u00e7\u00e3o enquanto mant\u00e9m suor controlado.<\/p>\n<p><strong>Ingredientes<\/strong>: Isobutano;Ciclopentasiloxano; \u00c1gua; Propano;Fragr\u00e2ncia; n-butano; Poligliceril-4-iso-estearato; Cetil PEG\/PPG10\/1 Dimeticona; Laurato de hexil; Propileno glicol; Etilhexilglicerina;Octenidina HCI; PEG\/PPG-18\/18 Dimeticona;Poligliceril-3Caprilato Linalool; Citronelol;Butilfenilmetilproplonal; Cumarina; Hidroxicitronelal; Hexyl Cinnamal; Alfa-isometil lonona; Eugenol.<\/p>\n<p><strong>Advert\u00eancias<\/strong>: Extremamente inflam\u00e1vel.Mantenha afastado do calor e de qualquer outra fonte de igni\u00e7\u00e3o. N\u00e3o exponha a temperaturas superiores a 50\u00baC. Manter fora do alcance das crian\u00e7as. N\u00e3o pulverize perto dos olhos e do rosto e evite a inala\u00e7\u00e3o direta.<\/p>\n<p>&nbsp;<\/p>\n","protected":false},"excerpt":{"rendered":"<p>Tulip\u00e1n Negro Desodorizante Spray Creme de Sab\u00e3o Emb. 200ml. &nbsp; Caracter\u00edsticas: Uma f\u00f3rmula indicada para peles sens\u00edveis j\u00e1 que sua f\u00f3rmula \u00e9 isenta de \u00c1lcool sais de alum\u00ednio e parabenos. Sua fragr\u00e2ncia agrad\u00e1vel permitir\u00e1 que desfrute da prote\u00e7\u00e3o enquanto mant\u00e9m suor controlado. Ingredientes: Isobutano;Ciclopentasiloxano; \u00c1gua; Propano;Fragr\u00e2ncia; n-butano; Poligliceril-4-iso-estearato; Cetil PEG\/PPG10\/1 Dimeticona; Laurato de hexil; Propileno [&hellip;]<\/p>\n","protected":false},"featured_media":2109,"template":"","meta":[],"product_brand":[],"product_cat":[55,64],"product_tag":[],"class_list":{"0":"post-2108","1":"product","2":"type-product","3":"status-publish","4":"has-post-thumbnail","6":"product_cat-dph","7":"product_cat-higiene-e-beleza-corpo","8":"pa_marcas-tulipan-negro","9":"pa_pais-espanha","11":"first","12":"instock","13":"taxable","14":"shipping-taxable","15":"product-type-simple"},"_links":{"self":[{"href":"https:\/\/bricer.pt\/index.php?rest_route=\/wp\/v2\/product\/2108","targetHints":{"allow":["GET"]}}],"collection":[{"href":"https:\/\/bricer.pt\/index.php?rest_route=\/wp\/v2\/product"}],"about":[{"href":"https:\/\/bricer.pt\/index.php?rest_route=\/wp\/v2\/types\/product"}],"wp:featuredmedia":[{"embeddable":true,"href":"https:\/\/bricer.pt\/index.php?rest_route=\/wp\/v2\/media\/2109"}],"wp:attachment":[{"href":"https:\/\/bricer.pt\/index.php?rest_route=%2Fwp%2Fv2%2Fmedia&parent=2108"}],"wp:term":[{"taxonomy":"product_brand","embeddable":true,"href":"https:\/\/bricer.pt\/index.php?rest_route=%2Fwp%2Fv2%2Fproduct_brand&post=2108"},{"taxonomy":"product_cat","embeddable":true,"href":"https:\/\/bricer.pt\/index.php?rest_route=%2Fwp%2Fv2%2Fproduct_cat&post=2108"},{"taxonomy":"product_tag","embeddable":true,"href":"https:\/\/bricer.pt\/index.php?rest_route=%2Fwp%2Fv2%2Fproduct_tag&post=2108"}],"curies":[{"name":"wp","href":"https:\/\/api.w.org\/{rel}","templated":true}]}}