{"id":2096,"date":"2023-03-06T11:37:17","date_gmt":"2023-03-06T11:37:17","guid":{"rendered":"https:\/\/bricer.pt\/produto\/tulipan-negro-desodorizante-roll-on-aloe-vera-jojoba-emb-50ml\/"},"modified":"2023-04-17T08:01:12","modified_gmt":"2023-04-17T08:01:12","slug":"tulipan-negro-desodorizante-roll-on-aloe-vera-jojoba-emb-50ml","status":"publish","type":"product","link":"https:\/\/bricer.pt\/?product=tulipan-negro-desodorizante-roll-on-aloe-vera-jojoba-emb-50ml","title":{"rendered":"Tulip\u00e1n Negro Desodorizante Roll-On Aloe Vera &#038; Jojoba  Emb. 50ml"},"content":{"rendered":"<p><strong>Tulip\u00e1n Negro Desodorizante Roll-On Aloe Vera &amp; Jojoba<\/strong> Emb. 50ml.<\/p>\n<p>&nbsp;<\/p>\n<p><strong>Ingredientes<\/strong>: \u00c1gua; \u00c9ter Estear\u00edlico de PPG-15; Steareth-2; Fragr\u00e2ncia; Cyclomethi.<\/p>\n","protected":false},"excerpt":{"rendered":"<p>Tulip\u00e1n Negro Desodorizante Roll-On Aloe Vera &amp; Jojoba Emb. 50ml. &nbsp; Ingredientes: \u00c1gua; \u00c9ter Estear\u00edlico de PPG-15; Steareth-2; Fragr\u00e2ncia; Cyclomethi.<\/p>\n","protected":false},"featured_media":2097,"template":"","meta":[],"product_brand":[],"product_cat":[55,64],"product_tag":[],"class_list":{"0":"post-2096","1":"product","2":"type-product","3":"status-publish","4":"has-post-thumbnail","6":"product_cat-dph","7":"product_cat-higiene-e-beleza-corpo","8":"pa_marcas-tulipan-negro","9":"pa_pais-espanha","11":"first","12":"instock","13":"taxable","14":"shipping-taxable","15":"product-type-simple"},"_links":{"self":[{"href":"https:\/\/bricer.pt\/index.php?rest_route=\/wp\/v2\/product\/2096","targetHints":{"allow":["GET"]}}],"collection":[{"href":"https:\/\/bricer.pt\/index.php?rest_route=\/wp\/v2\/product"}],"about":[{"href":"https:\/\/bricer.pt\/index.php?rest_route=\/wp\/v2\/types\/product"}],"wp:featuredmedia":[{"embeddable":true,"href":"https:\/\/bricer.pt\/index.php?rest_route=\/wp\/v2\/media\/2097"}],"wp:attachment":[{"href":"https:\/\/bricer.pt\/index.php?rest_route=%2Fwp%2Fv2%2Fmedia&parent=2096"}],"wp:term":[{"taxonomy":"product_brand","embeddable":true,"href":"https:\/\/bricer.pt\/index.php?rest_route=%2Fwp%2Fv2%2Fproduct_brand&post=2096"},{"taxonomy":"product_cat","embeddable":true,"href":"https:\/\/bricer.pt\/index.php?rest_route=%2Fwp%2Fv2%2Fproduct_cat&post=2096"},{"taxonomy":"product_tag","embeddable":true,"href":"https:\/\/bricer.pt\/index.php?rest_route=%2Fwp%2Fv2%2Fproduct_tag&post=2096"}],"curies":[{"name":"wp","href":"https:\/\/api.w.org\/{rel}","templated":true}]}}