{"id":2094,"date":"2023-03-06T11:37:17","date_gmt":"2023-03-06T11:37:17","guid":{"rendered":"https:\/\/bricer.pt\/produto\/tulipan-negro-desodorizante-roll-on-original-emb-50ml\/"},"modified":"2023-04-17T08:01:12","modified_gmt":"2023-04-17T08:01:12","slug":"tulipan-negro-desodorizante-roll-on-original-emb-50ml","status":"publish","type":"product","link":"https:\/\/bricer.pt\/?product=tulipan-negro-desodorizante-roll-on-original-emb-50ml","title":{"rendered":"Tulip\u00e1n Negro Desodorizante Roll-On Original  Emb. 50ml"},"content":{"rendered":"<p><strong>Tulip\u00e1n Negro Desodorizante Roll-On Original<\/strong> Emb. 50ml.<\/p>\n<p>&nbsp;<\/p>\n<p><strong>Ingredientes<\/strong>: \u00c1gua; \u00c9ter Estear\u00edlico de PPG-15; Steareth-2; Fragr\u00e2ncia; Ciclopentasiloxano; Ciclohexasiloxano; Steareth-21; Hidroxietilcelulose; \u00d3leo de r\u00edcino hidrogenado PEG-40; \u00c1lcool benz\u00edlico; \u00c1cido Benzoico \u00c1cido S\u00f3rbico; Propileno glicol; Talco; Triclosan; Poliacrilato de s\u00f3dio; Polideceno hidrogenado; PEG-5 Laureth-5; Amyl Cinnamal; Citral; Hidroxicitronelal; Isoeugenol; Salicilato de Benzila; Geraniol; Butilfenilmetilpropional; Linalool; Benzoato de benzila; Limonene; Alfa-isometil lonone.<\/p>\n","protected":false},"excerpt":{"rendered":"<p>Tulip\u00e1n Negro Desodorizante Roll-On Original Emb. 50ml. &nbsp; Ingredientes: \u00c1gua; \u00c9ter Estear\u00edlico de PPG-15; Steareth-2; Fragr\u00e2ncia; Ciclopentasiloxano; Ciclohexasiloxano; Steareth-21; Hidroxietilcelulose; \u00d3leo de r\u00edcino hidrogenado PEG-40; \u00c1lcool benz\u00edlico; \u00c1cido Benzoico \u00c1cido S\u00f3rbico; Propileno glicol; Talco; Triclosan; Poliacrilato de s\u00f3dio; Polideceno hidrogenado; PEG-5 Laureth-5; Amyl Cinnamal; Citral; Hidroxicitronelal; Isoeugenol; Salicilato de Benzila; Geraniol; Butilfenilmetilpropional; Linalool; Benzoato de [&hellip;]<\/p>\n","protected":false},"featured_media":2095,"template":"","meta":[],"product_brand":[],"product_cat":[55,64],"product_tag":[],"class_list":{"0":"post-2094","1":"product","2":"type-product","3":"status-publish","4":"has-post-thumbnail","6":"product_cat-dph","7":"product_cat-higiene-e-beleza-corpo","8":"pa_marcas-tulipan-negro","9":"pa_pais-espanha","11":"first","12":"instock","13":"taxable","14":"shipping-taxable","15":"product-type-simple"},"_links":{"self":[{"href":"https:\/\/bricer.pt\/index.php?rest_route=\/wp\/v2\/product\/2094","targetHints":{"allow":["GET"]}}],"collection":[{"href":"https:\/\/bricer.pt\/index.php?rest_route=\/wp\/v2\/product"}],"about":[{"href":"https:\/\/bricer.pt\/index.php?rest_route=\/wp\/v2\/types\/product"}],"wp:featuredmedia":[{"embeddable":true,"href":"https:\/\/bricer.pt\/index.php?rest_route=\/wp\/v2\/media\/2095"}],"wp:attachment":[{"href":"https:\/\/bricer.pt\/index.php?rest_route=%2Fwp%2Fv2%2Fmedia&parent=2094"}],"wp:term":[{"taxonomy":"product_brand","embeddable":true,"href":"https:\/\/bricer.pt\/index.php?rest_route=%2Fwp%2Fv2%2Fproduct_brand&post=2094"},{"taxonomy":"product_cat","embeddable":true,"href":"https:\/\/bricer.pt\/index.php?rest_route=%2Fwp%2Fv2%2Fproduct_cat&post=2094"},{"taxonomy":"product_tag","embeddable":true,"href":"https:\/\/bricer.pt\/index.php?rest_route=%2Fwp%2Fv2%2Fproduct_tag&post=2094"}],"curies":[{"name":"wp","href":"https:\/\/api.w.org\/{rel}","templated":true}]}}