{"id":2092,"date":"2023-03-06T11:37:17","date_gmt":"2023-03-06T11:37:17","guid":{"rendered":"https:\/\/bricer.pt\/produto\/tulipan-negro-desodorizante-stick-fragancia-original-emb-75ml\/"},"modified":"2023-04-17T08:01:12","modified_gmt":"2023-04-17T08:01:12","slug":"tulipan-negro-desodorizante-stick-fragancia-original-emb-75ml","status":"publish","type":"product","link":"https:\/\/bricer.pt\/?product=tulipan-negro-desodorizante-stick-fragancia-original-emb-75ml","title":{"rendered":"Tulip\u00e1n Negro Desodorizante Stick Frag\u00e2ncia Original  Emb. 75ml"},"content":{"rendered":"<p><strong>Tulip\u00e1n Negro Desodorizante Stick Frag\u00e2ncia Original<\/strong> Emb. 75ml.<\/p>\n<p>&nbsp;<\/p>\n<p><strong>Caracter\u00edsticas<\/strong>: Oferece prote\u00e7\u00e3o intensa ao longo do dia. Sua f\u00f3rmula com a fragr\u00e2ncia Original<br \/>\n\u00e9 especialmente indicada para manter o suor controlado.<\/p>\n<p><strong>Ingredientes<\/strong>: \u00c1lcool Denat; \u00e1gua; fragr\u00e2ncia; Citral; Hydroxcitronellal; Geraniol; Propileno glicol; \u00c1cido palm\u00edtico; \u00c1cido este\u00e1rico; Hidr\u00f3xido de S\u00f3dio; Triclosan; Amyl Cinnamal; \u00c1lcool benz\u00edlico; \u00c1lcool cinam\u00edlico; Isoeugenol; Salicilato de Benzila; Famesol; Butilfenilmetilpropional; Linalool; Benzoato de benzila; Citronelol; Limonene; Alfa isometil-lonona; C.I. 42090 (FD&amp;C Azul No.1); C.I. 19140 (FD&amp;C Amarelo No.5).<\/p>\n","protected":false},"excerpt":{"rendered":"<p>Tulip\u00e1n Negro Desodorizante Stick Frag\u00e2ncia Original Emb. 75ml. &nbsp; Caracter\u00edsticas: Oferece prote\u00e7\u00e3o intensa ao longo do dia. Sua f\u00f3rmula com a fragr\u00e2ncia Original \u00e9 especialmente indicada para manter o suor controlado. Ingredientes: \u00c1lcool Denat; \u00e1gua; fragr\u00e2ncia; Citral; Hydroxcitronellal; Geraniol; Propileno glicol; \u00c1cido palm\u00edtico; \u00c1cido este\u00e1rico; Hidr\u00f3xido de S\u00f3dio; Triclosan; Amyl Cinnamal; \u00c1lcool benz\u00edlico; \u00c1lcool cinam\u00edlico; [&hellip;]<\/p>\n","protected":false},"featured_media":2093,"template":"","meta":[],"product_brand":[],"product_cat":[55,64],"product_tag":[],"class_list":{"0":"post-2092","1":"product","2":"type-product","3":"status-publish","4":"has-post-thumbnail","6":"product_cat-dph","7":"product_cat-higiene-e-beleza-corpo","8":"pa_marcas-tulipan-negro","9":"pa_pais-espanha","11":"first","12":"instock","13":"taxable","14":"shipping-taxable","15":"product-type-simple"},"_links":{"self":[{"href":"https:\/\/bricer.pt\/index.php?rest_route=\/wp\/v2\/product\/2092","targetHints":{"allow":["GET"]}}],"collection":[{"href":"https:\/\/bricer.pt\/index.php?rest_route=\/wp\/v2\/product"}],"about":[{"href":"https:\/\/bricer.pt\/index.php?rest_route=\/wp\/v2\/types\/product"}],"wp:featuredmedia":[{"embeddable":true,"href":"https:\/\/bricer.pt\/index.php?rest_route=\/wp\/v2\/media\/2093"}],"wp:attachment":[{"href":"https:\/\/bricer.pt\/index.php?rest_route=%2Fwp%2Fv2%2Fmedia&parent=2092"}],"wp:term":[{"taxonomy":"product_brand","embeddable":true,"href":"https:\/\/bricer.pt\/index.php?rest_route=%2Fwp%2Fv2%2Fproduct_brand&post=2092"},{"taxonomy":"product_cat","embeddable":true,"href":"https:\/\/bricer.pt\/index.php?rest_route=%2Fwp%2Fv2%2Fproduct_cat&post=2092"},{"taxonomy":"product_tag","embeddable":true,"href":"https:\/\/bricer.pt\/index.php?rest_route=%2Fwp%2Fv2%2Fproduct_tag&post=2092"}],"curies":[{"name":"wp","href":"https:\/\/api.w.org\/{rel}","templated":true}]}}