{"id":2090,"date":"2023-03-06T11:37:17","date_gmt":"2023-03-06T11:37:17","guid":{"rendered":"https:\/\/bricer.pt\/produto\/actoner-elixir-bocal-contra-a-halitose-emb-500ml\/"},"modified":"2023-04-17T08:01:12","modified_gmt":"2023-04-17T08:01:12","slug":"actoner-elixir-bocal-contra-a-halitose-emb-500ml","status":"publish","type":"product","link":"https:\/\/bricer.pt\/?product=actoner-elixir-bocal-contra-a-halitose-emb-500ml","title":{"rendered":"Actoner Elixir Bocal Contra a Halitose  Emb. 500ml"},"content":{"rendered":"<p><strong>Actoner Elixir Bocal Contra a Halitose<\/strong> Emb. 500ml.<\/p>\n<p>&nbsp;<\/p>\n<p><strong> Ingredientes<\/strong>: \u00c1gua; \u00c1lcool Denat; Glicerina; Sorbitol; Citrato Triss\u00f3dico; \u00d3leo de r\u00edcino hidrogenado PEG-40; Aroma; Lactato de Zinco; Fragr\u00e2ncia; Lauryl Glucoside; Sacarina S\u00f3dica; Digluconato De Clorexidina; Cloreto de Cetilpirid\u00ednio; Eugenol; Limonene; Linalool.<\/p>\n<p><strong> Indica\u00e7\u00f5es<\/strong>: 1- Recomenda-se seu uso di\u00e1rio ap\u00f3s cada escova\u00e7\u00e3o. 2- Verta 25ml em um copo e bocheche por 30 segundos. Mantenha fora do alcance de crian\u00e7as. N\u00e3o recomendado para menores de 12 anos.<\/p>\n<p><strong>Caracter\u00edsticas<\/strong>: Gra\u00e7as \u00e0 sua f\u00f3rmula rica em Lactato de Zinco e Clorexidina, oferece poder anti-s\u00e9ptico contra o gosto mau na boca, proporcionando sensa\u00e7\u00e3o de limpeza e frescor al\u00e9m de um efeito clareador.<\/p>\n<p>&nbsp;<\/p>\n<p>&nbsp;<\/p>\n","protected":false},"excerpt":{"rendered":"<p>Actoner Elixir Bocal Contra a Halitose Emb. 500ml. &nbsp; Ingredientes: \u00c1gua; \u00c1lcool Denat; Glicerina; Sorbitol; Citrato Triss\u00f3dico; \u00d3leo de r\u00edcino hidrogenado PEG-40; Aroma; Lactato de Zinco; Fragr\u00e2ncia; Lauryl Glucoside; Sacarina S\u00f3dica; Digluconato De Clorexidina; Cloreto de Cetilpirid\u00ednio; Eugenol; Limonene; Linalool. Indica\u00e7\u00f5es: 1- Recomenda-se seu uso di\u00e1rio ap\u00f3s cada escova\u00e7\u00e3o. 2- Verta 25ml em um copo [&hellip;]<\/p>\n","protected":false},"featured_media":2091,"template":"","meta":[],"product_brand":[],"product_cat":[55,63],"product_tag":[],"class_list":{"0":"post-2090","1":"product","2":"type-product","3":"status-publish","4":"has-post-thumbnail","6":"product_cat-dph","7":"product_cat-higiene-oral","8":"pa_marcas-actoner","9":"pa_pais-espanha","11":"first","12":"instock","13":"taxable","14":"shipping-taxable","15":"product-type-simple"},"_links":{"self":[{"href":"https:\/\/bricer.pt\/index.php?rest_route=\/wp\/v2\/product\/2090","targetHints":{"allow":["GET"]}}],"collection":[{"href":"https:\/\/bricer.pt\/index.php?rest_route=\/wp\/v2\/product"}],"about":[{"href":"https:\/\/bricer.pt\/index.php?rest_route=\/wp\/v2\/types\/product"}],"wp:featuredmedia":[{"embeddable":true,"href":"https:\/\/bricer.pt\/index.php?rest_route=\/wp\/v2\/media\/2091"}],"wp:attachment":[{"href":"https:\/\/bricer.pt\/index.php?rest_route=%2Fwp%2Fv2%2Fmedia&parent=2090"}],"wp:term":[{"taxonomy":"product_brand","embeddable":true,"href":"https:\/\/bricer.pt\/index.php?rest_route=%2Fwp%2Fv2%2Fproduct_brand&post=2090"},{"taxonomy":"product_cat","embeddable":true,"href":"https:\/\/bricer.pt\/index.php?rest_route=%2Fwp%2Fv2%2Fproduct_cat&post=2090"},{"taxonomy":"product_tag","embeddable":true,"href":"https:\/\/bricer.pt\/index.php?rest_route=%2Fwp%2Fv2%2Fproduct_tag&post=2090"}],"curies":[{"name":"wp","href":"https:\/\/api.w.org\/{rel}","templated":true}]}}