{"id":2088,"date":"2023-03-06T11:37:17","date_gmt":"2023-03-06T11:37:17","guid":{"rendered":"https:\/\/bricer.pt\/produto\/actoner-elixir-bocal-anti-tabaco-emb-500ml\/"},"modified":"2023-04-17T08:01:11","modified_gmt":"2023-04-17T08:01:11","slug":"actoner-elixir-bocal-anti-tabaco-emb-500ml","status":"publish","type":"product","link":"https:\/\/bricer.pt\/?product=actoner-elixir-bocal-anti-tabaco-emb-500ml","title":{"rendered":"Actoner Elixir Bocal Anti Tabaco  Emb. 500ml"},"content":{"rendered":"<p><strong>Actoner Elixir Bocal Anti Tabaco<\/strong> Emb. 500ml.<\/p>\n<p>&nbsp;<\/p>\n<p><strong> Ingredientes<\/strong>: \u00c1gua; \u00c1lcool Denat; Glicerina; Xilitol; Citrato triss\u00f3dico; \u00d3leo de r\u00edcino hidrogenado PEG-40; Cheiro; Fragr\u00e2ncia; \u00c1cido C\u00edtrico; Lauril Glucos\u00eddeo; Sacarina de S\u00f3dio; Cloreto de Cetilpirid\u00ednio; Digluconato de Clordhexidina; Limonene.<\/p>\n<p><strong>Caracter\u00edsticas<\/strong>: Esta f\u00f3rmula ajuda a eliminar manchas nos dentes e o mau h\u00e1lito espec\u00edfico do tabaco. O seu aroma, mistura de ess\u00eancias naturais entre as quais se destaca o alca\u00e7uz, facilita a capta\u00e7\u00e3o do cheiro do tabaco na l\u00edngua e na boca. Tamb\u00e9m produz um efeito clareador, anti-placa e anti-t\u00e1rtaro.<\/p>\n<p><strong>Indica\u00e7\u00f5es<\/strong>: 1- Recomenda-se seu uso di\u00e1rio ap\u00f3s cada escova\u00e7\u00e3o. 2- Verta 25ml em um copo e bocheche por 30 segundos. Mantenha fora do alcance de crian\u00e7as. N\u00e3o recomendado para menores de 12 anos.<\/p>\n","protected":false},"excerpt":{"rendered":"<p>Actoner Elixir Bocal Anti Tabaco Emb. 500ml. &nbsp; Ingredientes: \u00c1gua; \u00c1lcool Denat; Glicerina; Xilitol; Citrato triss\u00f3dico; \u00d3leo de r\u00edcino hidrogenado PEG-40; Cheiro; Fragr\u00e2ncia; \u00c1cido C\u00edtrico; Lauril Glucos\u00eddeo; Sacarina de S\u00f3dio; Cloreto de Cetilpirid\u00ednio; Digluconato de Clordhexidina; Limonene. Caracter\u00edsticas: Esta f\u00f3rmula ajuda a eliminar manchas nos dentes e o mau h\u00e1lito espec\u00edfico do tabaco. O seu [&hellip;]<\/p>\n","protected":false},"featured_media":2089,"template":"","meta":[],"product_brand":[],"product_cat":[55,63],"product_tag":[],"class_list":{"0":"post-2088","1":"product","2":"type-product","3":"status-publish","4":"has-post-thumbnail","6":"product_cat-dph","7":"product_cat-higiene-oral","8":"pa_marcas-actoner","9":"pa_pais-espanha","11":"first","12":"instock","13":"taxable","14":"shipping-taxable","15":"product-type-simple"},"_links":{"self":[{"href":"https:\/\/bricer.pt\/index.php?rest_route=\/wp\/v2\/product\/2088","targetHints":{"allow":["GET"]}}],"collection":[{"href":"https:\/\/bricer.pt\/index.php?rest_route=\/wp\/v2\/product"}],"about":[{"href":"https:\/\/bricer.pt\/index.php?rest_route=\/wp\/v2\/types\/product"}],"wp:featuredmedia":[{"embeddable":true,"href":"https:\/\/bricer.pt\/index.php?rest_route=\/wp\/v2\/media\/2089"}],"wp:attachment":[{"href":"https:\/\/bricer.pt\/index.php?rest_route=%2Fwp%2Fv2%2Fmedia&parent=2088"}],"wp:term":[{"taxonomy":"product_brand","embeddable":true,"href":"https:\/\/bricer.pt\/index.php?rest_route=%2Fwp%2Fv2%2Fproduct_brand&post=2088"},{"taxonomy":"product_cat","embeddable":true,"href":"https:\/\/bricer.pt\/index.php?rest_route=%2Fwp%2Fv2%2Fproduct_cat&post=2088"},{"taxonomy":"product_tag","embeddable":true,"href":"https:\/\/bricer.pt\/index.php?rest_route=%2Fwp%2Fv2%2Fproduct_tag&post=2088"}],"curies":[{"name":"wp","href":"https:\/\/api.w.org\/{rel}","templated":true}]}}