{"id":2086,"date":"2023-03-06T11:37:17","date_gmt":"2023-03-06T11:37:17","guid":{"rendered":"https:\/\/bricer.pt\/produto\/actoner-elixir-bocal-s-alcool-emb-500ml\/"},"modified":"2023-04-17T08:01:11","modified_gmt":"2023-04-17T08:01:11","slug":"actoner-elixir-bocal-s-alcool-emb-500ml","status":"publish","type":"product","link":"https:\/\/bricer.pt\/?product=actoner-elixir-bocal-s-alcool-emb-500ml","title":{"rendered":"Actoner Elixir Bocal s\/ \u00c1lcool  Emb. 500ml"},"content":{"rendered":"<p><strong>Actoner Elixir Bocal s\/ \u00c1lcool<\/strong> Emb. 500ml.<\/p>\n<p>&nbsp;<\/p>\n<p><strong>Ingredientes<\/strong>: \u00c1gua; Glicerina; Citrato de s\u00f3dio; \u00d3leo de r\u00edcino hidrogenado PEG-40; Aroma; Lauryl Glucoside; Digluconato De Clorexidina; Cloreto de Cetilpirid\u00ednio; Sacarina de s\u00f3dio; \u00c1cido C\u00edtrico; C.I. 14720<\/p>\n<p><strong>Caracter\u00edsticas<\/strong>: Ajuda a eliminar a placa bacteriana, protegendo a boca e gengivas sens\u00edveis, com sabor suave e duradouro. Explos\u00e3o de frescor na boca.<\/p>\n<p><strong>Indica\u00e7\u00f5es<\/strong>: 1- Recomenda-se seu uso di\u00e1rio ap\u00f3s cada escova\u00e7\u00e3o. 2- Verta 25ml em um copo e bocheche por 30 segundos.\u00a0Mantenha fora do alcance de crian\u00e7as. N\u00e3o recomendado para menores de 12 anos.<\/p>\n","protected":false},"excerpt":{"rendered":"<p>Actoner Elixir Bocal s\/ \u00c1lcool Emb. 500ml. &nbsp; Ingredientes: \u00c1gua; Glicerina; Citrato de s\u00f3dio; \u00d3leo de r\u00edcino hidrogenado PEG-40; Aroma; Lauryl Glucoside; Digluconato De Clorexidina; Cloreto de Cetilpirid\u00ednio; Sacarina de s\u00f3dio; \u00c1cido C\u00edtrico; C.I. 14720 Caracter\u00edsticas: Ajuda a eliminar a placa bacteriana, protegendo a boca e gengivas sens\u00edveis, com sabor suave e duradouro. Explos\u00e3o de [&hellip;]<\/p>\n","protected":false},"featured_media":2087,"template":"","meta":[],"product_brand":[],"product_cat":[55,63],"product_tag":[],"class_list":{"0":"post-2086","1":"product","2":"type-product","3":"status-publish","4":"has-post-thumbnail","6":"product_cat-dph","7":"product_cat-higiene-oral","8":"pa_marcas-actoner","9":"pa_pais-espanha","11":"first","12":"instock","13":"taxable","14":"shipping-taxable","15":"product-type-simple"},"_links":{"self":[{"href":"https:\/\/bricer.pt\/index.php?rest_route=\/wp\/v2\/product\/2086","targetHints":{"allow":["GET"]}}],"collection":[{"href":"https:\/\/bricer.pt\/index.php?rest_route=\/wp\/v2\/product"}],"about":[{"href":"https:\/\/bricer.pt\/index.php?rest_route=\/wp\/v2\/types\/product"}],"wp:featuredmedia":[{"embeddable":true,"href":"https:\/\/bricer.pt\/index.php?rest_route=\/wp\/v2\/media\/2087"}],"wp:attachment":[{"href":"https:\/\/bricer.pt\/index.php?rest_route=%2Fwp%2Fv2%2Fmedia&parent=2086"}],"wp:term":[{"taxonomy":"product_brand","embeddable":true,"href":"https:\/\/bricer.pt\/index.php?rest_route=%2Fwp%2Fv2%2Fproduct_brand&post=2086"},{"taxonomy":"product_cat","embeddable":true,"href":"https:\/\/bricer.pt\/index.php?rest_route=%2Fwp%2Fv2%2Fproduct_cat&post=2086"},{"taxonomy":"product_tag","embeddable":true,"href":"https:\/\/bricer.pt\/index.php?rest_route=%2Fwp%2Fv2%2Fproduct_tag&post=2086"}],"curies":[{"name":"wp","href":"https:\/\/api.w.org\/{rel}","templated":true}]}}