{"id":2080,"date":"2023-03-06T11:37:17","date_gmt":"2023-03-06T11:37:17","guid":{"rendered":"https:\/\/bricer.pt\/produto\/actoner-gel-hidroalcoolico-p-higienizacao-das-maos-emb-600ml\/"},"modified":"2023-04-17T08:01:11","modified_gmt":"2023-04-17T08:01:11","slug":"actoner-gel-hidroalcoolico-p-higienizacao-das-maos-emb-600ml","status":"publish","type":"product","link":"https:\/\/bricer.pt\/?product=actoner-gel-hidroalcoolico-p-higienizacao-das-maos-emb-600ml","title":{"rendered":"Actoner Gel Hidroalco\u00f3lico p\/ Higieniza\u00e7\u00e3o das m\u00e3os  Emb. 600ml"},"content":{"rendered":"<p><strong>Actoner Gel Hidroalco\u00f3lico p\/ Higieniza\u00e7\u00e3o das m\u00e3os<\/strong> Emb. 600ml.<\/p>\n<p>&nbsp;<\/p>\n<p><strong>Ingredientes<\/strong>: \u00c1lcool Denat; \u00c1gua; Hidroxipropilmetilcelulose; Glicerina;<br \/>\nPerfume; Limonene; Cloreto de S\u00f3dio; Linalool; Butilfenilmetilpropional;<br \/>\n\u00c1lcool benz\u00edlico; Citral.<\/p>\n<p><strong>Modo de usar:<\/strong> Aplicar o produto nas m\u00e3os e espalhar at\u00e9 a completa absor\u00e7\u00e3o.<\/p>\n<p><strong>Avisos<\/strong>: Uso externo. Aplicar na pele saud\u00e1vel. Em caso de contato com os olhos,<br \/>\nmembranas mucosas ou pele danificada, lavar com \u00e1gua em abund\u00e2ncia.<\/p>\n","protected":false},"excerpt":{"rendered":"<p>Actoner Gel Hidroalco\u00f3lico p\/ Higieniza\u00e7\u00e3o das m\u00e3os Emb. 600ml. &nbsp; Ingredientes: \u00c1lcool Denat; \u00c1gua; Hidroxipropilmetilcelulose; Glicerina; Perfume; Limonene; Cloreto de S\u00f3dio; Linalool; Butilfenilmetilpropional; \u00c1lcool benz\u00edlico; Citral. Modo de usar: Aplicar o produto nas m\u00e3os e espalhar at\u00e9 a completa absor\u00e7\u00e3o. Avisos: Uso externo. Aplicar na pele saud\u00e1vel. Em caso de contato com os olhos, membranas [&hellip;]<\/p>\n","protected":false},"featured_media":2081,"template":"","meta":[],"product_brand":[],"product_cat":[55,247],"product_tag":[],"class_list":{"0":"post-2080","1":"product","2":"type-product","3":"status-publish","4":"has-post-thumbnail","6":"product_cat-dph","7":"product_cat-higiene-e-beleza-dph","8":"pa_marcas-actoner","9":"pa_pais-espanha","11":"first","12":"instock","13":"taxable","14":"shipping-taxable","15":"product-type-simple"},"_links":{"self":[{"href":"https:\/\/bricer.pt\/index.php?rest_route=\/wp\/v2\/product\/2080","targetHints":{"allow":["GET"]}}],"collection":[{"href":"https:\/\/bricer.pt\/index.php?rest_route=\/wp\/v2\/product"}],"about":[{"href":"https:\/\/bricer.pt\/index.php?rest_route=\/wp\/v2\/types\/product"}],"wp:featuredmedia":[{"embeddable":true,"href":"https:\/\/bricer.pt\/index.php?rest_route=\/wp\/v2\/media\/2081"}],"wp:attachment":[{"href":"https:\/\/bricer.pt\/index.php?rest_route=%2Fwp%2Fv2%2Fmedia&parent=2080"}],"wp:term":[{"taxonomy":"product_brand","embeddable":true,"href":"https:\/\/bricer.pt\/index.php?rest_route=%2Fwp%2Fv2%2Fproduct_brand&post=2080"},{"taxonomy":"product_cat","embeddable":true,"href":"https:\/\/bricer.pt\/index.php?rest_route=%2Fwp%2Fv2%2Fproduct_cat&post=2080"},{"taxonomy":"product_tag","embeddable":true,"href":"https:\/\/bricer.pt\/index.php?rest_route=%2Fwp%2Fv2%2Fproduct_tag&post=2080"}],"curies":[{"name":"wp","href":"https:\/\/api.w.org\/{rel}","templated":true}]}}