{"id":207,"date":"2023-03-06T11:01:32","date_gmt":"2023-03-06T11:01:32","guid":{"rendered":"https:\/\/bricer.pt\/produto\/bio-greno-xarope-de-acer-canadiano-bio-frasco-250ml\/"},"modified":"2025-11-20T11:35:39","modified_gmt":"2025-11-20T11:35:39","slug":"bio-greno-xarope-de-acer-canadiano-bio-frasco-250ml","status":"publish","type":"product","link":"https:\/\/bricer.pt\/?product=bio-greno-xarope-de-acer-canadiano-bio-frasco-250ml","title":{"rendered":"Bio Greno Xarope de \u00c1cer Canadiano Bio Frasco 250ml"},"content":{"rendered":"<p><strong>Bio Greno Xarope de \u00c1cer Canadiano Bio Frasco 250ml.<\/strong><\/p>\n<p><img decoding=\"async\" class=\"alignnone  wp-image-13165\" src=\"https:\/\/bricer.pt\/wp-content\/uploads\/2020\/04\/BRICER_SELOS_BIO_LOW-300x286.png\" alt=\"\" width=\"100\" height=\"95\" \/><\/p>\n<p><strong>Ingredientes<\/strong>: 100% Xarope Biol\u00f3gico de \u00c1cer Canadiano.<\/p>\n<p><strong>Alerg\u00e9nios<\/strong>: Com gl\u00faten.<\/p>\n<p><strong>Declara\u00e7\u00e3o Nutricional p\/100ml:<\/strong> Energia 1480kJ\/348kcal; Hidratos Carbono 87g (dos quais a\u00e7\u00facares 85g). Cont\u00e9m pequenas quantidades de L\u00edpidos, saturados, prote\u00ednas e sal.<\/p>\n","protected":false},"excerpt":{"rendered":"<p>Bio Greno Xarope de \u00c1cer Canadiano Bio Frasco 250ml. Ingredientes: 100% Xarope Biol\u00f3gico de \u00c1cer Canadiano. Alerg\u00e9nios: Com gl\u00faten. Declara\u00e7\u00e3o Nutricional p\/100ml: Energia 1480kJ\/348kcal; Hidratos Carbono 87g (dos quais a\u00e7\u00facares 85g). Cont\u00e9m pequenas quantidades de L\u00edpidos, saturados, prote\u00ednas e sal.<\/p>\n","protected":false},"featured_media":208,"template":"","meta":[],"product_brand":[],"product_cat":[69,370],"product_tag":[],"class_list":{"0":"post-207","1":"product","2":"type-product","3":"status-publish","4":"has-post-thumbnail","6":"product_cat-alimentacao-saudavel","7":"product_cat-produtos-biologicos","8":"pa_biologica-biologica","9":"pa_marcas-bio-greno","10":"pa_pais-alemanha","12":"first","13":"instock","14":"taxable","15":"shipping-taxable","16":"product-type-simple"},"_links":{"self":[{"href":"https:\/\/bricer.pt\/index.php?rest_route=\/wp\/v2\/product\/207","targetHints":{"allow":["GET"]}}],"collection":[{"href":"https:\/\/bricer.pt\/index.php?rest_route=\/wp\/v2\/product"}],"about":[{"href":"https:\/\/bricer.pt\/index.php?rest_route=\/wp\/v2\/types\/product"}],"wp:featuredmedia":[{"embeddable":true,"href":"https:\/\/bricer.pt\/index.php?rest_route=\/wp\/v2\/media\/208"}],"wp:attachment":[{"href":"https:\/\/bricer.pt\/index.php?rest_route=%2Fwp%2Fv2%2Fmedia&parent=207"}],"wp:term":[{"taxonomy":"product_brand","embeddable":true,"href":"https:\/\/bricer.pt\/index.php?rest_route=%2Fwp%2Fv2%2Fproduct_brand&post=207"},{"taxonomy":"product_cat","embeddable":true,"href":"https:\/\/bricer.pt\/index.php?rest_route=%2Fwp%2Fv2%2Fproduct_cat&post=207"},{"taxonomy":"product_tag","embeddable":true,"href":"https:\/\/bricer.pt\/index.php?rest_route=%2Fwp%2Fv2%2Fproduct_tag&post=207"}],"curies":[{"name":"wp","href":"https:\/\/api.w.org\/{rel}","templated":true}]}}