{"id":2062,"date":"2023-03-06T11:37:17","date_gmt":"2023-03-06T11:37:17","guid":{"rendered":"https:\/\/bricer.pt\/produto\/mrs-bridges-mini-pack-de-marmeladas-celebration-frascos-126g-3x42g\/"},"modified":"2023-04-17T08:01:10","modified_gmt":"2023-04-17T08:01:10","slug":"mrs-bridges-mini-pack-de-marmeladas-celebration-frascos-126g-3x42g","status":"publish","type":"product","link":"https:\/\/bricer.pt\/?product=mrs-bridges-mini-pack-de-marmeladas-celebration-frascos-126g-3x42g","title":{"rendered":"Mrs Bridges Mini Pack de Marmeladas \u201cCelebration\u201d  Frascos 126g (3x42g)"},"content":{"rendered":"<p><strong>Mrs Bridges Mini Pack de Marmeladas \u201cCelebration\u201d<\/strong> Frascos 126g (3x42g).<\/p>\n<p>&nbsp;<\/p>\n<p><strong>Compota de Morango c\/Champagne 42g: <\/strong><br \/>\n<strong>Ingredientes<\/strong>: a\u00e7\u00facar, morangos, champagne (0,7%), agente gelificante: pectina de fruta; Marc de Champagne (0,3%), regulador de acidez: \u00e1cido c\u00edtrico. Preparado com 45g de fruta por 100g. Cont\u00e9m 65g de a\u00e7\u00facar por 100g. <strong>Alerg\u00e9nios<\/strong>: ver MAI\u00daSCULAS. <strong>Declara\u00e7\u00e3o Nutricional p\/100g:<\/strong> Energia 1154kJ\/272kcal; L\u00edpidos 0g (dos quais saturados 0g); Hidratos de Carbono 67,2g (dos quais a\u00e7\u00facares 66,9g); Prote\u00ednas 0,4g; Sal 0g.<\/p>\n<p><strong>Marmelada de Laranja c\/Champagne 42g: <\/strong><br \/>\n<strong>Ingredientes<\/strong>: a\u00e7\u00facar, laranjas, sumo de lim\u00e3o (de concentrado), champanhe (0,7%), agente gelificante: pectina de fruta, Marc de champagne (0,3%), regulador de acidez: \u00e1cido c\u00edtrico. Preparado com 35g de fruta por 100g. Cont\u00e9m 65g de a\u00e7\u00facar por 100g. <strong>Alerg\u00e9nios<\/strong>: ver MAI\u00daSCULAS. <strong>Declara\u00e7\u00e3o Nutricional p\/100g:<\/strong> Energia 1161kJ\/273kcal; L\u00edpidos 0g dos quais saturados 0g); Hidratos de Carbono 67,5g (dos quais a\u00e7\u00facares 67,4g); Prote\u00ednas 0,5g; Sal 0g.<\/p>\n","protected":false},"excerpt":{"rendered":"<p>Mrs Bridges Mini Pack de Marmeladas \u201cCelebration\u201d Frascos 126g (3x42g). &nbsp; Compota de Morango c\/Champagne 42g: Ingredientes: a\u00e7\u00facar, morangos, champagne (0,7%), agente gelificante: pectina de fruta; Marc de Champagne (0,3%), regulador de acidez: \u00e1cido c\u00edtrico. Preparado com 45g de fruta por 100g. Cont\u00e9m 65g de a\u00e7\u00facar por 100g. Alerg\u00e9nios: ver MAI\u00daSCULAS. Declara\u00e7\u00e3o Nutricional p\/100g: Energia [&hellip;]<\/p>\n","protected":false},"featured_media":2063,"template":"","meta":[],"product_brand":[],"product_cat":[325,145],"product_tag":[],"class_list":{"0":"post-2062","1":"product","2":"type-product","3":"status-publish","4":"has-post-thumbnail","6":"product_cat-packs-produtos-premium","7":"product_cat-produtos-premium","8":"pa_marcas-mrs-bridges","9":"pa_pais-reino-unido","11":"first","12":"instock","13":"taxable","14":"shipping-taxable","15":"product-type-simple"},"_links":{"self":[{"href":"https:\/\/bricer.pt\/index.php?rest_route=\/wp\/v2\/product\/2062","targetHints":{"allow":["GET"]}}],"collection":[{"href":"https:\/\/bricer.pt\/index.php?rest_route=\/wp\/v2\/product"}],"about":[{"href":"https:\/\/bricer.pt\/index.php?rest_route=\/wp\/v2\/types\/product"}],"wp:featuredmedia":[{"embeddable":true,"href":"https:\/\/bricer.pt\/index.php?rest_route=\/wp\/v2\/media\/2063"}],"wp:attachment":[{"href":"https:\/\/bricer.pt\/index.php?rest_route=%2Fwp%2Fv2%2Fmedia&parent=2062"}],"wp:term":[{"taxonomy":"product_brand","embeddable":true,"href":"https:\/\/bricer.pt\/index.php?rest_route=%2Fwp%2Fv2%2Fproduct_brand&post=2062"},{"taxonomy":"product_cat","embeddable":true,"href":"https:\/\/bricer.pt\/index.php?rest_route=%2Fwp%2Fv2%2Fproduct_cat&post=2062"},{"taxonomy":"product_tag","embeddable":true,"href":"https:\/\/bricer.pt\/index.php?rest_route=%2Fwp%2Fv2%2Fproduct_tag&post=2062"}],"curies":[{"name":"wp","href":"https:\/\/api.w.org\/{rel}","templated":true}]}}