{"id":2060,"date":"2023-03-06T11:37:05","date_gmt":"2023-03-06T11:37:05","guid":{"rendered":"https:\/\/bricer.pt\/produto\/mrs-bridges-mini-pack-de-compotas-preserve-frascos-126g-3x42g\/"},"modified":"2023-04-17T08:01:09","modified_gmt":"2023-04-17T08:01:09","slug":"mrs-bridges-mini-pack-de-compotas-preserve-frascos-126g-3x42g","status":"publish","type":"product","link":"https:\/\/bricer.pt\/?product=mrs-bridges-mini-pack-de-compotas-preserve-frascos-126g-3x42g","title":{"rendered":"Mrs Bridges Mini Pack de Compotas \u201cPreserve\u201d Frascos 126g (3x42g)"},"content":{"rendered":"<p><strong>Mrs Bridges Mini Pack de Compotas \u201cPreserve\u201d<\/strong> Frascos 126g (3x42g).<\/p>\n<p>&nbsp;<\/p>\n<p>COMPOTA DE MORANGO EXTRA 42g:<br \/>\n<strong>Ingredientes<\/strong>: a\u00e7\u00facar, morangos, agente gelificante: pectina de fruta; regulador de acidez: \u00e1cido c\u00edtrico. Preparado com 45g de fruta por 100g. Cont\u00e9m 65g de a\u00e7\u00facar por 100g. <strong>Declara\u00e7\u00e3o Nutricional p\/100g:<\/strong> Energia 1143kJ\/269kcal; L\u00edpidos 0g (dos quais saturados 0g); Hidratos de Carbono 66,8g (dos quais a\u00e7\u00facares 66,8g); Prote\u00ednas 0,4g; Sal 0g.<\/p>\n<p>PUR\u00c9 DE LIM\u00c3O 42g:<br \/>\n<strong>Ingredientes<\/strong>: a\u00e7\u00facar, OVO inteiro (pasteurizado), MANTEIGA (LEITE), sumo de lim\u00e3o (4%) (de concentrado), amido de milho modificado, agente gelificante: pectina de fruta; \u00f3leo de lim\u00e3o, regulador de acidez: \u00e1cido c\u00edtrico; emulsionante: E475. <strong>Alerg\u00e9nios<\/strong>: Ver MAI\u00daSCULAS. <strong>Declara\u00e7\u00e3o Nutricional p\/100g:<\/strong> Energia 1442kJ\/341kcal; L\u00edpidos 6,2g (dos quais \u00e1cidos gordos saturados 3,5g); Hidratos de Carbono 70g (dos quais a\u00e7\u00facares 67,1g); Prote\u00ednas 1,5g; Sal 0g.<\/p>\n<p>COMPOTA DE FRAMBOESA EXTRA 42g:<br \/>\n<strong>Ingredientes<\/strong>: a\u00e7\u00facar, framboesas, agente gelificante: pectina de fruta; regulador de acidez: \u00e1cido c\u00edtrico. Preparado com 45g de fruta por 100g. Cont\u00e9m 65g de a\u00e7\u00facar por 100g. <strong>Declara\u00e7\u00e3o Nutricional p\/100g:<\/strong> Energia 1156kJ\/272kcal; L\u00edpidos 0,2g (dos quais saturados 0g); Hidratos de Carbono 67g (dos quais a\u00e7\u00facares 66,7g); Prote\u00ednas 0,6g; Sal 0g.<\/p>\n","protected":false},"excerpt":{"rendered":"<p>Mrs Bridges Mini Pack de Compotas \u201cPreserve\u201d Frascos 126g (3x42g). &nbsp; COMPOTA DE MORANGO EXTRA 42g: Ingredientes: a\u00e7\u00facar, morangos, agente gelificante: pectina de fruta; regulador de acidez: \u00e1cido c\u00edtrico. Preparado com 45g de fruta por 100g. Cont\u00e9m 65g de a\u00e7\u00facar por 100g. Declara\u00e7\u00e3o Nutricional p\/100g: Energia 1143kJ\/269kcal; L\u00edpidos 0g (dos quais saturados 0g); Hidratos de [&hellip;]<\/p>\n","protected":false},"featured_media":2061,"template":"","meta":[],"product_brand":[],"product_cat":[323,324,145],"product_tag":[],"class_list":{"0":"post-2060","1":"product","2":"type-product","3":"status-publish","4":"has-post-thumbnail","6":"product_cat-compotasprodutos-premium","7":"product_cat-packs-compotasprodutos-premium","8":"product_cat-produtos-premium","9":"pa_marcas-mrs-bridges","10":"pa_pais-reino-unido","12":"first","13":"outofstock","14":"taxable","15":"shipping-taxable","16":"product-type-simple"},"_links":{"self":[{"href":"https:\/\/bricer.pt\/index.php?rest_route=\/wp\/v2\/product\/2060","targetHints":{"allow":["GET"]}}],"collection":[{"href":"https:\/\/bricer.pt\/index.php?rest_route=\/wp\/v2\/product"}],"about":[{"href":"https:\/\/bricer.pt\/index.php?rest_route=\/wp\/v2\/types\/product"}],"wp:featuredmedia":[{"embeddable":true,"href":"https:\/\/bricer.pt\/index.php?rest_route=\/wp\/v2\/media\/2061"}],"wp:attachment":[{"href":"https:\/\/bricer.pt\/index.php?rest_route=%2Fwp%2Fv2%2Fmedia&parent=2060"}],"wp:term":[{"taxonomy":"product_brand","embeddable":true,"href":"https:\/\/bricer.pt\/index.php?rest_route=%2Fwp%2Fv2%2Fproduct_brand&post=2060"},{"taxonomy":"product_cat","embeddable":true,"href":"https:\/\/bricer.pt\/index.php?rest_route=%2Fwp%2Fv2%2Fproduct_cat&post=2060"},{"taxonomy":"product_tag","embeddable":true,"href":"https:\/\/bricer.pt\/index.php?rest_route=%2Fwp%2Fv2%2Fproduct_tag&post=2060"}],"curies":[{"name":"wp","href":"https:\/\/api.w.org\/{rel}","templated":true}]}}