{"id":205,"date":"2023-03-06T11:01:32","date_gmt":"2023-03-06T11:01:32","guid":{"rendered":"https:\/\/bricer.pt\/produto\/bio-greno-trigo-sarraceno-bio-pacote-500g\/"},"modified":"2025-11-20T11:35:18","modified_gmt":"2025-11-20T11:35:18","slug":"bio-greno-trigo-sarraceno-bio-pacote-500g","status":"publish","type":"product","link":"https:\/\/bricer.pt\/?product=bio-greno-trigo-sarraceno-bio-pacote-500g","title":{"rendered":"Bio Greno Trigo Sarraceno Bio Pacote 500g"},"content":{"rendered":"<p><strong>Bio Greno Trigo Sarraceno Bio Pacote 500g<\/strong><\/p>\n<p><img decoding=\"async\" class=\"alignnone  wp-image-13165\" src=\"https:\/\/bricer.pt\/wp-content\/uploads\/2020\/04\/BRICER_SELOS_BIO_LOW-300x286.png\" alt=\"\" width=\"100\" height=\"95\" \/><\/p>\n<p><strong>Ingredientes<\/strong>: Trigo sarraceno descascado* (*de produ\u00e7\u00e3o biol\u00f3gica certificada).<\/p>\n<p><strong>Alerg\u00e9nios<\/strong>: ver MAI\u00daSCULAS. Pode conter vest\u00edgios de gl\u00faten, amendoim, frutos de casca rija, s\u00e9samo e soja.<\/p>\n<p><strong>Declara\u00e7\u00e3o Nutricional p\/100g:<\/strong> Energia 1467kJ\/350kcal; L\u00edpidos 1,7g (dos quais saturados 0,3g); Hidratos de Carbono 71g (dos quais a\u00e7\u00facares 0,4g); Prote\u00ednas 9,8g; Sal 0,01g.<\/p>\n","protected":false},"excerpt":{"rendered":"<p>Bio Greno Trigo Sarraceno Bio Pacote 500g Ingredientes: Trigo sarraceno descascado* (*de produ\u00e7\u00e3o biol\u00f3gica certificada). Alerg\u00e9nios: ver MAI\u00daSCULAS. Pode conter vest\u00edgios de gl\u00faten, amendoim, frutos de casca rija, s\u00e9samo e soja. Declara\u00e7\u00e3o Nutricional p\/100g: Energia 1467kJ\/350kcal; L\u00edpidos 1,7g (dos quais saturados 0,3g); Hidratos de Carbono 71g (dos quais a\u00e7\u00facares 0,4g); Prote\u00ednas 9,8g; Sal 0,01g.<\/p>\n","protected":false},"featured_media":206,"template":"","meta":[],"product_brand":[],"product_cat":[69,370],"product_tag":[],"class_list":{"0":"post-205","1":"product","2":"type-product","3":"status-publish","4":"has-post-thumbnail","6":"product_cat-alimentacao-saudavel","7":"product_cat-produtos-biologicos","8":"pa_biologica-biologica","9":"pa_marcas-bio-greno","10":"pa_pais-alemanha","12":"first","13":"instock","14":"taxable","15":"shipping-taxable","16":"product-type-simple"},"_links":{"self":[{"href":"https:\/\/bricer.pt\/index.php?rest_route=\/wp\/v2\/product\/205","targetHints":{"allow":["GET"]}}],"collection":[{"href":"https:\/\/bricer.pt\/index.php?rest_route=\/wp\/v2\/product"}],"about":[{"href":"https:\/\/bricer.pt\/index.php?rest_route=\/wp\/v2\/types\/product"}],"wp:featuredmedia":[{"embeddable":true,"href":"https:\/\/bricer.pt\/index.php?rest_route=\/wp\/v2\/media\/206"}],"wp:attachment":[{"href":"https:\/\/bricer.pt\/index.php?rest_route=%2Fwp%2Fv2%2Fmedia&parent=205"}],"wp:term":[{"taxonomy":"product_brand","embeddable":true,"href":"https:\/\/bricer.pt\/index.php?rest_route=%2Fwp%2Fv2%2Fproduct_brand&post=205"},{"taxonomy":"product_cat","embeddable":true,"href":"https:\/\/bricer.pt\/index.php?rest_route=%2Fwp%2Fv2%2Fproduct_cat&post=205"},{"taxonomy":"product_tag","embeddable":true,"href":"https:\/\/bricer.pt\/index.php?rest_route=%2Fwp%2Fv2%2Fproduct_tag&post=205"}],"curies":[{"name":"wp","href":"https:\/\/api.w.org\/{rel}","templated":true}]}}