{"id":2048,"date":"2023-03-06T11:37:05","date_gmt":"2023-03-06T11:37:05","guid":{"rendered":"https:\/\/bricer.pt\/produto\/basilur-menta-marroquina-emb-100g\/"},"modified":"2023-04-17T08:01:09","modified_gmt":"2023-04-17T08:01:09","slug":"basilur-menta-marroquina-emb-100g","status":"publish","type":"product","link":"https:\/\/bricer.pt\/?product=basilur-menta-marroquina-emb-100g","title":{"rendered":"Basilur Menta Marroquina  Emb. 100g"},"content":{"rendered":"<p><strong>Basilur Menta Marroquina<\/strong> Emb. 100g.<\/p>\n<p>&nbsp;<\/p>\n<p><strong>Ingredientes<\/strong>: 100% folhas de ch\u00e1 verde de Ceil\u00e3o, folhas de hortel\u00e3-pimenta naturais, aroma natural de menta marroquina.<\/p>\n<p><strong>Alerg\u00e9nios<\/strong>: ver MAI\u00daSCULAS.<\/p>\n<p><strong>Informa\u00e7\u00f5es Nutricionais:<\/strong> N\u00e3o Dispon\u00edvel.<\/p>\n","protected":false},"excerpt":{"rendered":"<p>Basilur Menta Marroquina Emb. 100g. &nbsp; Ingredientes: 100% folhas de ch\u00e1 verde de Ceil\u00e3o, folhas de hortel\u00e3-pimenta naturais, aroma natural de menta marroquina. Alerg\u00e9nios: ver MAI\u00daSCULAS. Informa\u00e7\u00f5es Nutricionais: N\u00e3o Dispon\u00edvel.<\/p>\n","protected":false},"featured_media":2049,"template":"","meta":[],"product_brand":[],"product_cat":[322,145],"product_tag":[],"class_list":{"0":"post-2048","1":"product","2":"type-product","3":"status-publish","4":"has-post-thumbnail","6":"product_cat-chas-produtos-premium","7":"product_cat-produtos-premium","8":"pa_marcas-basilur","9":"pa_pais-sri-lanka","11":"first","12":"outofstock","13":"taxable","14":"shipping-taxable","15":"product-type-simple"},"_links":{"self":[{"href":"https:\/\/bricer.pt\/index.php?rest_route=\/wp\/v2\/product\/2048","targetHints":{"allow":["GET"]}}],"collection":[{"href":"https:\/\/bricer.pt\/index.php?rest_route=\/wp\/v2\/product"}],"about":[{"href":"https:\/\/bricer.pt\/index.php?rest_route=\/wp\/v2\/types\/product"}],"wp:featuredmedia":[{"embeddable":true,"href":"https:\/\/bricer.pt\/index.php?rest_route=\/wp\/v2\/media\/2049"}],"wp:attachment":[{"href":"https:\/\/bricer.pt\/index.php?rest_route=%2Fwp%2Fv2%2Fmedia&parent=2048"}],"wp:term":[{"taxonomy":"product_brand","embeddable":true,"href":"https:\/\/bricer.pt\/index.php?rest_route=%2Fwp%2Fv2%2Fproduct_brand&post=2048"},{"taxonomy":"product_cat","embeddable":true,"href":"https:\/\/bricer.pt\/index.php?rest_route=%2Fwp%2Fv2%2Fproduct_cat&post=2048"},{"taxonomy":"product_tag","embeddable":true,"href":"https:\/\/bricer.pt\/index.php?rest_route=%2Fwp%2Fv2%2Fproduct_tag&post=2048"}],"curies":[{"name":"wp","href":"https:\/\/api.w.org\/{rel}","templated":true}]}}