{"id":2046,"date":"2023-03-06T11:37:05","date_gmt":"2023-03-06T11:37:05","guid":{"rendered":"https:\/\/bricer.pt\/produto\/basilur-presente-dourado-emb-100g\/"},"modified":"2023-04-17T08:01:09","modified_gmt":"2023-04-17T08:01:09","slug":"basilur-presente-dourado-emb-100g","status":"publish","type":"product","link":"https:\/\/bricer.pt\/?product=basilur-presente-dourado-emb-100g","title":{"rendered":"Basilur Presente Dourado  Emb. 100g"},"content":{"rendered":"<p><strong>Basilur Presente Dourado<\/strong> Emb. 100g.<\/p>\n<p>&nbsp;<\/p>\n<p><strong>Ingredientes<\/strong>: 100% Folhas de ch\u00e1 preto puro de Ceil\u00e3o com bot\u00f5es de Jasmim natural, malva azul, peda\u00e7os de coco e aromas de AM\u00caNDOAS tostadas e cereja.<\/p>\n<p><strong>Alerg\u00e9nios<\/strong>: ver MAI\u00daSCULAS.<\/p>\n","protected":false},"excerpt":{"rendered":"<p>Basilur Presente Dourado Emb. 100g. &nbsp; Ingredientes: 100% Folhas de ch\u00e1 preto puro de Ceil\u00e3o com bot\u00f5es de Jasmim natural, malva azul, peda\u00e7os de coco e aromas de AM\u00caNDOAS tostadas e cereja. Alerg\u00e9nios: ver MAI\u00daSCULAS.<\/p>\n","protected":false},"featured_media":2047,"template":"","meta":[],"product_brand":[],"product_cat":[322,145],"product_tag":[],"class_list":{"0":"post-2046","1":"product","2":"type-product","3":"status-publish","4":"has-post-thumbnail","6":"product_cat-chas-produtos-premium","7":"product_cat-produtos-premium","8":"pa_marcas-basilur","9":"pa_pais-sri-lanka","11":"first","12":"outofstock","13":"taxable","14":"shipping-taxable","15":"product-type-simple"},"_links":{"self":[{"href":"https:\/\/bricer.pt\/index.php?rest_route=\/wp\/v2\/product\/2046","targetHints":{"allow":["GET"]}}],"collection":[{"href":"https:\/\/bricer.pt\/index.php?rest_route=\/wp\/v2\/product"}],"about":[{"href":"https:\/\/bricer.pt\/index.php?rest_route=\/wp\/v2\/types\/product"}],"wp:featuredmedia":[{"embeddable":true,"href":"https:\/\/bricer.pt\/index.php?rest_route=\/wp\/v2\/media\/2047"}],"wp:attachment":[{"href":"https:\/\/bricer.pt\/index.php?rest_route=%2Fwp%2Fv2%2Fmedia&parent=2046"}],"wp:term":[{"taxonomy":"product_brand","embeddable":true,"href":"https:\/\/bricer.pt\/index.php?rest_route=%2Fwp%2Fv2%2Fproduct_brand&post=2046"},{"taxonomy":"product_cat","embeddable":true,"href":"https:\/\/bricer.pt\/index.php?rest_route=%2Fwp%2Fv2%2Fproduct_cat&post=2046"},{"taxonomy":"product_tag","embeddable":true,"href":"https:\/\/bricer.pt\/index.php?rest_route=%2Fwp%2Fv2%2Fproduct_tag&post=2046"}],"curies":[{"name":"wp","href":"https:\/\/api.w.org\/{rel}","templated":true}]}}