{"id":2044,"date":"2023-03-06T11:37:05","date_gmt":"2023-03-06T11:37:05","guid":{"rendered":"https:\/\/bricer.pt\/produto\/basilur-lata-magia-branca-emb-100g\/"},"modified":"2023-04-17T08:01:08","modified_gmt":"2023-04-17T08:01:08","slug":"basilur-lata-magia-branca-emb-100g","status":"publish","type":"product","link":"https:\/\/bricer.pt\/?product=basilur-lata-magia-branca-emb-100g","title":{"rendered":"Basilur Lata Magia Branca  Emb. 100g"},"content":{"rendered":"<p><strong>Basilur Lata Magia Branca<\/strong> Emb. 100g.<\/p>\n<p>&nbsp;<\/p>\n<p><strong>Ingredientes<\/strong>: Folhas de ch\u00e1 verde de Ceil\u00e3o misturadas com outras folhas de ch\u00e1 verde de origem &#8220;Milk Oolong&#8221; e aroma a LEITE.<\/p>\n<p><strong>Alerg\u00e9nios<\/strong>: ver MAI\u00daSCULAS.<\/p>\n<p><strong>Informa\u00e7\u00f5es Nutricionais:<\/strong> N\u00e3o Dispon\u00edvel.<\/p>\n","protected":false},"excerpt":{"rendered":"<p>Basilur Lata Magia Branca Emb. 100g. &nbsp; Ingredientes: Folhas de ch\u00e1 verde de Ceil\u00e3o misturadas com outras folhas de ch\u00e1 verde de origem &#8220;Milk Oolong&#8221; e aroma a LEITE. Alerg\u00e9nios: ver MAI\u00daSCULAS. Informa\u00e7\u00f5es Nutricionais: N\u00e3o Dispon\u00edvel.<\/p>\n","protected":false},"featured_media":2045,"template":"","meta":[],"product_brand":[],"product_cat":[322,145],"product_tag":[],"class_list":{"0":"post-2044","1":"product","2":"type-product","3":"status-publish","4":"has-post-thumbnail","6":"product_cat-chas-produtos-premium","7":"product_cat-produtos-premium","8":"pa_marcas-basilur","9":"pa_pais-sri-lanka","11":"first","12":"outofstock","13":"taxable","14":"shipping-taxable","15":"product-type-simple"},"_links":{"self":[{"href":"https:\/\/bricer.pt\/index.php?rest_route=\/wp\/v2\/product\/2044","targetHints":{"allow":["GET"]}}],"collection":[{"href":"https:\/\/bricer.pt\/index.php?rest_route=\/wp\/v2\/product"}],"about":[{"href":"https:\/\/bricer.pt\/index.php?rest_route=\/wp\/v2\/types\/product"}],"wp:featuredmedia":[{"embeddable":true,"href":"https:\/\/bricer.pt\/index.php?rest_route=\/wp\/v2\/media\/2045"}],"wp:attachment":[{"href":"https:\/\/bricer.pt\/index.php?rest_route=%2Fwp%2Fv2%2Fmedia&parent=2044"}],"wp:term":[{"taxonomy":"product_brand","embeddable":true,"href":"https:\/\/bricer.pt\/index.php?rest_route=%2Fwp%2Fv2%2Fproduct_brand&post=2044"},{"taxonomy":"product_cat","embeddable":true,"href":"https:\/\/bricer.pt\/index.php?rest_route=%2Fwp%2Fv2%2Fproduct_cat&post=2044"},{"taxonomy":"product_tag","embeddable":true,"href":"https:\/\/bricer.pt\/index.php?rest_route=%2Fwp%2Fv2%2Fproduct_tag&post=2044"}],"curies":[{"name":"wp","href":"https:\/\/api.w.org\/{rel}","templated":true}]}}