{"id":2040,"date":"2023-03-06T11:37:05","date_gmt":"2023-03-06T11:37:05","guid":{"rendered":"https:\/\/bricer.pt\/produto\/fil-choice-mistura-p-tempero-c-tamarindo-emb-40g\/"},"modified":"2023-04-17T08:01:08","modified_gmt":"2023-04-17T08:01:08","slug":"fil-choice-mistura-p-tempero-c-tamarindo-emb-40g","status":"publish","type":"product","link":"https:\/\/bricer.pt\/?product=fil-choice-mistura-p-tempero-c-tamarindo-emb-40g","title":{"rendered":"Fil-Choice Mistura p\/ Tempero c\/ Tamarindo  Emb. 40g"},"content":{"rendered":"<p><strong>Fil-Choice Mistura p\/ Tempero c\/ Tamarindo<\/strong> Emb. 40g.<\/p>\n<p>&nbsp;<\/p>\n<p><strong>Ingredientes<\/strong>: sal, a\u00e7\u00facar, acidificante: E330; intensificador de sabor: E621, tamarindo 8,5%, prote\u00edna vegetal hidrolisada (SOJA, MILHO), cebolas em p\u00f3, pimenta preta.<\/p>\n<p><strong>Alerg\u00e9nios<\/strong>: Ver MAI\u00daSCULAS.<\/p>\n<p><strong>Declara\u00e7\u00e3o Nutricional p\/100g:<\/strong> Energia 967kJ\/231kcal; L\u00edpidos 0,7g (dos quais saturados 0g); Hidratos de Carbono 48g (dos quais a\u00e7\u00facares 22g); Prote\u00ednas 7,4g; Sal 34,1g.<\/p>\n","protected":false},"excerpt":{"rendered":"<p>Fil-Choice Mistura p\/ Tempero c\/ Tamarindo Emb. 40g. &nbsp; Ingredientes: sal, a\u00e7\u00facar, acidificante: E330; intensificador de sabor: E621, tamarindo 8,5%, prote\u00edna vegetal hidrolisada (SOJA, MILHO), cebolas em p\u00f3, pimenta preta. Alerg\u00e9nios: Ver MAI\u00daSCULAS. Declara\u00e7\u00e3o Nutricional p\/100g: Energia 967kJ\/231kcal; L\u00edpidos 0,7g (dos quais saturados 0g); Hidratos de Carbono 48g (dos quais a\u00e7\u00facares 22g); Prote\u00ednas 7,4g; Sal [&hellip;]<\/p>\n","protected":false},"featured_media":2041,"template":"","meta":[],"product_brand":[],"product_cat":[159,33,24],"product_tag":[],"class_list":{"0":"post-2040","1":"product","2":"type-product","3":"status-publish","4":"has-post-thumbnail","6":"product_cat-diversos-mercearia-asiatica","7":"product_cat-mercearia-asiatica","8":"product_cat-sabores-do-mundo","9":"pa_marcas-fil-choice","11":"first","12":"outofstock","13":"taxable","14":"shipping-taxable","15":"product-type-simple"},"_links":{"self":[{"href":"https:\/\/bricer.pt\/index.php?rest_route=\/wp\/v2\/product\/2040","targetHints":{"allow":["GET"]}}],"collection":[{"href":"https:\/\/bricer.pt\/index.php?rest_route=\/wp\/v2\/product"}],"about":[{"href":"https:\/\/bricer.pt\/index.php?rest_route=\/wp\/v2\/types\/product"}],"wp:featuredmedia":[{"embeddable":true,"href":"https:\/\/bricer.pt\/index.php?rest_route=\/wp\/v2\/media\/2041"}],"wp:attachment":[{"href":"https:\/\/bricer.pt\/index.php?rest_route=%2Fwp%2Fv2%2Fmedia&parent=2040"}],"wp:term":[{"taxonomy":"product_brand","embeddable":true,"href":"https:\/\/bricer.pt\/index.php?rest_route=%2Fwp%2Fv2%2Fproduct_brand&post=2040"},{"taxonomy":"product_cat","embeddable":true,"href":"https:\/\/bricer.pt\/index.php?rest_route=%2Fwp%2Fv2%2Fproduct_cat&post=2040"},{"taxonomy":"product_tag","embeddable":true,"href":"https:\/\/bricer.pt\/index.php?rest_route=%2Fwp%2Fv2%2Fproduct_tag&post=2040"}],"curies":[{"name":"wp","href":"https:\/\/api.w.org\/{rel}","templated":true}]}}