{"id":2038,"date":"2023-03-06T11:37:05","date_gmt":"2023-03-06T11:37:05","guid":{"rendered":"https:\/\/bricer.pt\/produto\/flying-goose-sopa-tom-yum-lata-400ml\/"},"modified":"2023-04-17T08:01:08","modified_gmt":"2023-04-17T08:01:08","slug":"flying-goose-sopa-tom-yum-lata-400ml","status":"publish","type":"product","link":"https:\/\/bricer.pt\/?product=flying-goose-sopa-tom-yum-lata-400ml","title":{"rendered":"Flying Goose Sopa &#8220;Tom Yum&#8221;  Lata 400ml"},"content":{"rendered":"<p><strong>Flying Goose Sopa &#8220;Tom Yum&#8221;<\/strong> Lata 400ml.<\/p>\n<p>&nbsp;<\/p>\n<p><strong>Ingredientes<\/strong>: \u00e1gua, leite de coco, cogumelos, pasta picante &#8220;Tom Yum&#8221; (erva-pr\u00edncipe, pasta de chili (\u00f3leo de sementes de MOSTARDA, chalota, malagueta, a\u00e7\u00facar, sal), \u00f3leo de sementes de MOSTARDA, galanga, sal, acidificante: E330; lima Kaffir) a\u00e7\u00facar, galanga, erva-pr\u00edncipe, sal, malagueta, AIPO, folhas de lima.<\/p>\n<p><strong>Alerg\u00e9nios<\/strong>: Ver MAI\u00daSCULAS.<\/p>\n<p><strong>Declara\u00e7\u00e3o Nutricional p\/100ml<\/strong>: Energia 260kJ\/60kcal; L\u00edpidos 4,5g (dos quais saturados 3g); Hidratos de Carbono 5g (dos quais a\u00e7\u00facares 3g); Prote\u00ednas 1g; Sal 1,1g.<\/p>\n","protected":false},"excerpt":{"rendered":"<p>Flying Goose Sopa &#8220;Tom Yum&#8221; Lata 400ml. &nbsp; Ingredientes: \u00e1gua, leite de coco, cogumelos, pasta picante &#8220;Tom Yum&#8221; (erva-pr\u00edncipe, pasta de chili (\u00f3leo de sementes de MOSTARDA, chalota, malagueta, a\u00e7\u00facar, sal), \u00f3leo de sementes de MOSTARDA, galanga, sal, acidificante: E330; lima Kaffir) a\u00e7\u00facar, galanga, erva-pr\u00edncipe, sal, malagueta, AIPO, folhas de lima. Alerg\u00e9nios: Ver MAI\u00daSCULAS. Declara\u00e7\u00e3o [&hellip;]<\/p>\n","protected":false},"featured_media":2039,"template":"","meta":[],"product_brand":[],"product_cat":[159,33,24],"product_tag":[],"class_list":{"0":"post-2038","1":"product","2":"type-product","3":"status-publish","4":"has-post-thumbnail","6":"product_cat-diversos-mercearia-asiatica","7":"product_cat-mercearia-asiatica","8":"product_cat-sabores-do-mundo","9":"pa_marcas-flying-goose","10":"pa_pais-vietname","12":"first","13":"outofstock","14":"taxable","15":"shipping-taxable","16":"product-type-simple"},"_links":{"self":[{"href":"https:\/\/bricer.pt\/index.php?rest_route=\/wp\/v2\/product\/2038","targetHints":{"allow":["GET"]}}],"collection":[{"href":"https:\/\/bricer.pt\/index.php?rest_route=\/wp\/v2\/product"}],"about":[{"href":"https:\/\/bricer.pt\/index.php?rest_route=\/wp\/v2\/types\/product"}],"wp:featuredmedia":[{"embeddable":true,"href":"https:\/\/bricer.pt\/index.php?rest_route=\/wp\/v2\/media\/2039"}],"wp:attachment":[{"href":"https:\/\/bricer.pt\/index.php?rest_route=%2Fwp%2Fv2%2Fmedia&parent=2038"}],"wp:term":[{"taxonomy":"product_brand","embeddable":true,"href":"https:\/\/bricer.pt\/index.php?rest_route=%2Fwp%2Fv2%2Fproduct_brand&post=2038"},{"taxonomy":"product_cat","embeddable":true,"href":"https:\/\/bricer.pt\/index.php?rest_route=%2Fwp%2Fv2%2Fproduct_cat&post=2038"},{"taxonomy":"product_tag","embeddable":true,"href":"https:\/\/bricer.pt\/index.php?rest_route=%2Fwp%2Fv2%2Fproduct_tag&post=2038"}],"curies":[{"name":"wp","href":"https:\/\/api.w.org\/{rel}","templated":true}]}}