{"id":2036,"date":"2023-03-06T11:37:05","date_gmt":"2023-03-06T11:37:05","guid":{"rendered":"https:\/\/bricer.pt\/produto\/lien-ying-coco-em-po-saqueta-50g\/"},"modified":"2023-04-17T08:01:08","modified_gmt":"2023-04-17T08:01:08","slug":"lien-ying-coco-em-po-saqueta-50g","status":"publish","type":"product","link":"https:\/\/bricer.pt\/?product=lien-ying-coco-em-po-saqueta-50g","title":{"rendered":"Lien Ying  Coco em P\u00f3  Saqueta 50g"},"content":{"rendered":"<p><strong>Lien Ying Coco em P\u00f3<\/strong> Saqueta 50g.<\/p>\n<p>&nbsp;<\/p>\n<p><strong>Ingredientes<\/strong>: extrato de coco (82%), maltodextrina, prote\u00edna do LEITE.<\/p>\n<p><strong>Alerg\u00e9nios<\/strong>: ver MAI\u00daSCULAS.<\/p>\n<p><strong>Declara\u00e7\u00e3o Nutricional p\/100g:<\/strong> Energia 2849kJ\/688kcal; L\u00edpidos 60g (dos quais saturados 55g); Hidratos de Carbono 28g (dos quais a\u00e7\u00facares 13g); Prote\u00ednas 9,0g; Sal 0,50g.<\/p>\n<p>&nbsp;<\/p>\n","protected":false},"excerpt":{"rendered":"<p>Lien Ying Coco em P\u00f3 Saqueta 50g. &nbsp; Ingredientes: extrato de coco (82%), maltodextrina, prote\u00edna do LEITE. Alerg\u00e9nios: ver MAI\u00daSCULAS. Declara\u00e7\u00e3o Nutricional p\/100g: Energia 2849kJ\/688kcal; L\u00edpidos 60g (dos quais saturados 55g); Hidratos de Carbono 28g (dos quais a\u00e7\u00facares 13g); Prote\u00ednas 9,0g; Sal 0,50g. &nbsp;<\/p>\n","protected":false},"featured_media":2037,"template":"","meta":[],"product_brand":[],"product_cat":[159,33,24],"product_tag":[],"class_list":{"0":"post-2036","1":"product","2":"type-product","3":"status-publish","4":"has-post-thumbnail","6":"product_cat-diversos-mercearia-asiatica","7":"product_cat-mercearia-asiatica","8":"product_cat-sabores-do-mundo","9":"pa_marcas-lien-ying","10":"pa_pais-china","12":"first","13":"instock","14":"taxable","15":"shipping-taxable","16":"product-type-simple"},"_links":{"self":[{"href":"https:\/\/bricer.pt\/index.php?rest_route=\/wp\/v2\/product\/2036","targetHints":{"allow":["GET"]}}],"collection":[{"href":"https:\/\/bricer.pt\/index.php?rest_route=\/wp\/v2\/product"}],"about":[{"href":"https:\/\/bricer.pt\/index.php?rest_route=\/wp\/v2\/types\/product"}],"wp:featuredmedia":[{"embeddable":true,"href":"https:\/\/bricer.pt\/index.php?rest_route=\/wp\/v2\/media\/2037"}],"wp:attachment":[{"href":"https:\/\/bricer.pt\/index.php?rest_route=%2Fwp%2Fv2%2Fmedia&parent=2036"}],"wp:term":[{"taxonomy":"product_brand","embeddable":true,"href":"https:\/\/bricer.pt\/index.php?rest_route=%2Fwp%2Fv2%2Fproduct_brand&post=2036"},{"taxonomy":"product_cat","embeddable":true,"href":"https:\/\/bricer.pt\/index.php?rest_route=%2Fwp%2Fv2%2Fproduct_cat&post=2036"},{"taxonomy":"product_tag","embeddable":true,"href":"https:\/\/bricer.pt\/index.php?rest_route=%2Fwp%2Fv2%2Fproduct_tag&post=2036"}],"curies":[{"name":"wp","href":"https:\/\/api.w.org\/{rel}","templated":true}]}}