{"id":2034,"date":"2023-03-06T11:37:05","date_gmt":"2023-03-06T11:37:05","guid":{"rendered":"https:\/\/bricer.pt\/produto\/sabita-pickle-de-alho-frasco-210g\/"},"modified":"2023-04-17T08:01:08","modified_gmt":"2023-04-17T08:01:08","slug":"sabita-pickle-de-alho-frasco-210g","status":"publish","type":"product","link":"https:\/\/bricer.pt\/?product=sabita-pickle-de-alho-frasco-210g","title":{"rendered":"Sabita Pickle de Alho  Frasco 210g"},"content":{"rendered":"<p><strong>Sabita Pickle de Alho<\/strong> Frasco 210g.<\/p>\n<p><img decoding=\"async\" class=\"alignnone  wp-image-13166\" src=\"https:\/\/bricer.pt\/wp-content\/uploads\/2020\/04\/BRICER_SELOS_VEGANO_LOW-300x286.png\" alt=\"\" width=\"100\" height=\"95\" \/><\/p>\n<p><strong>Ingredientes<\/strong>: Alho (55%), cebola, \u00f3leo de girassol, sal, MOSTARDA, feno-grego,<br \/>\nlentilhas, pimenta, assa-f\u00e9tida, regulador de acidez: \u00e1cido ac\u00e9tico.<\/p>\n<p><strong>Alerg\u00e9nios<\/strong>: ver MAI\u00daSCULAS. Adequado a veganos.<\/p>\n<p><strong>Declara\u00e7\u00e3o Nutricional p\/100g:<\/strong> Energia 677kJ\/162kcal; L\u00edpidos 5,2g (dos<br \/>\nquais saturados 1,0g); Hidratos de Carbono 25g (dos quais a\u00e7\u00facares 11g);<br \/>\nProte\u00ednas 3,9g; Sal 7,3g.<\/p>\n","protected":false},"excerpt":{"rendered":"<p>Sabita Pickle de Alho Frasco 210g. Ingredientes: Alho (55%), cebola, \u00f3leo de girassol, sal, MOSTARDA, feno-grego, lentilhas, pimenta, assa-f\u00e9tida, regulador de acidez: \u00e1cido ac\u00e9tico. Alerg\u00e9nios: ver MAI\u00daSCULAS. Adequado a veganos. Declara\u00e7\u00e3o Nutricional p\/100g: Energia 677kJ\/162kcal; L\u00edpidos 5,2g (dos quais saturados 1,0g); Hidratos de Carbono 25g (dos quais a\u00e7\u00facares 11g); Prote\u00ednas 3,9g; Sal 7,3g.<\/p>\n","protected":false},"featured_media":2035,"template":"","meta":[],"product_brand":[],"product_cat":[238,315,24],"product_tag":[],"class_list":{"0":"post-2034","1":"product","2":"type-product","3":"status-publish","4":"has-post-thumbnail","6":"product_cat-mercearia-indiana","7":"product_cat-pastas-mercearia-indiana","8":"product_cat-sabores-do-mundo","9":"pa_marcas-sabita","10":"pa_pais-india","12":"first","13":"instock","14":"taxable","15":"shipping-taxable","16":"product-type-simple"},"_links":{"self":[{"href":"https:\/\/bricer.pt\/index.php?rest_route=\/wp\/v2\/product\/2034","targetHints":{"allow":["GET"]}}],"collection":[{"href":"https:\/\/bricer.pt\/index.php?rest_route=\/wp\/v2\/product"}],"about":[{"href":"https:\/\/bricer.pt\/index.php?rest_route=\/wp\/v2\/types\/product"}],"wp:featuredmedia":[{"embeddable":true,"href":"https:\/\/bricer.pt\/index.php?rest_route=\/wp\/v2\/media\/2035"}],"wp:attachment":[{"href":"https:\/\/bricer.pt\/index.php?rest_route=%2Fwp%2Fv2%2Fmedia&parent=2034"}],"wp:term":[{"taxonomy":"product_brand","embeddable":true,"href":"https:\/\/bricer.pt\/index.php?rest_route=%2Fwp%2Fv2%2Fproduct_brand&post=2034"},{"taxonomy":"product_cat","embeddable":true,"href":"https:\/\/bricer.pt\/index.php?rest_route=%2Fwp%2Fv2%2Fproduct_cat&post=2034"},{"taxonomy":"product_tag","embeddable":true,"href":"https:\/\/bricer.pt\/index.php?rest_route=%2Fwp%2Fv2%2Fproduct_tag&post=2034"}],"curies":[{"name":"wp","href":"https:\/\/api.w.org\/{rel}","templated":true}]}}