{"id":2032,"date":"2023-03-06T11:37:05","date_gmt":"2023-03-06T11:37:05","guid":{"rendered":"https:\/\/bricer.pt\/produto\/sabita-pickle-de-gengibre-frasco-210g\/"},"modified":"2023-04-17T08:01:08","modified_gmt":"2023-04-17T08:01:08","slug":"sabita-pickle-de-gengibre-frasco-210g","status":"publish","type":"product","link":"https:\/\/bricer.pt\/?product=sabita-pickle-de-gengibre-frasco-210g","title":{"rendered":"Sabita Pickle de Gengibre  Frasco 210g"},"content":{"rendered":"<p><strong>Sabita Pickle de Gengibre<\/strong> Frasco 210g.<\/p>\n<p><img decoding=\"async\" class=\"alignnone  wp-image-13166\" src=\"https:\/\/bricer.pt\/wp-content\/uploads\/2020\/04\/BRICER_SELOS_VEGANO_LOW-300x286.png\" alt=\"\" width=\"100\" height=\"95\" \/><\/p>\n<p><strong>Ingredientes<\/strong>: Gengibre (65%), \u00f3leo de girassol, sal, MOSTARDA, feno-grego, lentilhas, pimenta, assa-f\u00e9tida, regulador de acidez: \u00e1cido ac\u00e9tico.<\/p>\n<p><strong>Alerg\u00e9nios<\/strong>: ver MAI\u00daSCULAS. Adequado a veganos.<\/p>\n<p><strong>Informa\u00e7\u00e3o Nutricional p\/100g:\u00a0<\/strong>Energia 1342kJ\/321kcal; L\u00edpidos 29g (dos quais saturados 5,7g); Hidratos de Carbono 11g (dos quais a\u00e7\u00facares 2,1g); Prote\u00ednas 4,5g; Sal 7,7g.<\/p>\n","protected":false},"excerpt":{"rendered":"<p>Sabita Pickle de Gengibre Frasco 210g. Ingredientes: Gengibre (65%), \u00f3leo de girassol, sal, MOSTARDA, feno-grego, lentilhas, pimenta, assa-f\u00e9tida, regulador de acidez: \u00e1cido ac\u00e9tico. Alerg\u00e9nios: ver MAI\u00daSCULAS. Adequado a veganos. Informa\u00e7\u00e3o Nutricional p\/100g:\u00a0Energia 1342kJ\/321kcal; L\u00edpidos 29g (dos quais saturados 5,7g); Hidratos de Carbono 11g (dos quais a\u00e7\u00facares 2,1g); Prote\u00ednas 4,5g; Sal 7,7g.<\/p>\n","protected":false},"featured_media":2033,"template":"","meta":[],"product_brand":[],"product_cat":[238,315,24],"product_tag":[],"class_list":{"0":"post-2032","1":"product","2":"type-product","3":"status-publish","4":"has-post-thumbnail","6":"product_cat-mercearia-indiana","7":"product_cat-pastas-mercearia-indiana","8":"product_cat-sabores-do-mundo","9":"pa_marcas-sabita","10":"pa_pais-india","12":"first","13":"instock","14":"taxable","15":"shipping-taxable","16":"product-type-simple"},"_links":{"self":[{"href":"https:\/\/bricer.pt\/index.php?rest_route=\/wp\/v2\/product\/2032","targetHints":{"allow":["GET"]}}],"collection":[{"href":"https:\/\/bricer.pt\/index.php?rest_route=\/wp\/v2\/product"}],"about":[{"href":"https:\/\/bricer.pt\/index.php?rest_route=\/wp\/v2\/types\/product"}],"wp:featuredmedia":[{"embeddable":true,"href":"https:\/\/bricer.pt\/index.php?rest_route=\/wp\/v2\/media\/2033"}],"wp:attachment":[{"href":"https:\/\/bricer.pt\/index.php?rest_route=%2Fwp%2Fv2%2Fmedia&parent=2032"}],"wp:term":[{"taxonomy":"product_brand","embeddable":true,"href":"https:\/\/bricer.pt\/index.php?rest_route=%2Fwp%2Fv2%2Fproduct_brand&post=2032"},{"taxonomy":"product_cat","embeddable":true,"href":"https:\/\/bricer.pt\/index.php?rest_route=%2Fwp%2Fv2%2Fproduct_cat&post=2032"},{"taxonomy":"product_tag","embeddable":true,"href":"https:\/\/bricer.pt\/index.php?rest_route=%2Fwp%2Fv2%2Fproduct_tag&post=2032"}],"curies":[{"name":"wp","href":"https:\/\/api.w.org\/{rel}","templated":true}]}}