{"id":2030,"date":"2023-03-06T11:37:05","date_gmt":"2023-03-06T11:37:05","guid":{"rendered":"https:\/\/bricer.pt\/produto\/sabita-pickle-de-beringela-frasco-250g\/"},"modified":"2023-04-17T08:01:08","modified_gmt":"2023-04-17T08:01:08","slug":"sabita-pickle-de-beringela-frasco-250g","status":"publish","type":"product","link":"https:\/\/bricer.pt\/?product=sabita-pickle-de-beringela-frasco-250g","title":{"rendered":"Sabita Pickle de Beringela  Frasco 250g"},"content":{"rendered":"<p><strong>Sabita Pickle de Beringela<\/strong>\u00a0 Frasco 250g.<\/p>\n<p><img decoding=\"async\" class=\"alignnone  wp-image-13166\" src=\"https:\/\/bricer.pt\/wp-content\/uploads\/2020\/04\/BRICER_SELOS_VEGANO_LOW-300x286.png\" alt=\"\" width=\"100\" height=\"95\" \/><\/p>\n<p><strong>Ingredientes<\/strong>: Beringelas (50%), a\u00e7\u00facar, feno-grego, alho, cominhos, sal, MOSTARDA, pimenta, coentros, lentilhas, curcuma, anis, \u00f3leo de girassol, regulador de acidez: \u00e1cido ac\u00e9tico.<\/p>\n<p><strong>Alerg\u00e9nios<\/strong>: ver MAI\u00daSCULAS. Adequado a veganos.<\/p>\n<p><strong>Declara\u00e7\u00e3o Nutricional p\/100g:<\/strong> Energia 1250kJ\/299kcal; L\u00edpidos 6,3g (dos quais saturados 1,2g); Hidratos de Carbono 59g (dos quais a\u00e7\u00facares 35g); Prote\u00ednas 1,5g; Sal 2,5g.<\/p>\n","protected":false},"excerpt":{"rendered":"<p>Sabita Pickle de Beringela\u00a0 Frasco 250g. Ingredientes: Beringelas (50%), a\u00e7\u00facar, feno-grego, alho, cominhos, sal, MOSTARDA, pimenta, coentros, lentilhas, curcuma, anis, \u00f3leo de girassol, regulador de acidez: \u00e1cido ac\u00e9tico. Alerg\u00e9nios: ver MAI\u00daSCULAS. Adequado a veganos. Declara\u00e7\u00e3o Nutricional p\/100g: Energia 1250kJ\/299kcal; L\u00edpidos 6,3g (dos quais saturados 1,2g); Hidratos de Carbono 59g (dos quais a\u00e7\u00facares 35g); Prote\u00ednas 1,5g; [&hellip;]<\/p>\n","protected":false},"featured_media":2031,"template":"","meta":[],"product_brand":[],"product_cat":[238,315,24],"product_tag":[],"class_list":{"0":"post-2030","1":"product","2":"type-product","3":"status-publish","4":"has-post-thumbnail","6":"product_cat-mercearia-indiana","7":"product_cat-pastas-mercearia-indiana","8":"product_cat-sabores-do-mundo","9":"pa_marcas-sabita","10":"pa_pais-india","12":"first","13":"instock","14":"taxable","15":"shipping-taxable","16":"product-type-simple"},"_links":{"self":[{"href":"https:\/\/bricer.pt\/index.php?rest_route=\/wp\/v2\/product\/2030","targetHints":{"allow":["GET"]}}],"collection":[{"href":"https:\/\/bricer.pt\/index.php?rest_route=\/wp\/v2\/product"}],"about":[{"href":"https:\/\/bricer.pt\/index.php?rest_route=\/wp\/v2\/types\/product"}],"wp:featuredmedia":[{"embeddable":true,"href":"https:\/\/bricer.pt\/index.php?rest_route=\/wp\/v2\/media\/2031"}],"wp:attachment":[{"href":"https:\/\/bricer.pt\/index.php?rest_route=%2Fwp%2Fv2%2Fmedia&parent=2030"}],"wp:term":[{"taxonomy":"product_brand","embeddable":true,"href":"https:\/\/bricer.pt\/index.php?rest_route=%2Fwp%2Fv2%2Fproduct_brand&post=2030"},{"taxonomy":"product_cat","embeddable":true,"href":"https:\/\/bricer.pt\/index.php?rest_route=%2Fwp%2Fv2%2Fproduct_cat&post=2030"},{"taxonomy":"product_tag","embeddable":true,"href":"https:\/\/bricer.pt\/index.php?rest_route=%2Fwp%2Fv2%2Fproduct_tag&post=2030"}],"curies":[{"name":"wp","href":"https:\/\/api.w.org\/{rel}","templated":true}]}}