{"id":2028,"date":"2023-03-06T11:37:05","date_gmt":"2023-03-06T11:37:05","guid":{"rendered":"https:\/\/bricer.pt\/produto\/sabita-pasta-biryani-emb-40g\/"},"modified":"2023-04-17T08:01:08","modified_gmt":"2023-04-17T08:01:08","slug":"sabita-pasta-biryani-emb-40g","status":"publish","type":"product","link":"https:\/\/bricer.pt\/?product=sabita-pasta-biryani-emb-40g","title":{"rendered":"Sabita Pasta &#8220;Biryani&#8221;  Emb. 40g"},"content":{"rendered":"<p><strong>Sabita Pasta &#8220;Biryani&#8221;\u00a0\u00a0<\/strong> Emb. 40g.<\/p>\n<p>&nbsp;<\/p>\n<p><strong>Ingredientes<\/strong>: gordura de palma, caril (12%: curcuma, coentro, cominho, farinha de mostarda, pimenta, alho, cebola, pimenta da Jamaica, feno-grego, noz-moscada,<br \/>\ngengibre, endro, canela, anis estrelado), sal, a\u00e7\u00facar, gordura de manteiga, cas-<br \/>\ntanha de caju, gengibre, a\u00e7\u00facar invertido, farinha de mostarda, anis estrelado<br \/>\ncom canela.<\/p>\n<p><strong>Alerg\u00e9nios<\/strong>: Ver MAI\u00daSCULAS.<\/p>\n<p><strong>Declara\u00e7\u00e3o Nutricional p\/100g:<\/strong> Energia 2780kJ\/664kcal; L\u00edpidos 65g (dos quais saturados 31g); Hidratos de Carbono 18g (dos quais a\u00e7\u00facares 16g); Prote\u00ednas 2,9g; Sal 8,0g.<\/p>\n","protected":false},"excerpt":{"rendered":"<p>Sabita Pasta &#8220;Biryani&#8221;\u00a0\u00a0 Emb. 40g. &nbsp; Ingredientes: gordura de palma, caril (12%: curcuma, coentro, cominho, farinha de mostarda, pimenta, alho, cebola, pimenta da Jamaica, feno-grego, noz-moscada, gengibre, endro, canela, anis estrelado), sal, a\u00e7\u00facar, gordura de manteiga, cas- tanha de caju, gengibre, a\u00e7\u00facar invertido, farinha de mostarda, anis estrelado com canela. Alerg\u00e9nios: Ver MAI\u00daSCULAS. Declara\u00e7\u00e3o Nutricional [&hellip;]<\/p>\n","protected":false},"featured_media":2029,"template":"","meta":[],"product_brand":[],"product_cat":[238,315,24],"product_tag":[],"class_list":{"0":"post-2028","1":"product","2":"type-product","3":"status-publish","4":"has-post-thumbnail","6":"product_cat-mercearia-indiana","7":"product_cat-pastas-mercearia-indiana","8":"product_cat-sabores-do-mundo","9":"pa_marcas-sabita","10":"pa_pais-india","12":"first","13":"instock","14":"taxable","15":"shipping-taxable","16":"product-type-simple"},"_links":{"self":[{"href":"https:\/\/bricer.pt\/index.php?rest_route=\/wp\/v2\/product\/2028","targetHints":{"allow":["GET"]}}],"collection":[{"href":"https:\/\/bricer.pt\/index.php?rest_route=\/wp\/v2\/product"}],"about":[{"href":"https:\/\/bricer.pt\/index.php?rest_route=\/wp\/v2\/types\/product"}],"wp:featuredmedia":[{"embeddable":true,"href":"https:\/\/bricer.pt\/index.php?rest_route=\/wp\/v2\/media\/2029"}],"wp:attachment":[{"href":"https:\/\/bricer.pt\/index.php?rest_route=%2Fwp%2Fv2%2Fmedia&parent=2028"}],"wp:term":[{"taxonomy":"product_brand","embeddable":true,"href":"https:\/\/bricer.pt\/index.php?rest_route=%2Fwp%2Fv2%2Fproduct_brand&post=2028"},{"taxonomy":"product_cat","embeddable":true,"href":"https:\/\/bricer.pt\/index.php?rest_route=%2Fwp%2Fv2%2Fproduct_cat&post=2028"},{"taxonomy":"product_tag","embeddable":true,"href":"https:\/\/bricer.pt\/index.php?rest_route=%2Fwp%2Fv2%2Fproduct_tag&post=2028"}],"curies":[{"name":"wp","href":"https:\/\/api.w.org\/{rel}","templated":true}]}}