{"id":2024,"date":"2023-03-06T11:37:05","date_gmt":"2023-03-06T11:37:05","guid":{"rendered":"https:\/\/bricer.pt\/produto\/sabita-pasta-goan-emb-40g\/"},"modified":"2023-04-17T08:01:08","modified_gmt":"2023-04-17T08:01:08","slug":"sabita-pasta-goan-emb-40g","status":"publish","type":"product","link":"https:\/\/bricer.pt\/?product=sabita-pasta-goan-emb-40g","title":{"rendered":"Sabita Pasta &#8220;Goan&#8221;  Emb. 40g"},"content":{"rendered":"<p><strong>Sabita Pasta &#8220;Goan&#8221;<\/strong> Emb. 40g.<\/p>\n<p>&nbsp;<\/p>\n<p><strong>Ingredientes<\/strong>: gordura de palma, caril (24%: coentro, feno-grego, paprica, pimenta, a\u00e7afr\u00e3o, cominho, erva-doce, cominho, pimenta, alho, cravo, gengibre), manteiga de coco, a\u00e7\u00facar, cebola seca, sal de cozinha.<\/p>\n<p><strong>Alerg\u00e9nios<\/strong>: Ver MAI\u00daSCULAS.<\/p>\n<p><strong>Declara\u00e7\u00e3o Nutricional p\/100g:<\/strong> Energia 2736kJ\/654kcal;L\u00edpidos 62g (dos quais saturados 31g);Hidratos de Carbono 19g (dos quais a\u00e7\u00facares 16g); Prote\u00ednas 3,9g; Sal 3,8g.<\/p>\n","protected":false},"excerpt":{"rendered":"<p>Sabita Pasta &#8220;Goan&#8221; Emb. 40g. &nbsp; Ingredientes: gordura de palma, caril (24%: coentro, feno-grego, paprica, pimenta, a\u00e7afr\u00e3o, cominho, erva-doce, cominho, pimenta, alho, cravo, gengibre), manteiga de coco, a\u00e7\u00facar, cebola seca, sal de cozinha. Alerg\u00e9nios: Ver MAI\u00daSCULAS. Declara\u00e7\u00e3o Nutricional p\/100g: Energia 2736kJ\/654kcal;L\u00edpidos 62g (dos quais saturados 31g);Hidratos de Carbono 19g (dos quais a\u00e7\u00facares 16g); Prote\u00ednas 3,9g; [&hellip;]<\/p>\n","protected":false},"featured_media":2025,"template":"","meta":[],"product_brand":[],"product_cat":[313,36,314,312],"product_tag":[],"class_list":{"0":"post-2024","1":"product","2":"type-product","3":"status-publish","4":"has-post-thumbnail","6":"product_cat-mercearia-indiana-pastassabores-do-mundo","7":"product_cat-mercearia-salgada","8":"product_cat-pastas-mercearia-indiana-pastassabores-do-mundo","9":"product_cat-pastassabores-do-mundo","10":"pa_marcas-sabita","11":"pa_pais-india","13":"first","14":"instock","15":"taxable","16":"shipping-taxable","17":"product-type-simple"},"_links":{"self":[{"href":"https:\/\/bricer.pt\/index.php?rest_route=\/wp\/v2\/product\/2024","targetHints":{"allow":["GET"]}}],"collection":[{"href":"https:\/\/bricer.pt\/index.php?rest_route=\/wp\/v2\/product"}],"about":[{"href":"https:\/\/bricer.pt\/index.php?rest_route=\/wp\/v2\/types\/product"}],"wp:featuredmedia":[{"embeddable":true,"href":"https:\/\/bricer.pt\/index.php?rest_route=\/wp\/v2\/media\/2025"}],"wp:attachment":[{"href":"https:\/\/bricer.pt\/index.php?rest_route=%2Fwp%2Fv2%2Fmedia&parent=2024"}],"wp:term":[{"taxonomy":"product_brand","embeddable":true,"href":"https:\/\/bricer.pt\/index.php?rest_route=%2Fwp%2Fv2%2Fproduct_brand&post=2024"},{"taxonomy":"product_cat","embeddable":true,"href":"https:\/\/bricer.pt\/index.php?rest_route=%2Fwp%2Fv2%2Fproduct_cat&post=2024"},{"taxonomy":"product_tag","embeddable":true,"href":"https:\/\/bricer.pt\/index.php?rest_route=%2Fwp%2Fv2%2Fproduct_tag&post=2024"}],"curies":[{"name":"wp","href":"https:\/\/api.w.org\/{rel}","templated":true}]}}