{"id":2020,"date":"2023-03-06T11:36:55","date_gmt":"2023-03-06T11:36:55","guid":{"rendered":"https:\/\/bricer.pt\/produto\/sabita-chapati-pao-integral-indiano-emb-370g\/"},"modified":"2023-04-17T08:01:06","modified_gmt":"2023-04-17T08:01:06","slug":"sabita-chapati-pao-integral-indiano-emb-370g","status":"publish","type":"product","link":"https:\/\/bricer.pt\/?product=sabita-chapati-pao-integral-indiano-emb-370g","title":{"rendered":"Sabita Chapati P\u00e3o Integral Indiano  Emb. 370g"},"content":{"rendered":"<p><strong>Sabita Chapati P\u00e3o Integral Indiano<\/strong> Emb. 370g.<\/p>\n<p>&nbsp;<\/p>\n<p><strong>Ingredientes<\/strong>: farinha de TRIGO integral (66%), \u00e1gua, estabilizante: glicerol, carboxime-tilcelulose s\u00f3dica; \u00f3leo de colza, levedante: carbonatos de s\u00f3dio, difosfatos; emulsionante: mono e diglicer\u00f3is de \u00e1cidos graxos; \u00e1cido: \u00e1cido m\u00e1lico; conservante: propinato de c\u00e1lcio; farinha de TRIGO maltada; agente de tratamento da farinha: L-ciste\u00edna.<\/p>\n<p><strong>Alerg\u00e9nios<\/strong>: ver MAI\u00daSCULAS.<\/p>\n<p><strong>Declara\u00e7\u00e3o Nutricional p\/100g:<\/strong> Energia k1218J\/289kcal; L\u00edpidos 6,0g (dos quais saturados 1,1g); Hidratos de Carbono 46g (dos quais a\u00e7\u00facares 2,7g); Fibra 6,4g; Prote\u00ednas 9,3g; Sal 1,0g.<\/p>\n","protected":false},"excerpt":{"rendered":"<p>Sabita Chapati P\u00e3o Integral Indiano Emb. 370g. &nbsp; Ingredientes: farinha de TRIGO integral (66%), \u00e1gua, estabilizante: glicerol, carboxime-tilcelulose s\u00f3dica; \u00f3leo de colza, levedante: carbonatos de s\u00f3dio, difosfatos; emulsionante: mono e diglicer\u00f3is de \u00e1cidos graxos; \u00e1cido: \u00e1cido m\u00e1lico; conservante: propinato de c\u00e1lcio; farinha de TRIGO maltada; agente de tratamento da farinha: L-ciste\u00edna. Alerg\u00e9nios: ver MAI\u00daSCULAS. Declara\u00e7\u00e3o [&hellip;]<\/p>\n","protected":false},"featured_media":2021,"template":"","meta":[],"product_brand":[],"product_cat":[238,24],"product_tag":[],"class_list":{"0":"post-2020","1":"product","2":"type-product","3":"status-publish","4":"has-post-thumbnail","6":"product_cat-mercearia-indiana","7":"product_cat-sabores-do-mundo","8":"pa_marcas-sabita","9":"pa_pais-india","11":"first","12":"instock","13":"taxable","14":"shipping-taxable","15":"product-type-simple"},"_links":{"self":[{"href":"https:\/\/bricer.pt\/index.php?rest_route=\/wp\/v2\/product\/2020","targetHints":{"allow":["GET"]}}],"collection":[{"href":"https:\/\/bricer.pt\/index.php?rest_route=\/wp\/v2\/product"}],"about":[{"href":"https:\/\/bricer.pt\/index.php?rest_route=\/wp\/v2\/types\/product"}],"wp:featuredmedia":[{"embeddable":true,"href":"https:\/\/bricer.pt\/index.php?rest_route=\/wp\/v2\/media\/2021"}],"wp:attachment":[{"href":"https:\/\/bricer.pt\/index.php?rest_route=%2Fwp%2Fv2%2Fmedia&parent=2020"}],"wp:term":[{"taxonomy":"product_brand","embeddable":true,"href":"https:\/\/bricer.pt\/index.php?rest_route=%2Fwp%2Fv2%2Fproduct_brand&post=2020"},{"taxonomy":"product_cat","embeddable":true,"href":"https:\/\/bricer.pt\/index.php?rest_route=%2Fwp%2Fv2%2Fproduct_cat&post=2020"},{"taxonomy":"product_tag","embeddable":true,"href":"https:\/\/bricer.pt\/index.php?rest_route=%2Fwp%2Fv2%2Fproduct_tag&post=2020"}],"curies":[{"name":"wp","href":"https:\/\/api.w.org\/{rel}","templated":true}]}}