{"id":2016,"date":"2023-03-06T11:36:55","date_gmt":"2023-03-06T11:36:55","guid":{"rendered":"https:\/\/bricer.pt\/produto\/sabita-mistura-de-especiarias-raita-frasco-35g\/"},"modified":"2023-04-17T08:01:06","modified_gmt":"2023-04-17T08:01:06","slug":"sabita-mistura-de-especiarias-raita-frasco-35g","status":"publish","type":"product","link":"https:\/\/bricer.pt\/?product=sabita-mistura-de-especiarias-raita-frasco-35g","title":{"rendered":"Sabita Mistura de Especiarias &#8220;Raita&#8221;  Frasco 35g"},"content":{"rendered":"<p><strong>Sabita Mistura de Especiarias &#8220;Raita&#8221;<\/strong> Frasco 35g.<\/p>\n<p>&nbsp;<\/p>\n<p><strong>Ingredientes<\/strong>: Cebola granulada, sal, alho em p\u00f3, a\u00e7\u00facar de cana em bruto, malagueta mo\u00edda, cominhos, coentros, curcuma, paprica granulada, ervas, sumo de lim\u00e3o concentrado, maltodextrina.<\/p>\n<p><strong>Alerg\u00e9nios<\/strong>: Pode conter vest\u00edgios de amendoim, gl\u00faten, am\u00eandoas, leite, aipo e mostarda.<\/p>\n<p><strong>Declara\u00e7\u00e3o Nutricional p\/100g:<\/strong> Energia 1195kJ\/284kcal; L\u00edpidos 4,9g (dos quais saturados 0,6g); Hidratos de Carbono 45g (dos quais a\u00e7\u00facares 32g); Prote\u00ednas 8,4g; Sal 18,1g.<\/p>\n","protected":false},"excerpt":{"rendered":"<p>Sabita Mistura de Especiarias &#8220;Raita&#8221; Frasco 35g. &nbsp; Ingredientes: Cebola granulada, sal, alho em p\u00f3, a\u00e7\u00facar de cana em bruto, malagueta mo\u00edda, cominhos, coentros, curcuma, paprica granulada, ervas, sumo de lim\u00e3o concentrado, maltodextrina. Alerg\u00e9nios: Pode conter vest\u00edgios de amendoim, gl\u00faten, am\u00eandoas, leite, aipo e mostarda. Declara\u00e7\u00e3o Nutricional p\/100g: Energia 1195kJ\/284kcal; L\u00edpidos 4,9g (dos quais saturados [&hellip;]<\/p>\n","protected":false},"featured_media":2017,"template":"","meta":[],"product_brand":[],"product_cat":[267,266,238,24],"product_tag":[],"class_list":{"0":"post-2016","1":"product","2":"type-product","3":"status-publish","4":"has-post-thumbnail","6":"product_cat-especiarias-especiariasmercearia-salgada","7":"product_cat-especiariasmercearia-salgada","8":"product_cat-mercearia-indiana","9":"product_cat-sabores-do-mundo","10":"pa_marcas-sabita","11":"pa_pais-india","13":"first","14":"instock","15":"taxable","16":"shipping-taxable","17":"product-type-simple"},"_links":{"self":[{"href":"https:\/\/bricer.pt\/index.php?rest_route=\/wp\/v2\/product\/2016","targetHints":{"allow":["GET"]}}],"collection":[{"href":"https:\/\/bricer.pt\/index.php?rest_route=\/wp\/v2\/product"}],"about":[{"href":"https:\/\/bricer.pt\/index.php?rest_route=\/wp\/v2\/types\/product"}],"wp:featuredmedia":[{"embeddable":true,"href":"https:\/\/bricer.pt\/index.php?rest_route=\/wp\/v2\/media\/2017"}],"wp:attachment":[{"href":"https:\/\/bricer.pt\/index.php?rest_route=%2Fwp%2Fv2%2Fmedia&parent=2016"}],"wp:term":[{"taxonomy":"product_brand","embeddable":true,"href":"https:\/\/bricer.pt\/index.php?rest_route=%2Fwp%2Fv2%2Fproduct_brand&post=2016"},{"taxonomy":"product_cat","embeddable":true,"href":"https:\/\/bricer.pt\/index.php?rest_route=%2Fwp%2Fv2%2Fproduct_cat&post=2016"},{"taxonomy":"product_tag","embeddable":true,"href":"https:\/\/bricer.pt\/index.php?rest_route=%2Fwp%2Fv2%2Fproduct_tag&post=2016"}],"curies":[{"name":"wp","href":"https:\/\/api.w.org\/{rel}","templated":true}]}}