{"id":201,"date":"2023-03-06T11:01:32","date_gmt":"2023-03-06T11:01:32","guid":{"rendered":"https:\/\/bricer.pt\/produto\/bio-greno-pure-de-maca-bio-frasco-360g\/"},"modified":"2025-11-20T11:34:04","modified_gmt":"2025-11-20T11:34:04","slug":"bio-greno-pure-de-maca-bio-frasco-360g","status":"publish","type":"product","link":"https:\/\/bricer.pt\/?product=bio-greno-pure-de-maca-bio-frasco-360g","title":{"rendered":"Bio Greno Pur\u00e9 de Ma\u00e7\u00e3 Bio Frasco 360g"},"content":{"rendered":"<p><strong>Bio Greno Pur\u00e9 de Ma\u00e7\u00e3 Bio Frasco 360g.<\/strong><\/p>\n<p><img decoding=\"async\" class=\"alignnone  wp-image-13165\" src=\"https:\/\/bricer.pt\/wp-content\/uploads\/2020\/04\/BRICER_SELOS_BIO_LOW-300x286.png\" alt=\"\" width=\"100\" height=\"95\" \/><\/p>\n<p><strong>Ingredientes<\/strong>: 100% Ma\u00e7\u00e3s provenientes de agricultura biol\u00f3gica controlada.<\/p>\n<p><strong>Alerg\u00e9nios<\/strong>: Com Gl\u00faten<\/p>\n<p><strong>Declara\u00e7\u00e3o Nutricional p\/100g:<\/strong> Energia 205kJ\/48kcal; L\u00edpidos &lt;0,5g (dos quais saturados 0,1g); Hidratos de Carbono 11g (dos quais a\u00e7\u00facares 11g); Prote\u00ednas &lt;0,5g; Sal &lt;0,01g.<\/p>\n","protected":false},"excerpt":{"rendered":"<p>Bio Greno Pur\u00e9 de Ma\u00e7\u00e3 Bio Frasco 360g. Ingredientes: 100% Ma\u00e7\u00e3s provenientes de agricultura biol\u00f3gica controlada. Alerg\u00e9nios: Com Gl\u00faten Declara\u00e7\u00e3o Nutricional p\/100g: Energia 205kJ\/48kcal; L\u00edpidos &lt;0,5g (dos quais saturados 0,1g); Hidratos de Carbono 11g (dos quais a\u00e7\u00facares 11g); Prote\u00ednas &lt;0,5g; Sal &lt;0,01g.<\/p>\n","protected":false},"featured_media":202,"template":"","meta":[],"product_brand":[],"product_cat":[69,370],"product_tag":[],"class_list":{"0":"post-201","1":"product","2":"type-product","3":"status-publish","4":"has-post-thumbnail","6":"product_cat-alimentacao-saudavel","7":"product_cat-produtos-biologicos","8":"pa_biologica-biologica","9":"pa_marcas-bio-greno","10":"pa_pais-alemanha","12":"first","13":"instock","14":"taxable","15":"shipping-taxable","16":"product-type-simple"},"_links":{"self":[{"href":"https:\/\/bricer.pt\/index.php?rest_route=\/wp\/v2\/product\/201","targetHints":{"allow":["GET"]}}],"collection":[{"href":"https:\/\/bricer.pt\/index.php?rest_route=\/wp\/v2\/product"}],"about":[{"href":"https:\/\/bricer.pt\/index.php?rest_route=\/wp\/v2\/types\/product"}],"wp:featuredmedia":[{"embeddable":true,"href":"https:\/\/bricer.pt\/index.php?rest_route=\/wp\/v2\/media\/202"}],"wp:attachment":[{"href":"https:\/\/bricer.pt\/index.php?rest_route=%2Fwp%2Fv2%2Fmedia&parent=201"}],"wp:term":[{"taxonomy":"product_brand","embeddable":true,"href":"https:\/\/bricer.pt\/index.php?rest_route=%2Fwp%2Fv2%2Fproduct_brand&post=201"},{"taxonomy":"product_cat","embeddable":true,"href":"https:\/\/bricer.pt\/index.php?rest_route=%2Fwp%2Fv2%2Fproduct_cat&post=201"},{"taxonomy":"product_tag","embeddable":true,"href":"https:\/\/bricer.pt\/index.php?rest_route=%2Fwp%2Fv2%2Fproduct_tag&post=201"}],"curies":[{"name":"wp","href":"https:\/\/api.w.org\/{rel}","templated":true}]}}