{"id":2006,"date":"2023-03-06T11:36:55","date_gmt":"2023-03-06T11:36:55","guid":{"rendered":"https:\/\/bricer.pt\/produto\/pfanni-pure-de-batata-flocos-emb-100g\/"},"modified":"2023-04-17T08:01:06","modified_gmt":"2023-04-17T08:01:06","slug":"pfanni-pure-de-batata-flocos-emb-100g","status":"publish","type":"product","link":"https:\/\/bricer.pt\/?product=pfanni-pure-de-batata-flocos-emb-100g","title":{"rendered":"Pfanni Pur\u00e9 de Batata Flocos  Emb. 100g"},"content":{"rendered":"<p><strong>Pfanni Pur\u00e9 de Batata Flocos Emb. 100g.<\/strong><\/p>\n<p>&nbsp;<\/p>\n<p><strong>Ingredientes<\/strong>: 85% Batatas*, \u00f3leo de palma, 4,3% LEITE em p\u00f3 desnatado, sal, xarope de glicose, emulsionante: Mono e diglic\u00e9ridos de \u00e1cidos gordos; prote\u00edna do LEITE, aromas. *De agricultura sustent\u00e1vel.<\/p>\n<p><strong>Alerg\u00e9nios:<\/strong> ver MAI\u00daSCULAS. Pode conter vest\u00edgios de gl\u00faten, ovo e aipo.<\/p>\n<p><strong>Declara\u00e7\u00e3o Nutricional p\/100g:<\/strong> Energia 238kJ\/57kcal; L\u00edpidos 1g (dos quais saturados 0,6g); Hidratos de Carbono 11g (dos quais a\u00e7\u00facares 0,8g); Fibra 1,4g; Prote\u00ednas 1,5g; Sal 0,53g.<\/p>\n","protected":false},"excerpt":{"rendered":"<p>Pfanni Pur\u00e9 de Batata Flocos Emb. 100g. &nbsp; Ingredientes: 85% Batatas*, \u00f3leo de palma, 4,3% LEITE em p\u00f3 desnatado, sal, xarope de glicose, emulsionante: Mono e diglic\u00e9ridos de \u00e1cidos gordos; prote\u00edna do LEITE, aromas. *De agricultura sustent\u00e1vel. Alerg\u00e9nios: ver MAI\u00daSCULAS. Pode conter vest\u00edgios de gl\u00faten, ovo e aipo. Declara\u00e7\u00e3o Nutricional p\/100g: Energia 238kJ\/57kcal; L\u00edpidos 1g [&hellip;]<\/p>\n","protected":false},"featured_media":2007,"template":"","meta":[],"product_brand":[],"product_cat":[101,36],"product_tag":[],"class_list":{"0":"post-2006","1":"product","2":"type-product","3":"status-publish","4":"has-post-thumbnail","6":"product_cat-diversos-mercearia-salgada","7":"product_cat-mercearia-salgada","8":"pa_marcas-pfanni","9":"pa_pais-alemanha","11":"first","12":"instock","13":"taxable","14":"shipping-taxable","15":"product-type-simple"},"_links":{"self":[{"href":"https:\/\/bricer.pt\/index.php?rest_route=\/wp\/v2\/product\/2006","targetHints":{"allow":["GET"]}}],"collection":[{"href":"https:\/\/bricer.pt\/index.php?rest_route=\/wp\/v2\/product"}],"about":[{"href":"https:\/\/bricer.pt\/index.php?rest_route=\/wp\/v2\/types\/product"}],"wp:featuredmedia":[{"embeddable":true,"href":"https:\/\/bricer.pt\/index.php?rest_route=\/wp\/v2\/media\/2007"}],"wp:attachment":[{"href":"https:\/\/bricer.pt\/index.php?rest_route=%2Fwp%2Fv2%2Fmedia&parent=2006"}],"wp:term":[{"taxonomy":"product_brand","embeddable":true,"href":"https:\/\/bricer.pt\/index.php?rest_route=%2Fwp%2Fv2%2Fproduct_brand&post=2006"},{"taxonomy":"product_cat","embeddable":true,"href":"https:\/\/bricer.pt\/index.php?rest_route=%2Fwp%2Fv2%2Fproduct_cat&post=2006"},{"taxonomy":"product_tag","embeddable":true,"href":"https:\/\/bricer.pt\/index.php?rest_route=%2Fwp%2Fv2%2Fproduct_tag&post=2006"}],"curies":[{"name":"wp","href":"https:\/\/api.w.org\/{rel}","templated":true}]}}