{"id":2004,"date":"2023-03-06T11:36:55","date_gmt":"2023-03-06T11:36:55","guid":{"rendered":"https:\/\/bricer.pt\/produto\/pfanni-bolinhos-de-batata-metades-emb-400g\/"},"modified":"2023-12-18T11:17:42","modified_gmt":"2023-12-18T11:17:42","slug":"pfanni-bolinhos-de-batata-metades-emb-400g","status":"publish","type":"product","link":"https:\/\/bricer.pt\/?product=pfanni-bolinhos-de-batata-metades-emb-400g","title":{"rendered":"Pfanni Bolinhos de Batata (metades)  Emb. 400g"},"content":{"rendered":"<p><strong>Pfanni Bolinhos de Batata (metades)\u00a0 \u00a0<\/strong>Emb. 400g<\/p>\n<p>&nbsp;<\/p>\n<p><strong>Ingredientes<\/strong>: 81 % batatas*, amido, s\u00eamola de TRIGO duro, sal de mesa, \u00f3leo de palma, emulsionante: mono e diglig\u00e9ridos de \u00e1cidos gordos, xarope de glicose, aromas, estabilizador: difosfato; prote\u00edna do LEITE, cebola*, antioxidante: metabis SULFITO de s\u00f3dio; extrato de levedura, curcuma. *De cultivo sustent\u00e1vel.<\/p>\n<p><strong>Alerg\u00e9nios<\/strong>: Ver MAI\u00daSCULAS. Pode conter vest\u00edgios de ovo e aipo.<\/p>\n<p><strong>Declara\u00e7\u00e3o Nutricional p\/100g:<\/strong> Energia 490kJ\/117kcal; L\u00edpidos 0,7g (dos quais saturados 0,4g); Hidratos de Carbono 24g (dos quais a\u00e7\u00facares 0,7g); Fibra 2,1g; Prote\u00ednas 2,2g; Sal 0,92g.<\/p>\n","protected":false},"excerpt":{"rendered":"<p>Pfanni Bolinhos de Batata (metades)\u00a0 \u00a0Emb. 400g &nbsp; Ingredientes: 81 % batatas*, amido, s\u00eamola de TRIGO duro, sal de mesa, \u00f3leo de palma, emulsionante: mono e diglig\u00e9ridos de \u00e1cidos gordos, xarope de glicose, aromas, estabilizador: difosfato; prote\u00edna do LEITE, cebola*, antioxidante: metabis SULFITO de s\u00f3dio; extrato de levedura, curcuma. *De cultivo sustent\u00e1vel. Alerg\u00e9nios: Ver MAI\u00daSCULAS. [&hellip;]<\/p>\n","protected":false},"featured_media":2005,"template":"","meta":[],"product_brand":[],"product_cat":[101,36],"product_tag":[],"class_list":{"0":"post-2004","1":"product","2":"type-product","3":"status-publish","4":"has-post-thumbnail","6":"product_cat-diversos-mercearia-salgada","7":"product_cat-mercearia-salgada","8":"pa_marcas-pfanni","9":"pa_pais-alemanha","11":"first","12":"instock","13":"taxable","14":"shipping-taxable","15":"product-type-simple"},"_links":{"self":[{"href":"https:\/\/bricer.pt\/index.php?rest_route=\/wp\/v2\/product\/2004","targetHints":{"allow":["GET"]}}],"collection":[{"href":"https:\/\/bricer.pt\/index.php?rest_route=\/wp\/v2\/product"}],"about":[{"href":"https:\/\/bricer.pt\/index.php?rest_route=\/wp\/v2\/types\/product"}],"wp:featuredmedia":[{"embeddable":true,"href":"https:\/\/bricer.pt\/index.php?rest_route=\/wp\/v2\/media\/2005"}],"wp:attachment":[{"href":"https:\/\/bricer.pt\/index.php?rest_route=%2Fwp%2Fv2%2Fmedia&parent=2004"}],"wp:term":[{"taxonomy":"product_brand","embeddable":true,"href":"https:\/\/bricer.pt\/index.php?rest_route=%2Fwp%2Fv2%2Fproduct_brand&post=2004"},{"taxonomy":"product_cat","embeddable":true,"href":"https:\/\/bricer.pt\/index.php?rest_route=%2Fwp%2Fv2%2Fproduct_cat&post=2004"},{"taxonomy":"product_tag","embeddable":true,"href":"https:\/\/bricer.pt\/index.php?rest_route=%2Fwp%2Fv2%2Fproduct_tag&post=2004"}],"curies":[{"name":"wp","href":"https:\/\/api.w.org\/{rel}","templated":true}]}}