{"id":2002,"date":"2023-03-06T11:36:55","date_gmt":"2023-03-06T11:36:55","guid":{"rendered":"https:\/\/bricer.pt\/produto\/pfanni-pure-batata-emb-3x500ml\/"},"modified":"2023-04-17T08:01:05","modified_gmt":"2023-04-17T08:01:05","slug":"pfanni-pure-batata-emb-3x500ml","status":"publish","type":"product","link":"https:\/\/bricer.pt\/?product=pfanni-pure-batata-emb-3x500ml","title":{"rendered":"Pfanni Pur\u00e9 Batata  Emb. 3x500ml"},"content":{"rendered":"<p><strong>Pfanni Pur\u00e9 Batata\u00a0 \u00a0 Emb.: 3x500ml<\/strong><\/p>\n<p>&nbsp;<\/p>\n<p><strong>Ingredientes<\/strong>: 99% batatas, emulsificante: mono e diglic\u00e9ridos de \u00e1cidos gordos; estabilizador: difosfato; aroma, antioxidante: METABISSULFITO de s\u00f3dio.<\/p>\n<p><strong>Alerg\u00e9nios<\/strong>: Ver MAI\u00daSCULAS. Pode conter vest\u00edgios de Gl\u00faten, Leite, Ovo e Aipo.<\/p>\n<p><strong>Declara\u00e7\u00e3o Nutricional p\/100g:<\/strong> Energia 300kJ\/75kcal; L\u00edpidos 2g (dos quais \u00e1cidos gordos saturados 1g); Hidratos de Carbono 10g (dos quais a\u00e7\u00facares 1,5g); Fibra 1g; Prote\u00ednas 2g; Sal 0,4g.<\/p>\n","protected":false},"excerpt":{"rendered":"<p>Pfanni Pur\u00e9 Batata\u00a0 \u00a0 Emb.: 3x500ml &nbsp; Ingredientes: 99% batatas, emulsificante: mono e diglic\u00e9ridos de \u00e1cidos gordos; estabilizador: difosfato; aroma, antioxidante: METABISSULFITO de s\u00f3dio. Alerg\u00e9nios: Ver MAI\u00daSCULAS. Pode conter vest\u00edgios de Gl\u00faten, Leite, Ovo e Aipo. Declara\u00e7\u00e3o Nutricional p\/100g: Energia 300kJ\/75kcal; L\u00edpidos 2g (dos quais \u00e1cidos gordos saturados 1g); Hidratos de Carbono 10g (dos quais [&hellip;]<\/p>\n","protected":false},"featured_media":2003,"template":"","meta":[],"product_brand":[],"product_cat":[101,36],"product_tag":[],"class_list":{"0":"post-2002","1":"product","2":"type-product","3":"status-publish","4":"has-post-thumbnail","6":"product_cat-diversos-mercearia-salgada","7":"product_cat-mercearia-salgada","8":"pa_marcas-pfanni","9":"pa_pais-alemanha","11":"first","12":"instock","13":"taxable","14":"shipping-taxable","15":"product-type-simple"},"_links":{"self":[{"href":"https:\/\/bricer.pt\/index.php?rest_route=\/wp\/v2\/product\/2002","targetHints":{"allow":["GET"]}}],"collection":[{"href":"https:\/\/bricer.pt\/index.php?rest_route=\/wp\/v2\/product"}],"about":[{"href":"https:\/\/bricer.pt\/index.php?rest_route=\/wp\/v2\/types\/product"}],"wp:featuredmedia":[{"embeddable":true,"href":"https:\/\/bricer.pt\/index.php?rest_route=\/wp\/v2\/media\/2003"}],"wp:attachment":[{"href":"https:\/\/bricer.pt\/index.php?rest_route=%2Fwp%2Fv2%2Fmedia&parent=2002"}],"wp:term":[{"taxonomy":"product_brand","embeddable":true,"href":"https:\/\/bricer.pt\/index.php?rest_route=%2Fwp%2Fv2%2Fproduct_brand&post=2002"},{"taxonomy":"product_cat","embeddable":true,"href":"https:\/\/bricer.pt\/index.php?rest_route=%2Fwp%2Fv2%2Fproduct_cat&post=2002"},{"taxonomy":"product_tag","embeddable":true,"href":"https:\/\/bricer.pt\/index.php?rest_route=%2Fwp%2Fv2%2Fproduct_tag&post=2002"}],"curies":[{"name":"wp","href":"https:\/\/api.w.org\/{rel}","templated":true}]}}