{"id":1996,"date":"2023-03-06T11:36:55","date_gmt":"2023-03-06T11:36:55","guid":{"rendered":"https:\/\/bricer.pt\/produto\/molino-rossetto-levedura-de-massa-mae-seca-emb-105g-3x35g\/"},"modified":"2023-04-17T08:01:05","modified_gmt":"2023-04-17T08:01:05","slug":"molino-rossetto-levedura-de-massa-mae-seca-emb-105g-3x35g","status":"publish","type":"product","link":"https:\/\/bricer.pt\/?product=molino-rossetto-levedura-de-massa-mae-seca-emb-105g-3x35g","title":{"rendered":"Molino Rossetto Levedura de &#8220;Massa M\u00e3e&#8221; Seca  Emb.105g (3x35g)"},"content":{"rendered":"<p><strong>Molino Rossetto Levedura de &#8220;Massa M\u00e3e&#8221; Seca Emb.105g (3x35g).<\/strong><\/p>\n<p>&nbsp;<\/p>\n<p><strong>Ingredientes<\/strong>: 70% de levedura natural tipo 0, levedura seca (Saccharomyces cerevisiae).<\/p>\n<p><strong>Alerg\u00e9nios<\/strong>: Ver MAI\u00daSCULAS. Pode conter ovos, soja, leite e sementes de s\u00e9samo.<\/p>\n<p><strong>Declara\u00e7\u00e3o Nutricional p\/ 100g:<\/strong> Energia 1536kJ\/363kcal; L\u00edpidos 2,2g (dos quais saturados 0,1g); Hidratos de Carbono 57g (dos quais a\u00e7\u00facares 1,3g); Fibra 7,6g; Prote\u00ednas 25g; Sal 0g.<\/p>\n","protected":false},"excerpt":{"rendered":"<p>Molino Rossetto Levedura de &#8220;Massa M\u00e3e&#8221; Seca Emb.105g (3x35g). &nbsp; Ingredientes: 70% de levedura natural tipo 0, levedura seca (Saccharomyces cerevisiae). Alerg\u00e9nios: Ver MAI\u00daSCULAS. Pode conter ovos, soja, leite e sementes de s\u00e9samo. Declara\u00e7\u00e3o Nutricional p\/ 100g: Energia 1536kJ\/363kcal; L\u00edpidos 2,2g (dos quais saturados 0,1g); Hidratos de Carbono 57g (dos quais a\u00e7\u00facares 1,3g); Fibra 7,6g; [&hellip;]<\/p>\n","protected":false},"featured_media":1997,"template":"","meta":[],"product_brand":[],"product_cat":[181,90,89],"product_tag":[],"class_list":{"0":"post-1996","1":"product","2":"type-product","3":"status-publish","4":"has-post-thumbnail","6":"product_cat-diversos-mercearia-italiana","7":"product_cat-mercearia-italiana","8":"product_cat-sabores-da-europa","9":"pa_marcas-molino-rosseto","10":"pa_pais-italia","12":"first","13":"instock","14":"taxable","15":"shipping-taxable","16":"product-type-simple"},"_links":{"self":[{"href":"https:\/\/bricer.pt\/index.php?rest_route=\/wp\/v2\/product\/1996","targetHints":{"allow":["GET"]}}],"collection":[{"href":"https:\/\/bricer.pt\/index.php?rest_route=\/wp\/v2\/product"}],"about":[{"href":"https:\/\/bricer.pt\/index.php?rest_route=\/wp\/v2\/types\/product"}],"wp:featuredmedia":[{"embeddable":true,"href":"https:\/\/bricer.pt\/index.php?rest_route=\/wp\/v2\/media\/1997"}],"wp:attachment":[{"href":"https:\/\/bricer.pt\/index.php?rest_route=%2Fwp%2Fv2%2Fmedia&parent=1996"}],"wp:term":[{"taxonomy":"product_brand","embeddable":true,"href":"https:\/\/bricer.pt\/index.php?rest_route=%2Fwp%2Fv2%2Fproduct_brand&post=1996"},{"taxonomy":"product_cat","embeddable":true,"href":"https:\/\/bricer.pt\/index.php?rest_route=%2Fwp%2Fv2%2Fproduct_cat&post=1996"},{"taxonomy":"product_tag","embeddable":true,"href":"https:\/\/bricer.pt\/index.php?rest_route=%2Fwp%2Fv2%2Fproduct_tag&post=1996"}],"curies":[{"name":"wp","href":"https:\/\/api.w.org\/{rel}","templated":true}]}}