{"id":1994,"date":"2023-03-06T11:36:55","date_gmt":"2023-03-06T11:36:55","guid":{"rendered":"https:\/\/bricer.pt\/produto\/molino-rossetto-fermento-seco-emb-100g\/"},"modified":"2023-04-17T08:01:05","modified_gmt":"2023-04-17T08:01:05","slug":"molino-rossetto-fermento-seco-emb-100g","status":"publish","type":"product","link":"https:\/\/bricer.pt\/?product=molino-rossetto-fermento-seco-emb-100g","title":{"rendered":"Molino Rossetto Fermento Seco  Emb.100g"},"content":{"rendered":"<p><strong>Molino Rossetto Fermento Seco Emb.100g<\/strong><\/p>\n<p>&nbsp;<\/p>\n<p><strong>Ingredientes<\/strong>: levedura natural do tipo 0, farinha de trigo mole a 70%, levedura seca (Saccharomyces cerevisiae).<\/p>\n<p><strong>Alerg\u00e9nios<\/strong>: Ver MAI\u00daSCULAS. Pode conter ovos, leite, soja e sementes de s\u00e9samo.<\/p>\n<p><strong>Declara\u00e7\u00e3o Nutricional p\/100g:<\/strong> Energia 1651kJ\/389kcal; L\u00edpidos 1,9g (dos quais saturados 0,3g); Hidratos de Carbono 71,9g (dos quais a\u00e7\u00facares 1,6g); Fibra 2,5g; Prote\u00ednas 19,9g; Sal 0,005g.<\/p>\n","protected":false},"excerpt":{"rendered":"<p>Molino Rossetto Fermento Seco Emb.100g &nbsp; Ingredientes: levedura natural do tipo 0, farinha de trigo mole a 70%, levedura seca (Saccharomyces cerevisiae). Alerg\u00e9nios: Ver MAI\u00daSCULAS. Pode conter ovos, leite, soja e sementes de s\u00e9samo. Declara\u00e7\u00e3o Nutricional p\/100g: Energia 1651kJ\/389kcal; L\u00edpidos 1,9g (dos quais saturados 0,3g); Hidratos de Carbono 71,9g (dos quais a\u00e7\u00facares 1,6g); Fibra 2,5g; [&hellip;]<\/p>\n","protected":false},"featured_media":1995,"template":"","meta":[],"product_brand":[],"product_cat":[181,90,89],"product_tag":[],"class_list":{"0":"post-1994","1":"product","2":"type-product","3":"status-publish","4":"has-post-thumbnail","6":"product_cat-diversos-mercearia-italiana","7":"product_cat-mercearia-italiana","8":"product_cat-sabores-da-europa","9":"pa_marcas-molino-rosseto","10":"pa_pais-italia","12":"first","13":"instock","14":"taxable","15":"shipping-taxable","16":"product-type-simple"},"_links":{"self":[{"href":"https:\/\/bricer.pt\/index.php?rest_route=\/wp\/v2\/product\/1994","targetHints":{"allow":["GET"]}}],"collection":[{"href":"https:\/\/bricer.pt\/index.php?rest_route=\/wp\/v2\/product"}],"about":[{"href":"https:\/\/bricer.pt\/index.php?rest_route=\/wp\/v2\/types\/product"}],"wp:featuredmedia":[{"embeddable":true,"href":"https:\/\/bricer.pt\/index.php?rest_route=\/wp\/v2\/media\/1995"}],"wp:attachment":[{"href":"https:\/\/bricer.pt\/index.php?rest_route=%2Fwp%2Fv2%2Fmedia&parent=1994"}],"wp:term":[{"taxonomy":"product_brand","embeddable":true,"href":"https:\/\/bricer.pt\/index.php?rest_route=%2Fwp%2Fv2%2Fproduct_brand&post=1994"},{"taxonomy":"product_cat","embeddable":true,"href":"https:\/\/bricer.pt\/index.php?rest_route=%2Fwp%2Fv2%2Fproduct_cat&post=1994"},{"taxonomy":"product_tag","embeddable":true,"href":"https:\/\/bricer.pt\/index.php?rest_route=%2Fwp%2Fv2%2Fproduct_tag&post=1994"}],"curies":[{"name":"wp","href":"https:\/\/api.w.org\/{rel}","templated":true}]}}