{"id":1992,"date":"2023-03-06T11:36:55","date_gmt":"2023-03-06T11:36:55","guid":{"rendered":"https:\/\/bricer.pt\/produto\/molino-rossetto-preparado-p-pao-de-cereais-emb-500g\/"},"modified":"2023-04-17T08:01:05","modified_gmt":"2023-04-17T08:01:05","slug":"molino-rossetto-preparado-p-pao-de-cereais-emb-500g","status":"publish","type":"product","link":"https:\/\/bricer.pt\/?product=molino-rossetto-preparado-p-pao-de-cereais-emb-500g","title":{"rendered":"Molino Rossetto Preparado p\/ P\u00e3o de Cereais  Emb. 500g"},"content":{"rendered":"<p><strong>Molino Rossetto Preparado p\/ P\u00e3o de Cereais Emb. 500g.<\/strong><\/p>\n<p>&nbsp;<\/p>\n<p><strong>Ingredientes<\/strong>: farinha de TRIGO mole tipo 0, farinha de TRIGO integral, farinha de MILHO, farinha de AVEIA integral, farinha de CEVADA integral, sal, a\u00e7\u00facar, gl\u00faten, farinha de TRIGO maltado, emulsificante: lecitina de girassol, tratamento de farinha: \u00e1cido asc\u00f3rbico. Ingredientes ativos de levedura seca (12g): levedura seca (Saccharomyces cerevisiae), emulsificante: E491.<\/p>\n<p><strong>Alerg\u00e9nios<\/strong>: Ver MAI\u00daSCULAS. Produzido em uma f\u00e1brica onde tamb\u00e9m s\u00e3o<br \/>\nutilizados soja, sementes de s\u00e9samo e leite.<\/p>\n<p><strong>Declara\u00e7\u00e3o Nutricional p\/100g:<\/strong> Energia 1421kJ\/335kcal; L\u00edpidos 1,2g (dos quais saturados 0,2g); Hidratos de Carbono 68,0g (dos quais a\u00e7\u00facares 1,2g); Fibra 4g; Prote\u00ednas 11,1g; Sal 2,0g.<\/p>\n","protected":false},"excerpt":{"rendered":"<p>Molino Rossetto Preparado p\/ P\u00e3o de Cereais Emb. 500g. &nbsp; Ingredientes: farinha de TRIGO mole tipo 0, farinha de TRIGO integral, farinha de MILHO, farinha de AVEIA integral, farinha de CEVADA integral, sal, a\u00e7\u00facar, gl\u00faten, farinha de TRIGO maltado, emulsificante: lecitina de girassol, tratamento de farinha: \u00e1cido asc\u00f3rbico. Ingredientes ativos de levedura seca (12g): levedura [&hellip;]<\/p>\n","protected":false},"featured_media":1993,"template":"","meta":[],"product_brand":[],"product_cat":[93,90,304,89],"product_tag":[],"class_list":{"0":"post-1992","1":"product","2":"type-product","3":"status-publish","4":"has-post-thumbnail","6":"product_cat-diversosmercearia-salgada","7":"product_cat-mercearia-italiana","8":"product_cat-preparados-diversosmercearia-salgada","9":"product_cat-sabores-da-europa","10":"pa_marcas-molino-rosseto","11":"pa_pais-italia","13":"first","14":"instock","15":"taxable","16":"shipping-taxable","17":"product-type-simple"},"_links":{"self":[{"href":"https:\/\/bricer.pt\/index.php?rest_route=\/wp\/v2\/product\/1992","targetHints":{"allow":["GET"]}}],"collection":[{"href":"https:\/\/bricer.pt\/index.php?rest_route=\/wp\/v2\/product"}],"about":[{"href":"https:\/\/bricer.pt\/index.php?rest_route=\/wp\/v2\/types\/product"}],"wp:featuredmedia":[{"embeddable":true,"href":"https:\/\/bricer.pt\/index.php?rest_route=\/wp\/v2\/media\/1993"}],"wp:attachment":[{"href":"https:\/\/bricer.pt\/index.php?rest_route=%2Fwp%2Fv2%2Fmedia&parent=1992"}],"wp:term":[{"taxonomy":"product_brand","embeddable":true,"href":"https:\/\/bricer.pt\/index.php?rest_route=%2Fwp%2Fv2%2Fproduct_brand&post=1992"},{"taxonomy":"product_cat","embeddable":true,"href":"https:\/\/bricer.pt\/index.php?rest_route=%2Fwp%2Fv2%2Fproduct_cat&post=1992"},{"taxonomy":"product_tag","embeddable":true,"href":"https:\/\/bricer.pt\/index.php?rest_route=%2Fwp%2Fv2%2Fproduct_tag&post=1992"}],"curies":[{"name":"wp","href":"https:\/\/api.w.org\/{rel}","templated":true}]}}