{"id":1990,"date":"2023-03-06T11:36:55","date_gmt":"2023-03-06T11:36:55","guid":{"rendered":"https:\/\/bricer.pt\/produto\/molino-rossetto-farinha-de-aveia-emb-400g\/"},"modified":"2023-04-17T08:01:05","modified_gmt":"2023-04-17T08:01:05","slug":"molino-rossetto-farinha-de-aveia-emb-400g","status":"publish","type":"product","link":"https:\/\/bricer.pt\/?product=molino-rossetto-farinha-de-aveia-emb-400g","title":{"rendered":"Molino Rossetto Farinha de Aveia  Emb. 400g"},"content":{"rendered":"<p><strong>Molino Rossetto Farinha de Aveia\u00a0 \u00a0Emb. 400g.<\/strong><\/p>\n<p>&nbsp;<\/p>\n<p><strong>Ingredientes<\/strong>: Farinha de AVEIA<\/p>\n<p><strong>Alerg\u00e9nios<\/strong>: Ver MAI\u00daSCULAS. Produzido em uma f\u00e1brica onde s\u00e3o utilizados soja, sementes de s\u00e9samo e leite.<\/p>\n<p><strong> Declara\u00e7\u00e3o Nutricional p\/100g:<\/strong> Energia 1597kJ\/379kcal; L\u00edpidos 7,1g (dos quais saturados 1,3g); Hidratos de Carbono 62,3g (dos quais a\u00e7\u00facares 1,2g); Fibra 7,6; Prote\u00ednas 12,6g; Sal 0,05g.<\/p>\n","protected":false},"excerpt":{"rendered":"<p>Molino Rossetto Farinha de Aveia\u00a0 \u00a0Emb. 400g. &nbsp; Ingredientes: Farinha de AVEIA Alerg\u00e9nios: Ver MAI\u00daSCULAS. Produzido em uma f\u00e1brica onde s\u00e3o utilizados soja, sementes de s\u00e9samo e leite. Declara\u00e7\u00e3o Nutricional p\/100g: Energia 1597kJ\/379kcal; L\u00edpidos 7,1g (dos quais saturados 1,3g); Hidratos de Carbono 62,3g (dos quais a\u00e7\u00facares 1,2g); Fibra 7,6; Prote\u00ednas 12,6g; Sal 0,05g.<\/p>\n","protected":false},"featured_media":1991,"template":"","meta":[],"product_brand":[],"product_cat":[181,90,89],"product_tag":[],"class_list":{"0":"post-1990","1":"product","2":"type-product","3":"status-publish","4":"has-post-thumbnail","6":"product_cat-diversos-mercearia-italiana","7":"product_cat-mercearia-italiana","8":"product_cat-sabores-da-europa","9":"pa_marcas-molino-rosseto","10":"pa_pais-italia","12":"first","13":"instock","14":"taxable","15":"shipping-taxable","16":"product-type-simple"},"_links":{"self":[{"href":"https:\/\/bricer.pt\/index.php?rest_route=\/wp\/v2\/product\/1990","targetHints":{"allow":["GET"]}}],"collection":[{"href":"https:\/\/bricer.pt\/index.php?rest_route=\/wp\/v2\/product"}],"about":[{"href":"https:\/\/bricer.pt\/index.php?rest_route=\/wp\/v2\/types\/product"}],"wp:featuredmedia":[{"embeddable":true,"href":"https:\/\/bricer.pt\/index.php?rest_route=\/wp\/v2\/media\/1991"}],"wp:attachment":[{"href":"https:\/\/bricer.pt\/index.php?rest_route=%2Fwp%2Fv2%2Fmedia&parent=1990"}],"wp:term":[{"taxonomy":"product_brand","embeddable":true,"href":"https:\/\/bricer.pt\/index.php?rest_route=%2Fwp%2Fv2%2Fproduct_brand&post=1990"},{"taxonomy":"product_cat","embeddable":true,"href":"https:\/\/bricer.pt\/index.php?rest_route=%2Fwp%2Fv2%2Fproduct_cat&post=1990"},{"taxonomy":"product_tag","embeddable":true,"href":"https:\/\/bricer.pt\/index.php?rest_route=%2Fwp%2Fv2%2Fproduct_tag&post=1990"}],"curies":[{"name":"wp","href":"https:\/\/api.w.org\/{rel}","templated":true}]}}