{"id":1986,"date":"2023-03-06T11:36:55","date_gmt":"2023-03-06T11:36:55","guid":{"rendered":"https:\/\/bricer.pt\/produto\/molino-rossetto-farinha-de-trigo-mole-p-pizza-emb-1kg\/"},"modified":"2023-04-17T08:01:05","modified_gmt":"2023-04-17T08:01:05","slug":"molino-rossetto-farinha-de-trigo-mole-p-pizza-emb-1kg","status":"publish","type":"product","link":"https:\/\/bricer.pt\/?product=molino-rossetto-farinha-de-trigo-mole-p-pizza-emb-1kg","title":{"rendered":"Molino Rossetto Farinha de Trigo Mole p\/ Pizza  Emb. 1Kg"},"content":{"rendered":"<p><strong>Molino Rossetto Farinha de Trigo Mole p\/ Pizza Emb. 1Kg<\/strong><\/p>\n<p>&nbsp;<\/p>\n<p><strong>Ingredientes<\/strong>: Farinha de TRIGO<\/p>\n<p><strong>Alerg\u00e9nios<\/strong>: Ver MAI\u00daSCULAS. Produzido em uma f\u00e1brica onde tamb\u00e9m s\u00e3o utilizados soja, sementes de s\u00e9samo e leite.<\/p>\n<p><strong>Declara\u00e7\u00e3o Nutricional p\/100g:<\/strong> Energia 1466kJ\/345kcal; L\u00edpidos 1,0g (dos quais saturados 0,2g); Hidratos de Carbono 72,2g (dos quais a\u00e7\u00facares 0,5g); Fibra 2,5g; Prote\u00ednas 10,7g; Sal 0,005g.<\/p>\n","protected":false},"excerpt":{"rendered":"<p>Molino Rossetto Farinha de Trigo Mole p\/ Pizza Emb. 1Kg &nbsp; Ingredientes: Farinha de TRIGO Alerg\u00e9nios: Ver MAI\u00daSCULAS. Produzido em uma f\u00e1brica onde tamb\u00e9m s\u00e3o utilizados soja, sementes de s\u00e9samo e leite. Declara\u00e7\u00e3o Nutricional p\/100g: Energia 1466kJ\/345kcal; L\u00edpidos 1,0g (dos quais saturados 0,2g); Hidratos de Carbono 72,2g (dos quais a\u00e7\u00facares 0,5g); Fibra 2,5g; Prote\u00ednas 10,7g; [&hellip;]<\/p>\n","protected":false},"featured_media":1987,"template":"","meta":[],"product_brand":[],"product_cat":[181,90,89],"product_tag":[],"class_list":{"0":"post-1986","1":"product","2":"type-product","3":"status-publish","4":"has-post-thumbnail","6":"product_cat-diversos-mercearia-italiana","7":"product_cat-mercearia-italiana","8":"product_cat-sabores-da-europa","9":"pa_marcas-molino-rosseto","10":"pa_pais-italia","12":"first","13":"instock","14":"taxable","15":"shipping-taxable","16":"product-type-simple"},"_links":{"self":[{"href":"https:\/\/bricer.pt\/index.php?rest_route=\/wp\/v2\/product\/1986","targetHints":{"allow":["GET"]}}],"collection":[{"href":"https:\/\/bricer.pt\/index.php?rest_route=\/wp\/v2\/product"}],"about":[{"href":"https:\/\/bricer.pt\/index.php?rest_route=\/wp\/v2\/types\/product"}],"wp:featuredmedia":[{"embeddable":true,"href":"https:\/\/bricer.pt\/index.php?rest_route=\/wp\/v2\/media\/1987"}],"wp:attachment":[{"href":"https:\/\/bricer.pt\/index.php?rest_route=%2Fwp%2Fv2%2Fmedia&parent=1986"}],"wp:term":[{"taxonomy":"product_brand","embeddable":true,"href":"https:\/\/bricer.pt\/index.php?rest_route=%2Fwp%2Fv2%2Fproduct_brand&post=1986"},{"taxonomy":"product_cat","embeddable":true,"href":"https:\/\/bricer.pt\/index.php?rest_route=%2Fwp%2Fv2%2Fproduct_cat&post=1986"},{"taxonomy":"product_tag","embeddable":true,"href":"https:\/\/bricer.pt\/index.php?rest_route=%2Fwp%2Fv2%2Fproduct_tag&post=1986"}],"curies":[{"name":"wp","href":"https:\/\/api.w.org\/{rel}","templated":true}]}}